{"id":899,"date":"2021-07-30T14:54:04","date_gmt":"2021-07-30T14:54:04","guid":{"rendered":"https:\/\/csdcab.tondesign.ca\/?page_id=899"},"modified":"2021-10-19T11:04:18","modified_gmt":"2021-10-19T15:04:18","slug":"politiques-et-directives-administratives","status":"publish","type":"page","link":"https:\/\/csdcab.ca\/en\/conseil\/politiques-et-directives-administratives\/","title":{"rendered":"Administrative policies and guidelines"},"content":{"rendered":"\t\t<div data-elementor-type=\"wp-page\" data-elementor-id=\"899\" class=\"elementor elementor-899\" data-elementor-post-type=\"page\">\n\t\t\t\t\t\t<section class=\"elementor-section elementor-top-section elementor-element elementor-element-149605c elementor-section-boxed elementor-section-height-default elementor-section-height-default\" data-id=\"149605c\" data-element_type=\"section\" data-e-type=\"section\" data-settings=\"{&quot;jet_parallax_layout_list&quot;:[{&quot;jet_parallax_layout_image&quot;:{&quot;url&quot;:&quot;&quot;,&quot;id&quot;:&quot;&quot;,&quot;size&quot;:&quot;&quot;},&quot;_id&quot;:&quot;ce55657&quot;,&quot;jet_parallax_layout_image_tablet&quot;:{&quot;url&quot;:&quot;&quot;,&quot;id&quot;:&quot;&quot;,&quot;size&quot;:&quot;&quot;},&quot;jet_parallax_layout_image_mobile&quot;:{&quot;url&quot;:&quot;&quot;,&quot;id&quot;:&quot;&quot;,&quot;size&quot;:&quot;&quot;},&quot;jet_parallax_layout_speed&quot;:{&quot;unit&quot;:&quot;%&quot;,&quot;size&quot;:50,&quot;sizes&quot;:[]},&quot;jet_parallax_layout_type&quot;:&quot;scroll&quot;,&quot;jet_parallax_layout_direction&quot;:&quot;1&quot;,&quot;jet_parallax_layout_fx_direction&quot;:null,&quot;jet_parallax_layout_z_index&quot;:&quot;&quot;,&quot;jet_parallax_layout_bg_x&quot;:50,&quot;jet_parallax_layout_bg_x_tablet&quot;:&quot;&quot;,&quot;jet_parallax_layout_bg_x_mobile&quot;:&quot;&quot;,&quot;jet_parallax_layout_bg_y&quot;:50,&quot;jet_parallax_layout_bg_y_tablet&quot;:&quot;&quot;,&quot;jet_parallax_layout_bg_y_mobile&quot;:&quot;&quot;,&quot;jet_parallax_layout_bg_size&quot;:&quot;auto&quot;,&quot;jet_parallax_layout_bg_size_tablet&quot;:&quot;&quot;,&quot;jet_parallax_layout_bg_size_mobile&quot;:&quot;&quot;,&quot;jet_parallax_layout_animation_prop&quot;:&quot;transform&quot;,&quot;jet_parallax_layout_on&quot;:[&quot;desktop&quot;,&quot;tablet&quot;]}]}\">\n\t\t\t\t\t\t<div class=\"elementor-container elementor-column-gap-default\">\n\t\t\t\t\t<div class=\"elementor-column elementor-col-100 elementor-top-column elementor-element elementor-element-5081011\" data-id=\"5081011\" data-element_type=\"column\" data-e-type=\"column\">\n\t\t\t<div class=\"elementor-widget-wrap elementor-element-populated\">\n\t\t\t\t\t\t<div class=\"elementor-element elementor-element-b8e583c elementor-widget elementor-widget-text-editor\" data-id=\"b8e583c\" data-element_type=\"widget\" data-e-type=\"widget\" data-widget_type=\"text-editor.default\">\n\t\t\t\t<div class=\"elementor-widget-container\">\n\t\t\t\t\t\t\t\t\t<p>Veuillez noter que les politiques et directives administratives sont pr\u00e9sent\u00e9es sous forme de PDF non-accessibles. Si vous \u00e9prouvez de la difficult\u00e9 \u00e0 consulter un document, n&rsquo;h\u00e9sitez pas \u00e0 communiquer avec nous.<\/p>\t\t\t\t\t\t\t\t<\/div>\n\t\t\t\t<\/div>\n\t\t\t\t<div class=\"elementor-element elementor-element-0793301 elementor-widget elementor-widget-heading\" data-id=\"0793301\" data-element_type=\"widget\" data-e-type=\"widget\" data-widget_type=\"heading.default\">\n\t\t\t\t<div class=\"elementor-widget-container\">\n\t\t\t\t\t<span class=\"elementor-heading-title elementor-size-default\"><a href=\"\/politiques-et-directives-administratives\/section-a-conseillers-scolaires\">SECTION A - Conseillers scolaires<\/a><\/span>\t\t\t\t<\/div>\n\t\t\t\t<\/div>\n\t\t\t\t<div class=\"elementor-element elementor-element-45a93fe elementor-widget elementor-widget-heading\" data-id=\"45a93fe\" data-element_type=\"widget\" data-e-type=\"widget\" data-widget_type=\"heading.default\">\n\t\t\t\t<div class=\"elementor-widget-container\">\n\t\t\t\t\t<span class=\"elementor-heading-title elementor-size-default\"><a href=\"\/politiques-et-directives-administratives\/section-b-eleves\">SECTION B - \u00c9l\u00e8ves<\/a><\/span>\t\t\t\t<\/div>\n\t\t\t\t<\/div>\n\t\t\t\t<div class=\"elementor-element elementor-element-1b7e426 elementor-widget elementor-widget-heading\" data-id=\"1b7e426\" data-element_type=\"widget\" data-e-type=\"widget\" data-widget_type=\"heading.default\">\n\t\t\t\t<div class=\"elementor-widget-container\">\n\t\t\t\t\t<h2 class=\"elementor-heading-title elementor-size-default\"><a href=\"\/politiques-et-directives-administratives\/section-c-affaires-finances-et-transport\">SECTION C - Affaires, finances et transport<\/a><\/h2>\t\t\t\t<\/div>\n\t\t\t\t<\/div>\n\t\t\t\t<div class=\"elementor-element elementor-element-a7a6ba2 elementor-widget elementor-widget-heading\" data-id=\"a7a6ba2\" data-element_type=\"widget\" data-e-type=\"widget\" data-widget_type=\"heading.default\">\n\t\t\t\t<div class=\"elementor-widget-container\">\n\t\t\t\t\t<h2 class=\"elementor-heading-title elementor-size-default\"><a href=\"\/politiques-et-directives-administratives\/section-d-ressources-humaines\">SECTION D - Ressources humaines<\/a><\/h2>\t\t\t\t<\/div>\n\t\t\t\t<\/div>\n\t\t\t\t<div class=\"elementor-element elementor-element-18f18dc elementor-widget elementor-widget-heading\" data-id=\"18f18dc\" data-element_type=\"widget\" data-e-type=\"widget\" data-widget_type=\"heading.default\">\n\t\t\t\t<div class=\"elementor-widget-container\">\n\t\t\t\t\t<h2 class=\"elementor-heading-title elementor-size-default\"><a href=\"\/politiques-et-directives-administratives\/section-e-technologie-et-informatique\">SECTION E - Technologie et informatique<\/a><\/h2>\t\t\t\t<\/div>\n\t\t\t\t<\/div>\n\t\t\t\t<div class=\"elementor-element elementor-element-a52475b elementor-widget elementor-widget-heading\" data-id=\"a52475b\" data-element_type=\"widget\" data-e-type=\"widget\" data-widget_type=\"heading.default\">\n\t\t\t\t<div class=\"elementor-widget-container\">\n\t\t\t\t\t<h2 class=\"elementor-heading-title elementor-size-default\"><a href=\"\/politiques-et-directives-administratives\/section-f-installations-scolaires-et-entretien\">SECTION F - Installations scolaires et entretien<\/a><\/h2>\t\t\t\t<\/div>\n\t\t\t\t<\/div>\n\t\t\t\t<div class=\"elementor-element elementor-element-c4925c8 elementor-widget elementor-widget-heading\" data-id=\"c4925c8\" data-element_type=\"widget\" data-e-type=\"widget\" data-widget_type=\"heading.default\">\n\t\t\t\t<div class=\"elementor-widget-container\">\n\t\t\t\t\t<h2 class=\"elementor-heading-title elementor-size-default\"><a href=\"\/politiques-et-directives-administratives\/section-g-communications\">SECTION G - Communications<\/a><\/h2>\t\t\t\t<\/div>\n\t\t\t\t<\/div>\n\t\t\t\t\t<\/div>\n\t\t<\/div>\n\t\t\t\t\t<\/div>\n\t\t<\/section>\n\t\t\t\t<\/div>\n\t\t","protected":false},"excerpt":{"rendered":"<p>Veuillez noter que les politiques et directives administratives sont pr\u00e9sent\u00e9es sous forme de PDF non-accessibles. Si vous \u00e9prouvez de la difficult\u00e9 \u00e0 consulter un document, n&rsquo;h\u00e9sitez pas \u00e0 communiquer avec nous. SECTION A &#8211; Conseillers scolaires SECTION B &#8211; \u00c9l\u00e8ves SECTION C &#8211; Affaires, finances et transport SECTION D &#8211; Ressources humaines SECTION E &#8211; [&hellip;]<\/p>\n","protected":false},"author":1,"featured_media":0,"parent":393,"menu_order":1,"comment_status":"closed","ping_status":"closed","template":"elementor_header_footer","meta":{"_mc_calendar":[],"footnotes":""},"class_list":["post-899","page","type-page","status-publish","hentry"],"yoast_head":"<!-- This site is optimized with the Yoast SEO plugin v27.2 - https:\/\/yoast.com\/product\/yoast-seo-wordpress\/ -->\n<title>Politiques et directives administratives - CSDC des Aurores bor\u00e9ales<\/title>\n<meta name=\"robots\" content=\"index, follow, max-snippet:-1, max-image-preview:large, max-video-preview:-1\" \/>\n<link rel=\"canonical\" href=\"https:\/\/csdcab.ca\/en\/conseil\/politiques-et-directives-administratives\/\" \/>\n<meta property=\"og:locale\" content=\"en_US\" \/>\n<meta property=\"og:type\" content=\"article\" \/>\n<meta property=\"og:title\" content=\"Politiques et directives administratives - CSDC des Aurores bor\u00e9ales\" \/>\n<meta property=\"og:description\" content=\"Veuillez noter que les politiques et directives administratives sont pr\u00e9sent\u00e9es sous forme de PDF non-accessibles. Si vous \u00e9prouvez de la difficult\u00e9 \u00e0 consulter un document, n&rsquo;h\u00e9sitez pas \u00e0 communiquer avec nous. SECTION A &#8211; Conseillers scolaires SECTION B &#8211; \u00c9l\u00e8ves SECTION C &#8211; Affaires, finances et transport SECTION D &#8211; Ressources humaines SECTION E &#8211; [&hellip;]\" \/>\n<meta property=\"og:url\" content=\"https:\/\/csdcab.ca\/en\/conseil\/politiques-et-directives-administratives\/\" \/>\n<meta property=\"og:site_name\" content=\"CSDC des Aurores bor\u00e9ales\" \/>\n<meta property=\"article:publisher\" content=\"https:\/\/www.facebook.com\/csdcab\" \/>\n<meta property=\"article:modified_time\" content=\"2021-10-19T15:04:18+00:00\" \/>\n<meta name=\"twitter:card\" content=\"summary_large_image\" \/>\n<meta name=\"twitter:site\" content=\"@csdcab\" \/>\n<script type=\"application\/ld+json\" class=\"yoast-schema-graph\">{\"@context\":\"https:\/\/schema.org\",\"@graph\":[{\"@type\":\"WebPage\",\"@id\":\"https:\/\/csdcab.ca\/conseil\/politiques-et-directives-administratives\/\",\"url\":\"https:\/\/csdcab.ca\/conseil\/politiques-et-directives-administratives\/\",\"name\":\"Politiques et directives administratives - CSDC des Aurores bor\u00e9ales\",\"isPartOf\":{\"@id\":\"https:\/\/csdcab.ca\/en\/#website\"},\"datePublished\":\"2021-07-30T14:54:04+00:00\",\"dateModified\":\"2021-10-19T15:04:18+00:00\",\"breadcrumb\":{\"@id\":\"https:\/\/csdcab.ca\/conseil\/politiques-et-directives-administratives\/#breadcrumb\"},\"inLanguage\":\"en-CA\",\"potentialAction\":[{\"@type\":\"ReadAction\",\"target\":[\"https:\/\/csdcab.ca\/conseil\/politiques-et-directives-administratives\/\"]}]},{\"@type\":\"BreadcrumbList\",\"@id\":\"https:\/\/csdcab.ca\/conseil\/politiques-et-directives-administratives\/#breadcrumb\",\"itemListElement\":[{\"@type\":\"ListItem\",\"position\":1,\"name\":\"Accueil\",\"item\":\"https:\/\/csdcab.ca\/\"},{\"@type\":\"ListItem\",\"position\":2,\"name\":\"Conseil\",\"item\":\"https:\/\/csdcab.ca\/conseil\/\"},{\"@type\":\"ListItem\",\"position\":3,\"name\":\"Politiques et directives administratives\"}]},{\"@type\":\"WebSite\",\"@id\":\"https:\/\/csdcab.ca\/en\/#website\",\"url\":\"https:\/\/csdcab.ca\/en\/\",\"name\":\"CSDC des Aurores bor\u00e9ales\",\"description\":\"CSDC des Aurores bor\u00e9ales\",\"publisher\":{\"@id\":\"https:\/\/csdcab.ca\/en\/#organization\"},\"potentialAction\":[{\"@type\":\"SearchAction\",\"target\":{\"@type\":\"EntryPoint\",\"urlTemplate\":\"https:\/\/csdcab.ca\/en\/?s={search_term_string}\"},\"query-input\":{\"@type\":\"PropertyValueSpecification\",\"valueRequired\":true,\"valueName\":\"search_term_string\"}}],\"inLanguage\":\"en-CA\"},{\"@type\":\"Organization\",\"@id\":\"https:\/\/csdcab.ca\/en\/#organization\",\"name\":\"CSDC des Aurores bor\u00e9ales\",\"url\":\"https:\/\/csdcab.ca\/en\/\",\"logo\":{\"@type\":\"ImageObject\",\"inLanguage\":\"en-CA\",\"@id\":\"https:\/\/csdcab.ca\/en\/#\/schema\/logo\/image\/\",\"url\":\"https:\/\/csdcab.ca\/wp-content\/uploads\/2021\/07\/logo_conseil.svg\",\"contentUrl\":\"https:\/\/csdcab.ca\/wp-content\/uploads\/2021\/07\/logo_conseil.svg\",\"width\":396.39,\"height\":107.15,\"caption\":\"CSDC des Aurores bor\u00e9ales\"},\"image\":{\"@id\":\"https:\/\/csdcab.ca\/en\/#\/schema\/logo\/image\/\"},\"sameAs\":[\"https:\/\/www.facebook.com\/csdcab\",\"https:\/\/x.com\/csdcab\",\"https:\/\/www.youtube.com\/channel\/UCTWQOPC_Kh8GvED-3AuBqZQ\"]}]}<\/script>\n<!-- \/ Yoast SEO plugin. -->","yoast_head_json":{"title":"Administrative policies and guidelines - CSDC des Aurores bor\u00e9ales","robots":{"index":"index","follow":"follow","max-snippet":"max-snippet:-1","max-image-preview":"max-image-preview:large","max-video-preview":"max-video-preview:-1"},"canonical":"https:\/\/csdcab.ca\/en\/conseil\/politiques-et-directives-administratives\/","og_locale":"en_US","og_type":"article","og_title":"Politiques et directives administratives - CSDC des Aurores bor\u00e9ales","og_description":"Veuillez noter que les politiques et directives administratives sont pr\u00e9sent\u00e9es sous forme de PDF non-accessibles. Si vous \u00e9prouvez de la difficult\u00e9 \u00e0 consulter un document, n&rsquo;h\u00e9sitez pas \u00e0 communiquer avec nous. SECTION A &#8211; Conseillers scolaires SECTION B &#8211; \u00c9l\u00e8ves SECTION C &#8211; Affaires, finances et transport SECTION D &#8211; Ressources humaines SECTION E &#8211; [&hellip;]","og_url":"https:\/\/csdcab.ca\/en\/conseil\/politiques-et-directives-administratives\/","og_site_name":"CSDC des Aurores bor\u00e9ales","article_publisher":"https:\/\/www.facebook.com\/csdcab","article_modified_time":"2021-10-19T15:04:18+00:00","twitter_card":"summary_large_image","twitter_site":"@csdcab","schema":{"@context":"https:\/\/schema.org","@graph":[{"@type":"WebPage","@id":"https:\/\/csdcab.ca\/conseil\/politiques-et-directives-administratives\/","url":"https:\/\/csdcab.ca\/conseil\/politiques-et-directives-administratives\/","name":"Administrative policies and guidelines - CSDC des Aurores bor\u00e9ales","isPartOf":{"@id":"https:\/\/csdcab.ca\/en\/#website"},"datePublished":"2021-07-30T14:54:04+00:00","dateModified":"2021-10-19T15:04:18+00:00","breadcrumb":{"@id":"https:\/\/csdcab.ca\/conseil\/politiques-et-directives-administratives\/#breadcrumb"},"inLanguage":"en-CA","potentialAction":[{"@type":"ReadAction","target":["https:\/\/csdcab.ca\/conseil\/politiques-et-directives-administratives\/"]}]},{"@type":"BreadcrumbList","@id":"https:\/\/csdcab.ca\/conseil\/politiques-et-directives-administratives\/#breadcrumb","itemListElement":[{"@type":"ListItem","position":1,"name":"Accueil","item":"https:\/\/csdcab.ca\/"},{"@type":"ListItem","position":2,"name":"Conseil","item":"https:\/\/csdcab.ca\/conseil\/"},{"@type":"ListItem","position":3,"name":"Politiques et directives administratives"}]},{"@type":"WebSite","@id":"https:\/\/csdcab.ca\/en\/#website","url":"https:\/\/csdcab.ca\/en\/","name":"Northern Lights CSDC","description":"Northern Lights CSDC","publisher":{"@id":"https:\/\/csdcab.ca\/en\/#organization"},"potentialAction":[{"@type":"SearchAction","target":{"@type":"EntryPoint","urlTemplate":"https:\/\/csdcab.ca\/en\/?s={search_term_string}"},"query-input":{"@type":"PropertyValueSpecification","valueRequired":true,"valueName":"search_term_string"}}],"inLanguage":"en-CA"},{"@type":"Organization","@id":"https:\/\/csdcab.ca\/en\/#organization","name":"Northern Lights CSDC","url":"https:\/\/csdcab.ca\/en\/","logo":{"@type":"ImageObject","inLanguage":"en-CA","@id":"https:\/\/csdcab.ca\/en\/#\/schema\/logo\/image\/","url":"https:\/\/csdcab.ca\/wp-content\/uploads\/2021\/07\/logo_conseil.svg","contentUrl":"https:\/\/csdcab.ca\/wp-content\/uploads\/2021\/07\/logo_conseil.svg","width":396.39,"height":107.15,"caption":"CSDC des Aurores bor\u00e9ales"},"image":{"@id":"https:\/\/csdcab.ca\/en\/#\/schema\/logo\/image\/"},"sameAs":["https:\/\/www.facebook.com\/csdcab","https:\/\/x.com\/csdcab","https:\/\/www.youtube.com\/channel\/UCTWQOPC_Kh8GvED-3AuBqZQ"]}]}},"publishpress_future_workflow_manual_trigger":{"enabledWorkflows":[]},"_links":{"self":[{"href":"https:\/\/csdcab.ca\/en\/wp-json\/wp\/v2\/pages\/899","targetHints":{"allow":["GET"]}}],"collection":[{"href":"https:\/\/csdcab.ca\/en\/wp-json\/wp\/v2\/pages"}],"about":[{"href":"https:\/\/csdcab.ca\/en\/wp-json\/wp\/v2\/types\/page"}],"author":[{"embeddable":true,"href":"https:\/\/csdcab.ca\/en\/wp-json\/wp\/v2\/users\/1"}],"replies":[{"embeddable":true,"href":"https:\/\/csdcab.ca\/en\/wp-json\/wp\/v2\/comments?post=899"}],"version-history":[{"count":0,"href":"https:\/\/csdcab.ca\/en\/wp-json\/wp\/v2\/pages\/899\/revisions"}],"up":[{"embeddable":true,"href":"https:\/\/csdcab.ca\/en\/wp-json\/wp\/v2\/pages\/393"}],"wp:attachment":[{"href":"https:\/\/csdcab.ca\/en\/wp-json\/wp\/v2\/media?parent=899"}],"curies":[{"name":"wp","href":"https:\/\/api.w.org\/{rel}","templated":true}]}}