{"id":5080,"date":"2021-09-08T13:44:47","date_gmt":"2021-09-08T13:44:47","guid":{"rendered":"https:\/\/csdcab.tondesign.ca\/?page_id=5080"},"modified":"2026-02-10T14:55:19","modified_gmt":"2026-02-10T19:55:19","slug":"garderie","status":"publish","type":"page","link":"https:\/\/csdcab.ca\/en\/parents\/garderie\/","title":{"rendered":"Daycare"},"content":{"rendered":"\t\t<div data-elementor-type=\"wp-page\" data-elementor-id=\"5080\" class=\"elementor elementor-5080\" data-elementor-post-type=\"page\">\n\t\t\t\t\t\t<section class=\"elementor-section elementor-top-section elementor-element elementor-element-20e6a8bb elementor-section-boxed elementor-section-height-default elementor-section-height-default\" data-id=\"20e6a8bb\" data-element_type=\"section\" data-e-type=\"section\" data-settings=\"{&quot;jet_parallax_layout_list&quot;:[{&quot;jet_parallax_layout_image&quot;:{&quot;url&quot;:&quot;&quot;,&quot;id&quot;:&quot;&quot;,&quot;size&quot;:&quot;&quot;},&quot;_id&quot;:&quot;0f122b3&quot;,&quot;jet_parallax_layout_image_tablet&quot;:{&quot;url&quot;:&quot;&quot;,&quot;id&quot;:&quot;&quot;,&quot;size&quot;:&quot;&quot;},&quot;jet_parallax_layout_image_mobile&quot;:{&quot;url&quot;:&quot;&quot;,&quot;id&quot;:&quot;&quot;,&quot;size&quot;:&quot;&quot;},&quot;jet_parallax_layout_speed&quot;:{&quot;unit&quot;:&quot;%&quot;,&quot;size&quot;:50,&quot;sizes&quot;:[]},&quot;jet_parallax_layout_type&quot;:&quot;scroll&quot;,&quot;jet_parallax_layout_direction&quot;:&quot;1&quot;,&quot;jet_parallax_layout_fx_direction&quot;:null,&quot;jet_parallax_layout_z_index&quot;:&quot;&quot;,&quot;jet_parallax_layout_bg_x&quot;:50,&quot;jet_parallax_layout_bg_x_tablet&quot;:&quot;&quot;,&quot;jet_parallax_layout_bg_x_mobile&quot;:&quot;&quot;,&quot;jet_parallax_layout_bg_y&quot;:50,&quot;jet_parallax_layout_bg_y_tablet&quot;:&quot;&quot;,&quot;jet_parallax_layout_bg_y_mobile&quot;:&quot;&quot;,&quot;jet_parallax_layout_bg_size&quot;:&quot;auto&quot;,&quot;jet_parallax_layout_bg_size_tablet&quot;:&quot;&quot;,&quot;jet_parallax_layout_bg_size_mobile&quot;:&quot;&quot;,&quot;jet_parallax_layout_animation_prop&quot;:&quot;transform&quot;,&quot;jet_parallax_layout_on&quot;:[&quot;desktop&quot;,&quot;tablet&quot;]}]}\">\n\t\t\t\t\t\t<div class=\"elementor-container elementor-column-gap-no\">\n\t\t\t\t\t<div class=\"elementor-column elementor-col-50 elementor-top-column elementor-element elementor-element-3f246a96\" data-id=\"3f246a96\" data-element_type=\"column\" data-e-type=\"column\">\n\t\t\t<div class=\"elementor-widget-wrap elementor-element-populated\">\n\t\t\t\t\t\t<div class=\"elementor-element elementor-element-49646e7a elementor-widget elementor-widget-text-editor\" data-id=\"49646e7a\" data-element_type=\"widget\" data-e-type=\"widget\" data-widget_type=\"text-editor.default\">\n\t\t\t\t<div class=\"elementor-widget-container\">\n\t\t\t\t\t\t\t\t\t<p>Plusieurs organismes offrent des services de garde et des programmes en fran\u00e7ais aux familles francophones et francophiles de la r\u00e9gion\u00a0:<\/p><p>\u00a0<\/p><p>Garderie francophone \u00e0 Thunder Bay (16 places) :<\/p><p><a href=\"https:\/\/gw.micro-acces.com\/centregrandirenfrancais\/Publique\/Accueil.aspx\" target=\"_blank\" rel=\"noopener\">Centre Grandir en fran\u00e7ais<\/a>\u00a0(<a href=\"https:\/\/www.facebook.com\/centregrandirenfrancais\" target=\"_blank\" rel=\"noopener\">Facebook<i class=\"fas fa-external-link-alt\"><\/i><\/a>)<\/p><p>\u00a0<\/p><p>Garderie bilingue \u00e0 Longlac (18 places) :\u00a0<\/p><p><a href=\"https:\/\/www.greenstone.ca\/living-here\/childcare-and-support\/childcare-centres\/\" target=\"_blank\" rel=\"noopener\">Les Amis du Nord\/Friends of the North<\/a><\/p><p>\u00a0<\/p><p>Afin d&rsquo;obtenir une place dans le district de Thunder Bay (Geraldton, Longlac, Marathon, Thunder Bay), vous devez vous inscrire \u00e0 la liste unique g\u00e9r\u00e9e par le District of Thunder Bay Social Services Administration Board.<br \/>&gt;&gt; <a href=\"https:\/\/thunderbay.onehsn.com\/\" target=\"_blank\" rel=\"noopener\">En savoir plus<\/a> (<a href=\"https:\/\/gw.micro-acces.com\/Pdfs\/Telecharger.aspx?DocumentId=75306&amp;DocumentKey=3ad44e3e-0b52-4550-8182-4c4026b59330\" target=\"_blank\" rel=\"noopener\">PDF en fran\u00e7ais<\/a>)<\/p>\t\t\t\t\t\t\t\t<\/div>\n\t\t\t\t<\/div>\n\t\t\t\t\t<\/div>\n\t\t<\/div>\n\t\t\t\t<div class=\"elementor-column elementor-col-50 elementor-top-column elementor-element elementor-element-6fd6fc63\" data-id=\"6fd6fc63\" data-element_type=\"column\" data-e-type=\"column\" data-settings=\"{&quot;background_background&quot;:&quot;classic&quot;}\">\n\t\t\t<div class=\"elementor-widget-wrap elementor-element-populated\">\n\t\t\t\t\t\t<div class=\"elementor-element elementor-element-77d314af elementor-widget elementor-widget-spacer\" data-id=\"77d314af\" data-element_type=\"widget\" data-e-type=\"widget\" data-widget_type=\"spacer.default\">\n\t\t\t\t<div class=\"elementor-widget-container\">\n\t\t\t\t\t\t\t<div class=\"elementor-spacer\">\n\t\t\t<div class=\"elementor-spacer-inner\"><\/div>\n\t\t<\/div>\n\t\t\t\t\t\t<\/div>\n\t\t\t\t<\/div>\n\t\t\t\t\t<\/div>\n\t\t<\/div>\n\t\t\t\t\t<\/div>\n\t\t<\/section>\n\t\t\t\t<\/div>\n\t\t","protected":false},"excerpt":{"rendered":"<p>Plusieurs organismes offrent des services de garde et des programmes en fran\u00e7ais aux familles francophones et francophiles de la r\u00e9gion\u00a0: \u00a0 Garderie francophone \u00e0 Thunder Bay (16 places) : Centre Grandir en fran\u00e7ais\u00a0(Facebook) \u00a0 Garderie bilingue \u00e0 Longlac (18 places) :\u00a0 Les Amis du Nord\/Friends of the North \u00a0 Afin d&rsquo;obtenir une place dans le [&hellip;]<\/p>\n","protected":false},"author":1,"featured_media":0,"parent":764,"menu_order":1,"comment_status":"closed","ping_status":"closed","template":"elementor_header_footer","meta":{"_mc_calendar":[],"footnotes":""},"class_list":["post-5080","page","type-page","status-publish","hentry"],"yoast_head":"<!-- This site is optimized with the Yoast SEO plugin v27.4 - https:\/\/yoast.com\/product\/yoast-seo-wordpress\/ -->\n<title>Garderie - CSDC des Aurores bor\u00e9ales<\/title>\n<meta name=\"robots\" content=\"index, follow, max-snippet:-1, max-image-preview:large, max-video-preview:-1\" \/>\n<link rel=\"canonical\" href=\"https:\/\/csdcab.ca\/en\/parents\/garderie\/\" \/>\n<meta property=\"og:locale\" content=\"en_US\" \/>\n<meta property=\"og:type\" content=\"article\" \/>\n<meta property=\"og:title\" content=\"Garderie - CSDC des Aurores bor\u00e9ales\" \/>\n<meta property=\"og:description\" content=\"Plusieurs organismes offrent des services de garde et des programmes en fran\u00e7ais aux familles francophones et francophiles de la r\u00e9gion\u00a0: \u00a0 Garderie francophone \u00e0 Thunder Bay (16 places) : Centre Grandir en fran\u00e7ais\u00a0(Facebook) \u00a0 Garderie bilingue \u00e0 Longlac (18 places) :\u00a0 Les Amis du Nord\/Friends of the North \u00a0 Afin d&rsquo;obtenir une place dans le [&hellip;]\" \/>\n<meta property=\"og:url\" content=\"https:\/\/csdcab.ca\/en\/parents\/garderie\/\" \/>\n<meta property=\"og:site_name\" content=\"CSDC des Aurores bor\u00e9ales\" \/>\n<meta property=\"article:publisher\" content=\"https:\/\/www.facebook.com\/csdcab\" \/>\n<meta property=\"article:modified_time\" content=\"2026-02-10T19:55:19+00:00\" \/>\n<meta name=\"twitter:card\" content=\"summary_large_image\" \/>\n<meta name=\"twitter:site\" content=\"@csdcab\" \/>\n<meta name=\"twitter:label1\" content=\"Est. reading time\" \/>\n\t<meta name=\"twitter:data1\" content=\"1 minute\" \/>\n<script type=\"application\/ld+json\" class=\"yoast-schema-graph\">{\"@context\":\"https:\\\/\\\/schema.org\",\"@graph\":[{\"@type\":\"WebPage\",\"@id\":\"https:\\\/\\\/csdcab.ca\\\/parents\\\/garderie\\\/\",\"url\":\"https:\\\/\\\/csdcab.ca\\\/parents\\\/garderie\\\/\",\"name\":\"Garderie - CSDC des Aurores bor\u00e9ales\",\"isPartOf\":{\"@id\":\"https:\\\/\\\/csdcab.ca\\\/en\\\/#website\"},\"datePublished\":\"2021-09-08T13:44:47+00:00\",\"dateModified\":\"2026-02-10T19:55:19+00:00\",\"breadcrumb\":{\"@id\":\"https:\\\/\\\/csdcab.ca\\\/parents\\\/garderie\\\/#breadcrumb\"},\"inLanguage\":\"en-CA\",\"potentialAction\":[{\"@type\":\"ReadAction\",\"target\":[\"https:\\\/\\\/csdcab.ca\\\/parents\\\/garderie\\\/\"]}]},{\"@type\":\"BreadcrumbList\",\"@id\":\"https:\\\/\\\/csdcab.ca\\\/parents\\\/garderie\\\/#breadcrumb\",\"itemListElement\":[{\"@type\":\"ListItem\",\"position\":1,\"name\":\"Accueil\",\"item\":\"https:\\\/\\\/csdcab.ca\\\/\"},{\"@type\":\"ListItem\",\"position\":2,\"name\":\"Parents\",\"item\":\"https:\\\/\\\/csdcab.ca\\\/parents\\\/\"},{\"@type\":\"ListItem\",\"position\":3,\"name\":\"Garderie\"}]},{\"@type\":\"WebSite\",\"@id\":\"https:\\\/\\\/csdcab.ca\\\/en\\\/#website\",\"url\":\"https:\\\/\\\/csdcab.ca\\\/en\\\/\",\"name\":\"CSDC des Aurores bor\u00e9ales\",\"description\":\"CSDC des Aurores bor\u00e9ales\",\"publisher\":{\"@id\":\"https:\\\/\\\/csdcab.ca\\\/en\\\/#organization\"},\"potentialAction\":[{\"@type\":\"SearchAction\",\"target\":{\"@type\":\"EntryPoint\",\"urlTemplate\":\"https:\\\/\\\/csdcab.ca\\\/en\\\/?s={search_term_string}\"},\"query-input\":{\"@type\":\"PropertyValueSpecification\",\"valueRequired\":true,\"valueName\":\"search_term_string\"}}],\"inLanguage\":\"en-CA\"},{\"@type\":\"Organization\",\"@id\":\"https:\\\/\\\/csdcab.ca\\\/en\\\/#organization\",\"name\":\"CSDC des Aurores bor\u00e9ales\",\"url\":\"https:\\\/\\\/csdcab.ca\\\/en\\\/\",\"logo\":{\"@type\":\"ImageObject\",\"inLanguage\":\"en-CA\",\"@id\":\"https:\\\/\\\/csdcab.ca\\\/en\\\/#\\\/schema\\\/logo\\\/image\\\/\",\"url\":\"https:\\\/\\\/csdcab.ca\\\/wp-content\\\/uploads\\\/2021\\\/07\\\/logo_conseil.svg\",\"contentUrl\":\"https:\\\/\\\/csdcab.ca\\\/wp-content\\\/uploads\\\/2021\\\/07\\\/logo_conseil.svg\",\"width\":396.39,\"height\":107.15,\"caption\":\"CSDC des Aurores bor\u00e9ales\"},\"image\":{\"@id\":\"https:\\\/\\\/csdcab.ca\\\/en\\\/#\\\/schema\\\/logo\\\/image\\\/\"},\"sameAs\":[\"https:\\\/\\\/www.facebook.com\\\/csdcab\",\"https:\\\/\\\/x.com\\\/csdcab\",\"https:\\\/\\\/www.youtube.com\\\/channel\\\/UCTWQOPC_Kh8GvED-3AuBqZQ\"]}]}<\/script>\n<!-- \/ Yoast SEO plugin. -->","yoast_head_json":{"title":"Daycare - Aurores bor\u00e9ales CSDC","robots":{"index":"index","follow":"follow","max-snippet":"max-snippet:-1","max-image-preview":"max-image-preview:large","max-video-preview":"max-video-preview:-1"},"canonical":"https:\/\/csdcab.ca\/en\/parents\/garderie\/","og_locale":"en_US","og_type":"article","og_title":"Garderie - CSDC des Aurores bor\u00e9ales","og_description":"Plusieurs organismes offrent des services de garde et des programmes en fran\u00e7ais aux familles francophones et francophiles de la r\u00e9gion\u00a0: \u00a0 Garderie francophone \u00e0 Thunder Bay (16 places) : Centre Grandir en fran\u00e7ais\u00a0(Facebook) \u00a0 Garderie bilingue \u00e0 Longlac (18 places) :\u00a0 Les Amis du Nord\/Friends of the North \u00a0 Afin d&rsquo;obtenir une place dans le [&hellip;]","og_url":"https:\/\/csdcab.ca\/en\/parents\/garderie\/","og_site_name":"CSDC des Aurores bor\u00e9ales","article_publisher":"https:\/\/www.facebook.com\/csdcab","article_modified_time":"2026-02-10T19:55:19+00:00","twitter_card":"summary_large_image","twitter_site":"@csdcab","twitter_misc":{"Est. reading time":"1 minute"},"schema":{"@context":"https:\/\/schema.org","@graph":[{"@type":"WebPage","@id":"https:\/\/csdcab.ca\/parents\/garderie\/","url":"https:\/\/csdcab.ca\/parents\/garderie\/","name":"Daycare - Aurores bor\u00e9ales CSDC","isPartOf":{"@id":"https:\/\/csdcab.ca\/en\/#website"},"datePublished":"2021-09-08T13:44:47+00:00","dateModified":"2026-02-10T19:55:19+00:00","breadcrumb":{"@id":"https:\/\/csdcab.ca\/parents\/garderie\/#breadcrumb"},"inLanguage":"en-CA","potentialAction":[{"@type":"ReadAction","target":["https:\/\/csdcab.ca\/parents\/garderie\/"]}]},{"@type":"BreadcrumbList","@id":"https:\/\/csdcab.ca\/parents\/garderie\/#breadcrumb","itemListElement":[{"@type":"ListItem","position":1,"name":"Accueil","item":"https:\/\/csdcab.ca\/"},{"@type":"ListItem","position":2,"name":"Parents","item":"https:\/\/csdcab.ca\/parents\/"},{"@type":"ListItem","position":3,"name":"Garderie"}]},{"@type":"WebSite","@id":"https:\/\/csdcab.ca\/en\/#website","url":"https:\/\/csdcab.ca\/en\/","name":"Northern Lights CSDC","description":"Northern Lights CSDC","publisher":{"@id":"https:\/\/csdcab.ca\/en\/#organization"},"potentialAction":[{"@type":"SearchAction","target":{"@type":"EntryPoint","urlTemplate":"https:\/\/csdcab.ca\/en\/?s={search_term_string}"},"query-input":{"@type":"PropertyValueSpecification","valueRequired":true,"valueName":"search_term_string"}}],"inLanguage":"en-CA"},{"@type":"Organization","@id":"https:\/\/csdcab.ca\/en\/#organization","name":"Northern Lights CSDC","url":"https:\/\/csdcab.ca\/en\/","logo":{"@type":"ImageObject","inLanguage":"en-CA","@id":"https:\/\/csdcab.ca\/en\/#\/schema\/logo\/image\/","url":"https:\/\/csdcab.ca\/wp-content\/uploads\/2021\/07\/logo_conseil.svg","contentUrl":"https:\/\/csdcab.ca\/wp-content\/uploads\/2021\/07\/logo_conseil.svg","width":396.39,"height":107.15,"caption":"CSDC des Aurores bor\u00e9ales"},"image":{"@id":"https:\/\/csdcab.ca\/en\/#\/schema\/logo\/image\/"},"sameAs":["https:\/\/www.facebook.com\/csdcab","https:\/\/x.com\/csdcab","https:\/\/www.youtube.com\/channel\/UCTWQOPC_Kh8GvED-3AuBqZQ"]}]}},"publishpress_future_workflow_manual_trigger":{"enabledWorkflows":[]},"_links":{"self":[{"href":"https:\/\/csdcab.ca\/en\/wp-json\/wp\/v2\/pages\/5080","targetHints":{"allow":["GET"]}}],"collection":[{"href":"https:\/\/csdcab.ca\/en\/wp-json\/wp\/v2\/pages"}],"about":[{"href":"https:\/\/csdcab.ca\/en\/wp-json\/wp\/v2\/types\/page"}],"author":[{"embeddable":true,"href":"https:\/\/csdcab.ca\/en\/wp-json\/wp\/v2\/users\/1"}],"replies":[{"embeddable":true,"href":"https:\/\/csdcab.ca\/en\/wp-json\/wp\/v2\/comments?post=5080"}],"version-history":[{"count":6,"href":"https:\/\/csdcab.ca\/en\/wp-json\/wp\/v2\/pages\/5080\/revisions"}],"predecessor-version":[{"id":28464,"href":"https:\/\/csdcab.ca\/en\/wp-json\/wp\/v2\/pages\/5080\/revisions\/28464"}],"up":[{"embeddable":true,"href":"https:\/\/csdcab.ca\/en\/wp-json\/wp\/v2\/pages\/764"}],"wp:attachment":[{"href":"https:\/\/csdcab.ca\/en\/wp-json\/wp\/v2\/media?parent=5080"}],"curies":[{"name":"wp","href":"https:\/\/api.w.org\/{rel}","templated":true}]}}