{"id":5004,"date":"2021-09-07T20:13:59","date_gmt":"2021-09-07T20:13:59","guid":{"rendered":"https:\/\/csdcab.tondesign.ca\/?page_id=5004"},"modified":"2026-01-08T14:56:24","modified_gmt":"2026-01-08T19:56:24","slug":"reussite-de-leleve","status":"publish","type":"page","link":"https:\/\/csdcab.ca\/en\/parents\/reussite-de-leleve\/","title":{"rendered":"Student Success"},"content":{"rendered":"\t\t<div data-elementor-type=\"wp-page\" data-elementor-id=\"5004\" class=\"elementor elementor-5004\" data-elementor-post-type=\"page\">\n\t\t\t\t\t\t<section class=\"elementor-section elementor-top-section elementor-element elementor-element-5c9484d elementor-section-boxed elementor-section-height-default elementor-section-height-default\" data-id=\"5c9484d\" data-element_type=\"section\" data-e-type=\"section\" data-settings=\"{&quot;jet_parallax_layout_list&quot;:[{&quot;jet_parallax_layout_image&quot;:{&quot;url&quot;:&quot;&quot;,&quot;id&quot;:&quot;&quot;,&quot;size&quot;:&quot;&quot;},&quot;_id&quot;:&quot;0f122b3&quot;,&quot;jet_parallax_layout_image_tablet&quot;:{&quot;url&quot;:&quot;&quot;,&quot;id&quot;:&quot;&quot;,&quot;size&quot;:&quot;&quot;},&quot;jet_parallax_layout_image_mobile&quot;:{&quot;url&quot;:&quot;&quot;,&quot;id&quot;:&quot;&quot;,&quot;size&quot;:&quot;&quot;},&quot;jet_parallax_layout_speed&quot;:{&quot;unit&quot;:&quot;%&quot;,&quot;size&quot;:50,&quot;sizes&quot;:[]},&quot;jet_parallax_layout_type&quot;:&quot;scroll&quot;,&quot;jet_parallax_layout_direction&quot;:&quot;1&quot;,&quot;jet_parallax_layout_fx_direction&quot;:null,&quot;jet_parallax_layout_z_index&quot;:&quot;&quot;,&quot;jet_parallax_layout_bg_x&quot;:50,&quot;jet_parallax_layout_bg_x_tablet&quot;:&quot;&quot;,&quot;jet_parallax_layout_bg_x_mobile&quot;:&quot;&quot;,&quot;jet_parallax_layout_bg_y&quot;:50,&quot;jet_parallax_layout_bg_y_tablet&quot;:&quot;&quot;,&quot;jet_parallax_layout_bg_y_mobile&quot;:&quot;&quot;,&quot;jet_parallax_layout_bg_size&quot;:&quot;auto&quot;,&quot;jet_parallax_layout_bg_size_tablet&quot;:&quot;&quot;,&quot;jet_parallax_layout_bg_size_mobile&quot;:&quot;&quot;,&quot;jet_parallax_layout_animation_prop&quot;:&quot;transform&quot;,&quot;jet_parallax_layout_on&quot;:[&quot;desktop&quot;,&quot;tablet&quot;]}]}\">\n\t\t\t\t\t\t<div class=\"elementor-container elementor-column-gap-no\">\n\t\t\t\t\t<div class=\"elementor-column elementor-col-50 elementor-top-column elementor-element elementor-element-6efcd887\" data-id=\"6efcd887\" data-element_type=\"column\" data-e-type=\"column\">\n\t\t\t<div class=\"elementor-widget-wrap elementor-element-populated\">\n\t\t\t\t\t\t<div class=\"elementor-element elementor-element-12f4a06a elementor-widget elementor-widget-text-editor\" data-id=\"12f4a06a\" data-element_type=\"widget\" data-e-type=\"widget\" data-widget_type=\"text-editor.default\">\n\t\t\t\t<div class=\"elementor-widget-container\">\n\t\t\t\t\t\t\t\t\t<p><span data-teams=\"true\">Au CSDC des Aurores bor\u00e9ales, nous reconnaissons que les parents sont au c\u0153ur du cheminement scolaire de leur enfant et en constituent le premier appui. Des programmes de soutien et des ressources adapt\u00e9s sont mis en place pour aider les parents \u00e0 accompagner leurs enfants \u00e0 la maison.<\/span><\/p>\t\t\t\t\t\t\t\t<\/div>\n\t\t\t\t<\/div>\n\t\t\t\t\t<\/div>\n\t\t<\/div>\n\t\t\t\t<div class=\"elementor-column elementor-col-50 elementor-top-column elementor-element elementor-element-53d1067d\" data-id=\"53d1067d\" data-element_type=\"column\" data-e-type=\"column\" data-settings=\"{&quot;background_background&quot;:&quot;classic&quot;}\">\n\t\t\t<div class=\"elementor-widget-wrap elementor-element-populated\">\n\t\t\t\t\t\t<div class=\"elementor-element elementor-element-4461558b elementor-widget elementor-widget-spacer\" data-id=\"4461558b\" data-element_type=\"widget\" data-e-type=\"widget\" data-widget_type=\"spacer.default\">\n\t\t\t\t<div class=\"elementor-widget-container\">\n\t\t\t\t\t\t\t<div class=\"elementor-spacer\">\n\t\t\t<div class=\"elementor-spacer-inner\"><\/div>\n\t\t<\/div>\n\t\t\t\t\t\t<\/div>\n\t\t\t\t<\/div>\n\t\t\t\t\t<\/div>\n\t\t<\/div>\n\t\t\t\t\t<\/div>\n\t\t<\/section>\n\t\t\t\t<section class=\"elementor-section elementor-top-section elementor-element elementor-element-bce3bed elementor-section-boxed elementor-section-height-default elementor-section-height-default\" data-id=\"bce3bed\" data-element_type=\"section\" data-e-type=\"section\" data-settings=\"{&quot;jet_parallax_layout_list&quot;:[]}\">\n\t\t\t\t\t\t<div class=\"elementor-container elementor-column-gap-default\">\n\t\t\t\t\t<div class=\"elementor-column elementor-col-100 elementor-top-column elementor-element elementor-element-52e7b81\" data-id=\"52e7b81\" data-element_type=\"column\" data-e-type=\"column\">\n\t\t\t<div class=\"elementor-widget-wrap elementor-element-populated\">\n\t\t\t\t\t\t<div class=\"elementor-element elementor-element-a9ed60a elementor-widget elementor-widget-spacer\" data-id=\"a9ed60a\" data-element_type=\"widget\" data-e-type=\"widget\" data-widget_type=\"spacer.default\">\n\t\t\t\t<div class=\"elementor-widget-container\">\n\t\t\t\t\t\t\t<div class=\"elementor-spacer\">\n\t\t\t<div class=\"elementor-spacer-inner\"><\/div>\n\t\t<\/div>\n\t\t\t\t\t\t<\/div>\n\t\t\t\t<\/div>\n\t\t\t\t\t<\/div>\n\t\t<\/div>\n\t\t\t\t\t<\/div>\n\t\t<\/section>\n\t\t\t\t<section class=\"elementor-section elementor-top-section elementor-element elementor-element-45258d3 elementor-section-boxed elementor-section-height-default elementor-section-height-default\" data-id=\"45258d3\" data-element_type=\"section\" data-e-type=\"section\" data-settings=\"{&quot;jet_parallax_layout_list&quot;:[],&quot;background_background&quot;:&quot;classic&quot;}\">\n\t\t\t\t\t\t<div class=\"elementor-container elementor-column-gap-default\">\n\t\t\t\t\t<div class=\"elementor-column elementor-col-100 elementor-top-column elementor-element elementor-element-6be7ab4\" data-id=\"6be7ab4\" data-element_type=\"column\" data-e-type=\"column\">\n\t\t\t<div class=\"elementor-widget-wrap elementor-element-populated\">\n\t\t\t\t\t\t<div class=\"elementor-element elementor-element-7cc250a elementor-widget elementor-widget-heading\" data-id=\"7cc250a\" data-element_type=\"widget\" data-e-type=\"widget\" data-widget_type=\"heading.default\">\n\t\t\t\t<div class=\"elementor-widget-container\">\n\t\t\t\t\t<h3 class=\"elementor-heading-title elementor-size-default\">Eur\u00eaka, service d\u2019aide \u00e0 l\u2019apprentissage<\/h3>\t\t\t\t<\/div>\n\t\t\t\t<\/div>\n\t\t\t\t<section class=\"elementor-section elementor-inner-section elementor-element elementor-element-9416715 elementor-section-boxed elementor-section-height-default elementor-section-height-default\" data-id=\"9416715\" data-element_type=\"section\" data-e-type=\"section\" data-settings=\"{&quot;jet_parallax_layout_list&quot;:[]}\">\n\t\t\t\t\t\t<div class=\"elementor-container elementor-column-gap-default\">\n\t\t\t\t\t<div class=\"elementor-column elementor-col-50 elementor-inner-column elementor-element elementor-element-4099d82\" data-id=\"4099d82\" data-element_type=\"column\" data-e-type=\"column\">\n\t\t\t<div class=\"elementor-widget-wrap elementor-element-populated\">\n\t\t\t\t\t\t<div class=\"elementor-element elementor-element-c9d298d elementor-widget elementor-widget-image\" data-id=\"c9d298d\" data-element_type=\"widget\" data-e-type=\"widget\" data-widget_type=\"image.default\">\n\t\t\t\t<div class=\"elementor-widget-container\">\n\t\t\t\t\t\t\t\t\t\t\t\t\t\t\t\t<a href=\"https:\/\/csdcab.ca\/wp-content\/uploads\/2026\/01\/Eureka-2025-1.jpg\" data-elementor-open-lightbox=\"yes\" data-elementor-lightbox-title=\"Eureka 2025 (1)\" data-e-action-hash=\"#elementor-action%3Aaction%3Dlightbox%26settings%3DeyJpZCI6MjgxMTcsInVybCI6Imh0dHBzOlwvXC9jc2RjYWIuY2FcL3dwLWNvbnRlbnRcL3VwbG9hZHNcLzIwMjZcLzAxXC9FdXJla2EtMjAyNS0xLmpwZyJ9\">\n\t\t\t\t\t\t\t<img fetchpriority=\"high\" decoding=\"async\" width=\"940\" height=\"788\" src=\"https:\/\/csdcab.ca\/wp-content\/uploads\/2026\/01\/Eureka-2025-1.jpg\" class=\"attachment-large size-large wp-image-28117\" alt=\"\" srcset=\"https:\/\/csdcab.ca\/wp-content\/uploads\/2026\/01\/Eureka-2025-1.jpg 940w, https:\/\/csdcab.ca\/wp-content\/uploads\/2026\/01\/Eureka-2025-1-300x251.jpg 300w, https:\/\/csdcab.ca\/wp-content\/uploads\/2026\/01\/Eureka-2025-1-768x644.jpg 768w, https:\/\/csdcab.ca\/wp-content\/uploads\/2026\/01\/Eureka-2025-1-14x12.jpg 14w, https:\/\/csdcab.ca\/wp-content\/uploads\/2026\/01\/Eureka-2025-1-600x503.jpg 600w\" sizes=\"(max-width: 940px) 100vw, 940px\" \/>\t\t\t\t\t\t\t\t<\/a>\n\t\t\t\t\t\t\t\t\t\t\t\t\t\t\t<\/div>\n\t\t\t\t<\/div>\n\t\t\t\t\t<\/div>\n\t\t<\/div>\n\t\t\t\t<div class=\"elementor-column elementor-col-50 elementor-inner-column elementor-element elementor-element-3b5cbda\" data-id=\"3b5cbda\" data-element_type=\"column\" data-e-type=\"column\">\n\t\t\t<div class=\"elementor-widget-wrap elementor-element-populated\">\n\t\t\t\t\t\t<div class=\"elementor-element elementor-element-f6edf3c elementor-widget elementor-widget-text-editor\" data-id=\"f6edf3c\" data-element_type=\"widget\" data-e-type=\"widget\" data-widget_type=\"text-editor.default\">\n\t\t\t\t<div class=\"elementor-widget-container\">\n\t\t\t\t\t\t\t\t\t<p>Eur\u00eaka! est un service <strong>unique et gratuit<\/strong> d\u2019aide \u00e0 l\u2019apprentissage, destin\u00e9 aux \u00e9l\u00e8ves des \u00e9coles de langue fran\u00e7aise de l\u2019Ontario. Il vise \u00e0 les accompagner dans l\u2019atteinte de leurs objectifs de r\u00e9ussite scolaire.<\/p><p>Eur\u00eaka! consiste essentiellement \u00e0\u00a0:\u00a0\u00a0<\/p><ul><li>Offrir un\u00a0service\u00a0virtuel parascolaire d\u2019appui \u00e0\u00a0l\u2019apprentissage\u00a0destin\u00e9 aux \u00e9l\u00e8ves de la 1<sup>re<\/sup>\u00e0 la 12<sup>e<\/sup>\u00a0ann\u00e9e des \u00e9coles de langue fran\u00e7aise de l\u2019Ontario;\u00a0\u00a0<\/li><li>Proposer un\u00a0service d\u2019aide\u00a0aux devoirs, offert par\u00a0une \u00e9quipe de personnels enseignants\u00a0qualifi\u00e9s;\u00a0\u00a0<\/li><li>Mettre en place des programmes d\u2019appui en lecture et en math\u00e9matiques;<\/li><li>Offrir un soutien approfondi en fran\u00e7ais et dans les mati\u00e8res li\u00e9es aux STIM (sciences, technologie, ing\u00e9nierie et math\u00e9matiques);<\/li><li>Diffuser des capsules en num\u00e9ratie et en litt\u00e9ratie destin\u00e9es aux \u00e9l\u00e8ves \u00e0 partir de la 4<sup>e<\/sup>ann\u00e9e.<\/li><\/ul><p>Eur\u00eaka! est disponible du lundi au jeudi, de 16 h \u00e0 21 h, et le dimanche, de 17 h \u00e0 21 h depuis le 8 septembre. Votre enfant pourra <strong>prendre un rendez-vous <\/strong>pour recevoir de l\u2019aide aux devoirs directement sur le site Web <a href=\"https:\/\/can01.safelinks.protection.outlook.com\/?url=https%3A%2F%2Fmoneureka.ca%2F&amp;data=05%7C02%7Cddieye%40csdcab.on.ca%7C860e0827d4a7457a214e08ddea3b4e55%7Cd228b25857c24f32b7093562c067efac%7C0%7C0%7C638924262624646016%7CUnknown%7CTWFpbGZsb3d8eyJFbXB0eU1hcGkiOnRydWUsIlYiOiIwLjAuMDAwMCIsIlAiOiJXaW4zMiIsIkFOIjoiTWFpbCIsIldUIjoyfQ%3D%3D%7C0%7C%7C%7C&amp;sdata=QwCTm40Rn%2Beu0sezd7FeEEjdCmSTmLRqejfxQnETMyo%3D&amp;reserved=0\">moneureka.ca<\/a>.\u00a0<\/p><p>Nous vous invitons \u00e0 d\u00e9couvrir ce service et \u00e0 en faire profiter votre enfant pour soutenir sa r\u00e9ussite scolaire.<\/p>\t\t\t\t\t\t\t\t<\/div>\n\t\t\t\t<\/div>\n\t\t\t\t\t<\/div>\n\t\t<\/div>\n\t\t\t\t\t<\/div>\n\t\t<\/section>\n\t\t\t\t<div class=\"elementor-element elementor-element-2e5ba94 elementor-widget elementor-widget-image\" data-id=\"2e5ba94\" data-element_type=\"widget\" data-e-type=\"widget\" data-widget_type=\"image.default\">\n\t\t\t\t<div class=\"elementor-widget-container\">\n\t\t\t\t\t\t\t\t\t\t\t\t\t\t\t<img decoding=\"async\" width=\"300\" height=\"105\" src=\"https:\/\/csdcab.ca\/wp-content\/uploads\/2026\/01\/logo-eureka-300x105.webp\" class=\"attachment-medium size-medium wp-image-28121\" alt=\"\" srcset=\"https:\/\/csdcab.ca\/wp-content\/uploads\/2026\/01\/logo-eureka-300x105.webp 300w, https:\/\/csdcab.ca\/wp-content\/uploads\/2026\/01\/logo-eureka-18x6.webp 18w, https:\/\/csdcab.ca\/wp-content\/uploads\/2026\/01\/logo-eureka.webp 595w\" sizes=\"(max-width: 300px) 100vw, 300px\" \/>\t\t\t\t\t\t\t\t\t\t\t\t\t\t\t<\/div>\n\t\t\t\t<\/div>\n\t\t\t\t\t<\/div>\n\t\t<\/div>\n\t\t\t\t\t<\/div>\n\t\t<\/section>\n\t\t\t\t<section class=\"elementor-section elementor-top-section elementor-element elementor-element-f22038f elementor-section-boxed elementor-section-height-default elementor-section-height-default\" data-id=\"f22038f\" data-element_type=\"section\" data-e-type=\"section\" data-settings=\"{&quot;jet_parallax_layout_list&quot;:[]}\">\n\t\t\t\t\t\t<div class=\"elementor-container elementor-column-gap-default\">\n\t\t\t\t\t<div class=\"elementor-column elementor-col-100 elementor-top-column elementor-element elementor-element-249be30\" data-id=\"249be30\" data-element_type=\"column\" data-e-type=\"column\">\n\t\t\t<div class=\"elementor-widget-wrap elementor-element-populated\">\n\t\t\t\t\t\t<div class=\"elementor-element elementor-element-62b40ab elementor-widget elementor-widget-spacer\" data-id=\"62b40ab\" data-element_type=\"widget\" data-e-type=\"widget\" data-widget_type=\"spacer.default\">\n\t\t\t\t<div class=\"elementor-widget-container\">\n\t\t\t\t\t\t\t<div class=\"elementor-spacer\">\n\t\t\t<div class=\"elementor-spacer-inner\"><\/div>\n\t\t<\/div>\n\t\t\t\t\t\t<\/div>\n\t\t\t\t<\/div>\n\t\t\t\t\t<\/div>\n\t\t<\/div>\n\t\t\t\t\t<\/div>\n\t\t<\/section>\n\t\t\t\t<\/div>\n\t\t","protected":false},"excerpt":{"rendered":"<p>Au CSDC des Aurores bor\u00e9ales, nous reconnaissons que les parents sont au c\u0153ur du cheminement scolaire de leur enfant et en constituent le premier appui. Des programmes de soutien et des ressources adapt\u00e9s sont mis en place pour aider les parents \u00e0 accompagner leurs enfants \u00e0 la maison. Eur\u00eaka, service d\u2019aide \u00e0 l\u2019apprentissage Eur\u00eaka! est [&hellip;]<\/p>\n","protected":false},"author":1,"featured_media":0,"parent":764,"menu_order":1,"comment_status":"closed","ping_status":"closed","template":"elementor_header_footer","meta":{"_mc_calendar":[],"footnotes":""},"class_list":["post-5004","page","type-page","status-publish","hentry"],"yoast_head":"<!-- This site is optimized with the Yoast SEO plugin v27.2 - https:\/\/yoast.com\/product\/yoast-seo-wordpress\/ -->\n<title>R\u00e9ussite de l&#039;\u00e9l\u00e8ve - CSDC des Aurores bor\u00e9ales<\/title>\n<meta name=\"robots\" content=\"index, follow, max-snippet:-1, max-image-preview:large, max-video-preview:-1\" \/>\n<link rel=\"canonical\" href=\"https:\/\/csdcab.ca\/en\/parents\/reussite-de-leleve\/\" \/>\n<meta property=\"og:locale\" content=\"en_US\" \/>\n<meta property=\"og:type\" content=\"article\" \/>\n<meta property=\"og:title\" content=\"R\u00e9ussite de l&#039;\u00e9l\u00e8ve - CSDC des Aurores bor\u00e9ales\" \/>\n<meta property=\"og:description\" content=\"Au CSDC des Aurores bor\u00e9ales, nous reconnaissons que les parents sont au c\u0153ur du cheminement scolaire de leur enfant et en constituent le premier appui. Des programmes de soutien et des ressources adapt\u00e9s sont mis en place pour aider les parents \u00e0 accompagner leurs enfants \u00e0 la maison. Eur\u00eaka, service d\u2019aide \u00e0 l\u2019apprentissage Eur\u00eaka! est [&hellip;]\" \/>\n<meta property=\"og:url\" content=\"https:\/\/csdcab.ca\/en\/parents\/reussite-de-leleve\/\" \/>\n<meta property=\"og:site_name\" content=\"CSDC des Aurores bor\u00e9ales\" \/>\n<meta property=\"article:publisher\" content=\"https:\/\/www.facebook.com\/csdcab\" \/>\n<meta property=\"article:modified_time\" content=\"2026-01-08T19:56:24+00:00\" \/>\n<meta property=\"og:image\" content=\"https:\/\/csdcab.ca\/wp-content\/uploads\/2026\/01\/Eureka-2025-1.jpg\" \/>\n\t<meta property=\"og:image:width\" content=\"940\" \/>\n\t<meta property=\"og:image:height\" content=\"788\" \/>\n\t<meta property=\"og:image:type\" content=\"image\/jpeg\" \/>\n<meta name=\"twitter:card\" content=\"summary_large_image\" \/>\n<meta name=\"twitter:site\" content=\"@csdcab\" \/>\n<meta name=\"twitter:label1\" content=\"Est. reading time\" \/>\n\t<meta name=\"twitter:data1\" content=\"2 minutes\" \/>\n<script type=\"application\/ld+json\" class=\"yoast-schema-graph\">{\"@context\":\"https:\/\/schema.org\",\"@graph\":[{\"@type\":\"WebPage\",\"@id\":\"https:\/\/csdcab.ca\/parents\/reussite-de-leleve\/\",\"url\":\"https:\/\/csdcab.ca\/parents\/reussite-de-leleve\/\",\"name\":\"R\u00e9ussite de l'\u00e9l\u00e8ve - CSDC des Aurores bor\u00e9ales\",\"isPartOf\":{\"@id\":\"https:\/\/csdcab.ca\/en\/#website\"},\"primaryImageOfPage\":{\"@id\":\"https:\/\/csdcab.ca\/parents\/reussite-de-leleve\/#primaryimage\"},\"image\":{\"@id\":\"https:\/\/csdcab.ca\/parents\/reussite-de-leleve\/#primaryimage\"},\"thumbnailUrl\":\"https:\/\/csdcab.ca\/wp-content\/uploads\/2026\/01\/Eureka-2025-1.jpg\",\"datePublished\":\"2021-09-07T20:13:59+00:00\",\"dateModified\":\"2026-01-08T19:56:24+00:00\",\"breadcrumb\":{\"@id\":\"https:\/\/csdcab.ca\/parents\/reussite-de-leleve\/#breadcrumb\"},\"inLanguage\":\"en-CA\",\"potentialAction\":[{\"@type\":\"ReadAction\",\"target\":[\"https:\/\/csdcab.ca\/parents\/reussite-de-leleve\/\"]}]},{\"@type\":\"ImageObject\",\"inLanguage\":\"en-CA\",\"@id\":\"https:\/\/csdcab.ca\/parents\/reussite-de-leleve\/#primaryimage\",\"url\":\"https:\/\/csdcab.ca\/wp-content\/uploads\/2026\/01\/Eureka-2025-1.jpg\",\"contentUrl\":\"https:\/\/csdcab.ca\/wp-content\/uploads\/2026\/01\/Eureka-2025-1.jpg\"},{\"@type\":\"BreadcrumbList\",\"@id\":\"https:\/\/csdcab.ca\/parents\/reussite-de-leleve\/#breadcrumb\",\"itemListElement\":[{\"@type\":\"ListItem\",\"position\":1,\"name\":\"Accueil\",\"item\":\"https:\/\/csdcab.ca\/\"},{\"@type\":\"ListItem\",\"position\":2,\"name\":\"Parents\",\"item\":\"https:\/\/csdcab.ca\/parents\/\"},{\"@type\":\"ListItem\",\"position\":3,\"name\":\"R\u00e9ussite de l&rsquo;\u00e9l\u00e8ve\"}]},{\"@type\":\"WebSite\",\"@id\":\"https:\/\/csdcab.ca\/en\/#website\",\"url\":\"https:\/\/csdcab.ca\/en\/\",\"name\":\"CSDC des Aurores bor\u00e9ales\",\"description\":\"CSDC des Aurores bor\u00e9ales\",\"publisher\":{\"@id\":\"https:\/\/csdcab.ca\/en\/#organization\"},\"potentialAction\":[{\"@type\":\"SearchAction\",\"target\":{\"@type\":\"EntryPoint\",\"urlTemplate\":\"https:\/\/csdcab.ca\/en\/?s={search_term_string}\"},\"query-input\":{\"@type\":\"PropertyValueSpecification\",\"valueRequired\":true,\"valueName\":\"search_term_string\"}}],\"inLanguage\":\"en-CA\"},{\"@type\":\"Organization\",\"@id\":\"https:\/\/csdcab.ca\/en\/#organization\",\"name\":\"CSDC des Aurores bor\u00e9ales\",\"url\":\"https:\/\/csdcab.ca\/en\/\",\"logo\":{\"@type\":\"ImageObject\",\"inLanguage\":\"en-CA\",\"@id\":\"https:\/\/csdcab.ca\/en\/#\/schema\/logo\/image\/\",\"url\":\"https:\/\/csdcab.ca\/wp-content\/uploads\/2021\/07\/logo_conseil.svg\",\"contentUrl\":\"https:\/\/csdcab.ca\/wp-content\/uploads\/2021\/07\/logo_conseil.svg\",\"width\":396.39,\"height\":107.15,\"caption\":\"CSDC des Aurores bor\u00e9ales\"},\"image\":{\"@id\":\"https:\/\/csdcab.ca\/en\/#\/schema\/logo\/image\/\"},\"sameAs\":[\"https:\/\/www.facebook.com\/csdcab\",\"https:\/\/x.com\/csdcab\",\"https:\/\/www.youtube.com\/channel\/UCTWQOPC_Kh8GvED-3AuBqZQ\"]}]}<\/script>\n<!-- \/ Yoast SEO plugin. -->","yoast_head_json":{"title":"Student Success - Aurores bor\u00e9ales CSDC","robots":{"index":"index","follow":"follow","max-snippet":"max-snippet:-1","max-image-preview":"max-image-preview:large","max-video-preview":"max-video-preview:-1"},"canonical":"https:\/\/csdcab.ca\/en\/parents\/reussite-de-leleve\/","og_locale":"en_US","og_type":"article","og_title":"R\u00e9ussite de l'\u00e9l\u00e8ve - CSDC des Aurores bor\u00e9ales","og_description":"Au CSDC des Aurores bor\u00e9ales, nous reconnaissons que les parents sont au c\u0153ur du cheminement scolaire de leur enfant et en constituent le premier appui. Des programmes de soutien et des ressources adapt\u00e9s sont mis en place pour aider les parents \u00e0 accompagner leurs enfants \u00e0 la maison. Eur\u00eaka, service d\u2019aide \u00e0 l\u2019apprentissage Eur\u00eaka! est [&hellip;]","og_url":"https:\/\/csdcab.ca\/en\/parents\/reussite-de-leleve\/","og_site_name":"CSDC des Aurores bor\u00e9ales","article_publisher":"https:\/\/www.facebook.com\/csdcab","article_modified_time":"2026-01-08T19:56:24+00:00","og_image":[{"width":940,"height":788,"url":"https:\/\/csdcab.ca\/wp-content\/uploads\/2026\/01\/Eureka-2025-1.jpg","type":"image\/jpeg"}],"twitter_card":"summary_large_image","twitter_site":"@csdcab","twitter_misc":{"Est. reading time":"2 minutes"},"schema":{"@context":"https:\/\/schema.org","@graph":[{"@type":"WebPage","@id":"https:\/\/csdcab.ca\/parents\/reussite-de-leleve\/","url":"https:\/\/csdcab.ca\/parents\/reussite-de-leleve\/","name":"Student Success - Aurores bor\u00e9ales CSDC","isPartOf":{"@id":"https:\/\/csdcab.ca\/en\/#website"},"primaryImageOfPage":{"@id":"https:\/\/csdcab.ca\/parents\/reussite-de-leleve\/#primaryimage"},"image":{"@id":"https:\/\/csdcab.ca\/parents\/reussite-de-leleve\/#primaryimage"},"thumbnailUrl":"https:\/\/csdcab.ca\/wp-content\/uploads\/2026\/01\/Eureka-2025-1.jpg","datePublished":"2021-09-07T20:13:59+00:00","dateModified":"2026-01-08T19:56:24+00:00","breadcrumb":{"@id":"https:\/\/csdcab.ca\/parents\/reussite-de-leleve\/#breadcrumb"},"inLanguage":"en-CA","potentialAction":[{"@type":"ReadAction","target":["https:\/\/csdcab.ca\/parents\/reussite-de-leleve\/"]}]},{"@type":"ImageObject","inLanguage":"en-CA","@id":"https:\/\/csdcab.ca\/parents\/reussite-de-leleve\/#primaryimage","url":"https:\/\/csdcab.ca\/wp-content\/uploads\/2026\/01\/Eureka-2025-1.jpg","contentUrl":"https:\/\/csdcab.ca\/wp-content\/uploads\/2026\/01\/Eureka-2025-1.jpg"},{"@type":"BreadcrumbList","@id":"https:\/\/csdcab.ca\/parents\/reussite-de-leleve\/#breadcrumb","itemListElement":[{"@type":"ListItem","position":1,"name":"Accueil","item":"https:\/\/csdcab.ca\/"},{"@type":"ListItem","position":2,"name":"Parents","item":"https:\/\/csdcab.ca\/parents\/"},{"@type":"ListItem","position":3,"name":"R\u00e9ussite de l&rsquo;\u00e9l\u00e8ve"}]},{"@type":"WebSite","@id":"https:\/\/csdcab.ca\/en\/#website","url":"https:\/\/csdcab.ca\/en\/","name":"Northern Lights CSDC","description":"Northern Lights CSDC","publisher":{"@id":"https:\/\/csdcab.ca\/en\/#organization"},"potentialAction":[{"@type":"SearchAction","target":{"@type":"EntryPoint","urlTemplate":"https:\/\/csdcab.ca\/en\/?s={search_term_string}"},"query-input":{"@type":"PropertyValueSpecification","valueRequired":true,"valueName":"search_term_string"}}],"inLanguage":"en-CA"},{"@type":"Organization","@id":"https:\/\/csdcab.ca\/en\/#organization","name":"Northern Lights CSDC","url":"https:\/\/csdcab.ca\/en\/","logo":{"@type":"ImageObject","inLanguage":"en-CA","@id":"https:\/\/csdcab.ca\/en\/#\/schema\/logo\/image\/","url":"https:\/\/csdcab.ca\/wp-content\/uploads\/2021\/07\/logo_conseil.svg","contentUrl":"https:\/\/csdcab.ca\/wp-content\/uploads\/2021\/07\/logo_conseil.svg","width":396.39,"height":107.15,"caption":"CSDC des Aurores bor\u00e9ales"},"image":{"@id":"https:\/\/csdcab.ca\/en\/#\/schema\/logo\/image\/"},"sameAs":["https:\/\/www.facebook.com\/csdcab","https:\/\/x.com\/csdcab","https:\/\/www.youtube.com\/channel\/UCTWQOPC_Kh8GvED-3AuBqZQ"]}]}},"publishpress_future_workflow_manual_trigger":{"enabledWorkflows":[]},"_links":{"self":[{"href":"https:\/\/csdcab.ca\/en\/wp-json\/wp\/v2\/pages\/5004","targetHints":{"allow":["GET"]}}],"collection":[{"href":"https:\/\/csdcab.ca\/en\/wp-json\/wp\/v2\/pages"}],"about":[{"href":"https:\/\/csdcab.ca\/en\/wp-json\/wp\/v2\/types\/page"}],"author":[{"embeddable":true,"href":"https:\/\/csdcab.ca\/en\/wp-json\/wp\/v2\/users\/1"}],"replies":[{"embeddable":true,"href":"https:\/\/csdcab.ca\/en\/wp-json\/wp\/v2\/comments?post=5004"}],"version-history":[{"count":40,"href":"https:\/\/csdcab.ca\/en\/wp-json\/wp\/v2\/pages\/5004\/revisions"}],"predecessor-version":[{"id":28131,"href":"https:\/\/csdcab.ca\/en\/wp-json\/wp\/v2\/pages\/5004\/revisions\/28131"}],"up":[{"embeddable":true,"href":"https:\/\/csdcab.ca\/en\/wp-json\/wp\/v2\/pages\/764"}],"wp:attachment":[{"href":"https:\/\/csdcab.ca\/en\/wp-json\/wp\/v2\/media?parent=5004"}],"curies":[{"name":"wp","href":"https:\/\/api.w.org\/{rel}","templated":true}]}}