{"id":4980,"date":"2021-09-07T19:27:28","date_gmt":"2021-09-07T19:27:28","guid":{"rendered":"https:\/\/csdcab.tondesign.ca\/?page_id=4980"},"modified":"2025-08-22T15:06:30","modified_gmt":"2025-08-22T19:06:30","slug":"transport-scolaire","status":"publish","type":"page","link":"https:\/\/csdcab.ca\/en\/parents\/transport-scolaire\/","title":{"rendered":"School transportation"},"content":{"rendered":"\t\t<div data-elementor-type=\"wp-page\" data-elementor-id=\"4980\" class=\"elementor elementor-4980\" data-elementor-post-type=\"page\">\n\t\t\t\t\t\t<section class=\"elementor-section elementor-top-section elementor-element elementor-element-426deab3 elementor-section-boxed elementor-section-height-default elementor-section-height-default\" data-id=\"426deab3\" data-element_type=\"section\" data-e-type=\"section\" data-settings=\"{&quot;jet_parallax_layout_list&quot;:[{&quot;jet_parallax_layout_image&quot;:{&quot;url&quot;:&quot;&quot;,&quot;id&quot;:&quot;&quot;,&quot;size&quot;:&quot;&quot;},&quot;_id&quot;:&quot;0f122b3&quot;,&quot;jet_parallax_layout_image_tablet&quot;:{&quot;url&quot;:&quot;&quot;,&quot;id&quot;:&quot;&quot;,&quot;size&quot;:&quot;&quot;},&quot;jet_parallax_layout_image_mobile&quot;:{&quot;url&quot;:&quot;&quot;,&quot;id&quot;:&quot;&quot;,&quot;size&quot;:&quot;&quot;},&quot;jet_parallax_layout_speed&quot;:{&quot;unit&quot;:&quot;%&quot;,&quot;size&quot;:50,&quot;sizes&quot;:[]},&quot;jet_parallax_layout_type&quot;:&quot;scroll&quot;,&quot;jet_parallax_layout_direction&quot;:&quot;1&quot;,&quot;jet_parallax_layout_fx_direction&quot;:null,&quot;jet_parallax_layout_z_index&quot;:&quot;&quot;,&quot;jet_parallax_layout_bg_x&quot;:50,&quot;jet_parallax_layout_bg_x_tablet&quot;:&quot;&quot;,&quot;jet_parallax_layout_bg_x_mobile&quot;:&quot;&quot;,&quot;jet_parallax_layout_bg_y&quot;:50,&quot;jet_parallax_layout_bg_y_tablet&quot;:&quot;&quot;,&quot;jet_parallax_layout_bg_y_mobile&quot;:&quot;&quot;,&quot;jet_parallax_layout_bg_size&quot;:&quot;auto&quot;,&quot;jet_parallax_layout_bg_size_tablet&quot;:&quot;&quot;,&quot;jet_parallax_layout_bg_size_mobile&quot;:&quot;&quot;,&quot;jet_parallax_layout_animation_prop&quot;:&quot;transform&quot;,&quot;jet_parallax_layout_on&quot;:[&quot;desktop&quot;,&quot;tablet&quot;]}]}\">\n\t\t\t\t\t\t<div class=\"elementor-container elementor-column-gap-no\">\n\t\t\t\t\t<div class=\"elementor-column elementor-col-50 elementor-top-column elementor-element elementor-element-5331f1b2\" data-id=\"5331f1b2\" data-element_type=\"column\" data-e-type=\"column\">\n\t\t\t<div class=\"elementor-widget-wrap elementor-element-populated\">\n\t\t\t\t\t\t<div class=\"elementor-element elementor-element-73102e82 elementor-widget elementor-widget-text-editor\" data-id=\"73102e82\" data-element_type=\"widget\" data-e-type=\"widget\" data-widget_type=\"text-editor.default\">\n\t\t\t\t<div class=\"elementor-widget-container\">\n\t\t\t\t\t\t\t\t\t<p>Au CSDC des Aurores bor\u00e9ales, le transport scolaire est offert gratuitement \u00e0 tous les \u00e9l\u00e8ves admissibles. Nous visons \u00e0 assurer un transport s\u00e9curitaire, efficace et de qualit\u00e9 \u00e0 un co\u00fbt abordable pour le Conseil. Afin de r\u00e9pondre aux attentes du minist\u00e8re de l&rsquo;\u00c9ducation en mati\u00e8re de transport, nous sommes un partenaire \u00e0 part \u00e9gale des consortiums suivants :<\/p><ul><li><a href=\"https:\/\/www.ststb.ca\/\" target=\"_blank\" rel=\"noopener\">Student Transportation Services of Thunder Bay<i class=\"fas fa-external-link-alt\"><\/i><\/a> pour la r\u00e9gion de Thunder Bay.<ul><li>Application mobile <strong><a href=\"https:\/\/www.ststb.ca\/bus-status\" target=\"_blank\" rel=\"noopener\"><b>Bus Status<\/b> <\/a><\/strong>\u00a0(retard, annulation)<\/li><\/ul><\/li><li><a href=\"https:\/\/etbtc.on.ca\/home\" target=\"_blank\" rel=\"noopener\">East of Thunder Bay Transportation Consortium <\/a>\u00a0pour les r\u00e9gions de Greenstone (Longlac, Geraldton, et Nakina), Terrace Bay et Marathon.<ul><li>Application mobile <a href=\"https:\/\/etbtc.on.ca\/about-us\/bus-planner\/\" target=\"_blank\" rel=\"noopener\"><b>Bus Planner<\/b><\/a> (retard, annulation)<\/li><\/ul><\/li><li><a href=\"https:\/\/nwobus.ca\/\" target=\"_blank\" rel=\"noopener\">Northwestern Student Services Consortium <\/a>\u00a0pour les r\u00e9gions d&rsquo;Ignace, de Dryden, Red Lake et Sioux Lookout.<ul><li>Application <a href=\"https:\/\/www.nwobus.ca\/register-for-bus-alerts\/\" target=\"_blank\" rel=\"noopener\"><strong>Edulog Parent Portal <\/strong><\/a>(retard, annulation)<i class=\"fas fa-external-link-alt\">\u00a0<\/i><\/li><\/ul><\/li><\/ul>\t\t\t\t\t\t\t\t<\/div>\n\t\t\t\t<\/div>\n\t\t\t\t\t<\/div>\n\t\t<\/div>\n\t\t\t\t<div class=\"elementor-column elementor-col-50 elementor-top-column elementor-element elementor-element-62fb4131\" data-id=\"62fb4131\" data-element_type=\"column\" data-e-type=\"column\" data-settings=\"{&quot;background_background&quot;:&quot;classic&quot;}\">\n\t\t\t<div class=\"elementor-widget-wrap elementor-element-populated\">\n\t\t\t\t\t\t<div class=\"elementor-element elementor-element-303aa502 elementor-widget elementor-widget-spacer\" data-id=\"303aa502\" data-element_type=\"widget\" data-e-type=\"widget\" data-widget_type=\"spacer.default\">\n\t\t\t\t<div class=\"elementor-widget-container\">\n\t\t\t\t\t\t\t<div class=\"elementor-spacer\">\n\t\t\t<div class=\"elementor-spacer-inner\"><\/div>\n\t\t<\/div>\n\t\t\t\t\t\t<\/div>\n\t\t\t\t<\/div>\n\t\t\t\t\t<\/div>\n\t\t<\/div>\n\t\t\t\t\t<\/div>\n\t\t<\/section>\n\t\t\t\t<section class=\"elementor-section elementor-top-section elementor-element elementor-element-4731558 elementor-section-boxed elementor-section-height-default elementor-section-height-default\" data-id=\"4731558\" data-element_type=\"section\" data-e-type=\"section\" data-settings=\"{&quot;jet_parallax_layout_list&quot;:[{&quot;jet_parallax_layout_image&quot;:{&quot;url&quot;:&quot;&quot;,&quot;id&quot;:&quot;&quot;,&quot;size&quot;:&quot;&quot;},&quot;_id&quot;:&quot;4adb1d9&quot;,&quot;jet_parallax_layout_image_tablet&quot;:{&quot;url&quot;:&quot;&quot;,&quot;id&quot;:&quot;&quot;,&quot;size&quot;:&quot;&quot;},&quot;jet_parallax_layout_image_mobile&quot;:{&quot;url&quot;:&quot;&quot;,&quot;id&quot;:&quot;&quot;,&quot;size&quot;:&quot;&quot;},&quot;jet_parallax_layout_speed&quot;:{&quot;unit&quot;:&quot;%&quot;,&quot;size&quot;:50,&quot;sizes&quot;:[]},&quot;jet_parallax_layout_type&quot;:&quot;scroll&quot;,&quot;jet_parallax_layout_direction&quot;:&quot;1&quot;,&quot;jet_parallax_layout_fx_direction&quot;:null,&quot;jet_parallax_layout_z_index&quot;:&quot;&quot;,&quot;jet_parallax_layout_bg_x&quot;:50,&quot;jet_parallax_layout_bg_x_tablet&quot;:&quot;&quot;,&quot;jet_parallax_layout_bg_x_mobile&quot;:&quot;&quot;,&quot;jet_parallax_layout_bg_y&quot;:50,&quot;jet_parallax_layout_bg_y_tablet&quot;:&quot;&quot;,&quot;jet_parallax_layout_bg_y_mobile&quot;:&quot;&quot;,&quot;jet_parallax_layout_bg_size&quot;:&quot;auto&quot;,&quot;jet_parallax_layout_bg_size_tablet&quot;:&quot;&quot;,&quot;jet_parallax_layout_bg_size_mobile&quot;:&quot;&quot;,&quot;jet_parallax_layout_animation_prop&quot;:&quot;transform&quot;,&quot;jet_parallax_layout_on&quot;:[&quot;desktop&quot;,&quot;tablet&quot;]}],&quot;background_background&quot;:&quot;classic&quot;}\">\n\t\t\t\t\t\t<div class=\"elementor-container elementor-column-gap-default\">\n\t\t\t\t\t<div class=\"elementor-column elementor-col-100 elementor-top-column elementor-element elementor-element-7f9fee1\" data-id=\"7f9fee1\" data-element_type=\"column\" data-e-type=\"column\">\n\t\t\t<div class=\"elementor-widget-wrap elementor-element-populated\">\n\t\t\t\t\t\t<div class=\"elementor-element elementor-element-4109924 elementor-widget elementor-widget-heading\" data-id=\"4109924\" data-element_type=\"widget\" data-e-type=\"widget\" data-widget_type=\"heading.default\">\n\t\t\t\t<div class=\"elementor-widget-container\">\n\t\t\t\t\t<h2 class=\"elementor-heading-title elementor-size-default\">Intemp\u00e9ries<\/h2>\t\t\t\t<\/div>\n\t\t\t\t<\/div>\n\t\t\t\t<div class=\"elementor-element elementor-element-0a8341b elementor-widget elementor-widget-text-editor\" data-id=\"0a8341b\" data-element_type=\"widget\" data-e-type=\"widget\" data-widget_type=\"text-editor.default\">\n\t\t\t\t<div class=\"elementor-widget-container\">\n\t\t\t\t\t\t\t\t\t<p>Lorsque les conditions de la route sont jug\u00e9es dangereuses pour la s\u00e9curit\u00e9 des \u00e9l\u00e8ves, les compagnies d&rsquo;autobus peuvent annuler les services de transport scolaire.<\/p><p>\u00a0<\/p><p>Voici trois options qui vous permettront de savoir si le transport scolaire est disponible pour vos enfants :<\/p><ul><li>Consultez le site Web du Conseil. Un message sera affich\u00e9 \u00e0 la page d&rsquo;accueil et indiquera les d\u00e9tails, tels que les routes et les \u00e9coles affect\u00e9es.<\/li><li>Consultez le site web du consortium de transport de votre r\u00e9gion (voir ci-dessus)<\/li><li>\u00c9coutez Radio Canada pour l&rsquo;annonce en fran\u00e7ais ou les stations de radio locales pour l&rsquo;annonce en anglais.<\/li><li>Pour Thunder Bay, composez le 625-1661 pour entendre un message enregistr\u00e9. (<a href=\"\/wp-content\/uploads\/2021\/09\/On_the_Bus_2019-2020_Winter_Edition_FR.pdf\" target=\"_blank\" rel=\"noopener\">Guide hivernal pour prendre l&rsquo;autobus <span class=\"sr-only\">Lien externe<\/span><i class=\"fas fa-external-link-alt\"><\/i> )<\/a><\/li><\/ul><p>Veuillez noter qu&rsquo;habituellement, m\u00eame si le transport scolaire est annul\u00e9, les \u00e9coles demeurent ouvertes pour accueillir les \u00e9l\u00e8ves qui peuvent se rendre \u00e0 l&rsquo;\u00e9cole.<\/p><p>\u00a0<\/p><p>Pour plus de renseignements au sujet du transport scolaire, veuillez consulter notre politique ou communiquer avec la direction de l&rsquo;\u00e9cole.<\/p>\t\t\t\t\t\t\t\t<\/div>\n\t\t\t\t<\/div>\n\t\t\t\t\t<\/div>\n\t\t<\/div>\n\t\t\t\t\t<\/div>\n\t\t<\/section>\n\t\t\t\t<section class=\"elementor-section elementor-top-section elementor-element elementor-element-2376b623 elementor-section-boxed elementor-section-height-default elementor-section-height-default\" data-id=\"2376b623\" data-element_type=\"section\" data-e-type=\"section\" data-settings=\"{&quot;jet_parallax_layout_list&quot;:[{&quot;jet_parallax_layout_image&quot;:{&quot;url&quot;:&quot;&quot;,&quot;id&quot;:&quot;&quot;,&quot;size&quot;:&quot;&quot;},&quot;_id&quot;:&quot;0f122b3&quot;,&quot;jet_parallax_layout_image_tablet&quot;:{&quot;url&quot;:&quot;&quot;,&quot;id&quot;:&quot;&quot;,&quot;size&quot;:&quot;&quot;},&quot;jet_parallax_layout_image_mobile&quot;:{&quot;url&quot;:&quot;&quot;,&quot;id&quot;:&quot;&quot;,&quot;size&quot;:&quot;&quot;},&quot;jet_parallax_layout_speed&quot;:{&quot;unit&quot;:&quot;%&quot;,&quot;size&quot;:50,&quot;sizes&quot;:[]},&quot;jet_parallax_layout_type&quot;:&quot;scroll&quot;,&quot;jet_parallax_layout_direction&quot;:&quot;1&quot;,&quot;jet_parallax_layout_fx_direction&quot;:null,&quot;jet_parallax_layout_z_index&quot;:&quot;&quot;,&quot;jet_parallax_layout_bg_x&quot;:50,&quot;jet_parallax_layout_bg_x_tablet&quot;:&quot;&quot;,&quot;jet_parallax_layout_bg_x_mobile&quot;:&quot;&quot;,&quot;jet_parallax_layout_bg_y&quot;:50,&quot;jet_parallax_layout_bg_y_tablet&quot;:&quot;&quot;,&quot;jet_parallax_layout_bg_y_mobile&quot;:&quot;&quot;,&quot;jet_parallax_layout_bg_size&quot;:&quot;auto&quot;,&quot;jet_parallax_layout_bg_size_tablet&quot;:&quot;&quot;,&quot;jet_parallax_layout_bg_size_mobile&quot;:&quot;&quot;,&quot;jet_parallax_layout_animation_prop&quot;:&quot;transform&quot;,&quot;jet_parallax_layout_on&quot;:[&quot;desktop&quot;,&quot;tablet&quot;]}]}\">\n\t\t\t\t\t\t<div class=\"elementor-container elementor-column-gap-no\">\n\t\t\t\t\t<div class=\"elementor-column elementor-col-50 elementor-top-column elementor-element elementor-element-373cff7b\" data-id=\"373cff7b\" data-element_type=\"column\" data-e-type=\"column\">\n\t\t\t<div class=\"elementor-widget-wrap elementor-element-populated\">\n\t\t\t\t\t\t<div class=\"elementor-element elementor-element-68fb236e elementor-widget elementor-widget-text-editor\" data-id=\"68fb236e\" data-element_type=\"widget\" data-e-type=\"widget\" data-widget_type=\"text-editor.default\">\n\t\t\t\t<div class=\"elementor-widget-container\">\n\t\t\t\t\t\t\t\t\tD\u00e9couvrez la\u00a0<a href=\"https:\/\/www.schoolbusridersafety.ca\/\" target=\"_blank\" rel=\"noopener\">formation en ligne \u00e0 la s\u00e9curit\u00e9 en autobus scolaire \n<span class=\"sr-only\">Lien externe<\/span><i class=\"fas fa-external-link-alt\"><\/i><\/a><\/a> destin\u00e9e aux \u00e9l\u00e8ves du primaire en Ontario : des documents, vid\u00e9os, modules et des trousses d\u2019outils pour les \u00e9l\u00e8ves de la maternelle \u00e0 la 8e ann\u00e9e pour leur enseigner les r\u00e8gles de s\u00e9curit\u00e9 en autobus scolaire.\t\t\t\t\t\t\t\t<\/div>\n\t\t\t\t<\/div>\n\t\t\t\t\t<\/div>\n\t\t<\/div>\n\t\t\t\t<div class=\"elementor-column elementor-col-50 elementor-top-column elementor-element elementor-element-27a54c22\" data-id=\"27a54c22\" data-element_type=\"column\" data-e-type=\"column\" data-settings=\"{&quot;background_background&quot;:&quot;classic&quot;}\">\n\t\t\t<div class=\"elementor-widget-wrap elementor-element-populated\">\n\t\t\t\t\t\t<div class=\"elementor-element elementor-element-205ed361 elementor-widget elementor-widget-spacer\" data-id=\"205ed361\" data-element_type=\"widget\" data-e-type=\"widget\" data-widget_type=\"spacer.default\">\n\t\t\t\t<div class=\"elementor-widget-container\">\n\t\t\t\t\t\t\t<div class=\"elementor-spacer\">\n\t\t\t<div class=\"elementor-spacer-inner\"><\/div>\n\t\t<\/div>\n\t\t\t\t\t\t<\/div>\n\t\t\t\t<\/div>\n\t\t\t\t\t<\/div>\n\t\t<\/div>\n\t\t\t\t\t<\/div>\n\t\t<\/section>\n\t\t\t\t<\/div>\n\t\t","protected":false},"excerpt":{"rendered":"<p>Au CSDC des Aurores bor\u00e9ales, le transport scolaire est offert gratuitement \u00e0 tous les \u00e9l\u00e8ves admissibles. Nous visons \u00e0 assurer un transport s\u00e9curitaire, efficace et de qualit\u00e9 \u00e0 un co\u00fbt abordable pour le Conseil. Afin de r\u00e9pondre aux attentes du minist\u00e8re de l&rsquo;\u00c9ducation en mati\u00e8re de transport, nous sommes un partenaire \u00e0 part \u00e9gale des [&hellip;]<\/p>\n","protected":false},"author":1,"featured_media":0,"parent":764,"menu_order":1,"comment_status":"closed","ping_status":"closed","template":"elementor_header_footer","meta":{"_mc_calendar":[],"footnotes":""},"class_list":["post-4980","page","type-page","status-publish","hentry"],"yoast_head":"<!-- This site is optimized with the Yoast SEO plugin v27.4 - https:\/\/yoast.com\/product\/yoast-seo-wordpress\/ -->\n<title>Transport scolaire - CSDC des Aurores bor\u00e9ales<\/title>\n<meta name=\"robots\" content=\"index, follow, max-snippet:-1, max-image-preview:large, max-video-preview:-1\" \/>\n<link rel=\"canonical\" href=\"https:\/\/csdcab.ca\/en\/parents\/transport-scolaire\/\" \/>\n<meta property=\"og:locale\" content=\"en_US\" \/>\n<meta property=\"og:type\" content=\"article\" \/>\n<meta property=\"og:title\" content=\"Transport scolaire - CSDC des Aurores bor\u00e9ales\" \/>\n<meta property=\"og:description\" content=\"Au CSDC des Aurores bor\u00e9ales, le transport scolaire est offert gratuitement \u00e0 tous les \u00e9l\u00e8ves admissibles. Nous visons \u00e0 assurer un transport s\u00e9curitaire, efficace et de qualit\u00e9 \u00e0 un co\u00fbt abordable pour le Conseil. Afin de r\u00e9pondre aux attentes du minist\u00e8re de l&rsquo;\u00c9ducation en mati\u00e8re de transport, nous sommes un partenaire \u00e0 part \u00e9gale des [&hellip;]\" \/>\n<meta property=\"og:url\" content=\"https:\/\/csdcab.ca\/en\/parents\/transport-scolaire\/\" \/>\n<meta property=\"og:site_name\" content=\"CSDC des Aurores bor\u00e9ales\" \/>\n<meta property=\"article:publisher\" content=\"https:\/\/www.facebook.com\/csdcab\" \/>\n<meta property=\"article:modified_time\" content=\"2025-08-22T19:06:30+00:00\" \/>\n<meta name=\"twitter:card\" content=\"summary_large_image\" \/>\n<meta name=\"twitter:site\" content=\"@csdcab\" \/>\n<meta name=\"twitter:label1\" content=\"Est. reading time\" \/>\n\t<meta name=\"twitter:data1\" content=\"2 minutes\" \/>\n<script type=\"application\/ld+json\" class=\"yoast-schema-graph\">{\"@context\":\"https:\\\/\\\/schema.org\",\"@graph\":[{\"@type\":\"WebPage\",\"@id\":\"https:\\\/\\\/csdcab.ca\\\/parents\\\/transport-scolaire\\\/\",\"url\":\"https:\\\/\\\/csdcab.ca\\\/parents\\\/transport-scolaire\\\/\",\"name\":\"Transport scolaire - CSDC des Aurores bor\u00e9ales\",\"isPartOf\":{\"@id\":\"https:\\\/\\\/csdcab.ca\\\/en\\\/#website\"},\"datePublished\":\"2021-09-07T19:27:28+00:00\",\"dateModified\":\"2025-08-22T19:06:30+00:00\",\"breadcrumb\":{\"@id\":\"https:\\\/\\\/csdcab.ca\\\/parents\\\/transport-scolaire\\\/#breadcrumb\"},\"inLanguage\":\"en-CA\",\"potentialAction\":[{\"@type\":\"ReadAction\",\"target\":[\"https:\\\/\\\/csdcab.ca\\\/parents\\\/transport-scolaire\\\/\"]}]},{\"@type\":\"BreadcrumbList\",\"@id\":\"https:\\\/\\\/csdcab.ca\\\/parents\\\/transport-scolaire\\\/#breadcrumb\",\"itemListElement\":[{\"@type\":\"ListItem\",\"position\":1,\"name\":\"Accueil\",\"item\":\"https:\\\/\\\/csdcab.ca\\\/\"},{\"@type\":\"ListItem\",\"position\":2,\"name\":\"Parents\",\"item\":\"https:\\\/\\\/csdcab.ca\\\/parents\\\/\"},{\"@type\":\"ListItem\",\"position\":3,\"name\":\"Transport scolaire\"}]},{\"@type\":\"WebSite\",\"@id\":\"https:\\\/\\\/csdcab.ca\\\/en\\\/#website\",\"url\":\"https:\\\/\\\/csdcab.ca\\\/en\\\/\",\"name\":\"CSDC des Aurores bor\u00e9ales\",\"description\":\"CSDC des Aurores bor\u00e9ales\",\"publisher\":{\"@id\":\"https:\\\/\\\/csdcab.ca\\\/en\\\/#organization\"},\"potentialAction\":[{\"@type\":\"SearchAction\",\"target\":{\"@type\":\"EntryPoint\",\"urlTemplate\":\"https:\\\/\\\/csdcab.ca\\\/en\\\/?s={search_term_string}\"},\"query-input\":{\"@type\":\"PropertyValueSpecification\",\"valueRequired\":true,\"valueName\":\"search_term_string\"}}],\"inLanguage\":\"en-CA\"},{\"@type\":\"Organization\",\"@id\":\"https:\\\/\\\/csdcab.ca\\\/en\\\/#organization\",\"name\":\"CSDC des Aurores bor\u00e9ales\",\"url\":\"https:\\\/\\\/csdcab.ca\\\/en\\\/\",\"logo\":{\"@type\":\"ImageObject\",\"inLanguage\":\"en-CA\",\"@id\":\"https:\\\/\\\/csdcab.ca\\\/en\\\/#\\\/schema\\\/logo\\\/image\\\/\",\"url\":\"https:\\\/\\\/csdcab.ca\\\/wp-content\\\/uploads\\\/2021\\\/07\\\/logo_conseil.svg\",\"contentUrl\":\"https:\\\/\\\/csdcab.ca\\\/wp-content\\\/uploads\\\/2021\\\/07\\\/logo_conseil.svg\",\"width\":396.39,\"height\":107.15,\"caption\":\"CSDC des Aurores bor\u00e9ales\"},\"image\":{\"@id\":\"https:\\\/\\\/csdcab.ca\\\/en\\\/#\\\/schema\\\/logo\\\/image\\\/\"},\"sameAs\":[\"https:\\\/\\\/www.facebook.com\\\/csdcab\",\"https:\\\/\\\/x.com\\\/csdcab\",\"https:\\\/\\\/www.youtube.com\\\/channel\\\/UCTWQOPC_Kh8GvED-3AuBqZQ\"]}]}<\/script>\n<!-- \/ Yoast SEO plugin. -->","yoast_head_json":{"title":"School transportation - Aurores bor\u00e9ales CSDC","robots":{"index":"index","follow":"follow","max-snippet":"max-snippet:-1","max-image-preview":"max-image-preview:large","max-video-preview":"max-video-preview:-1"},"canonical":"https:\/\/csdcab.ca\/en\/parents\/transport-scolaire\/","og_locale":"en_US","og_type":"article","og_title":"Transport scolaire - CSDC des Aurores bor\u00e9ales","og_description":"Au CSDC des Aurores bor\u00e9ales, le transport scolaire est offert gratuitement \u00e0 tous les \u00e9l\u00e8ves admissibles. Nous visons \u00e0 assurer un transport s\u00e9curitaire, efficace et de qualit\u00e9 \u00e0 un co\u00fbt abordable pour le Conseil. Afin de r\u00e9pondre aux attentes du minist\u00e8re de l&rsquo;\u00c9ducation en mati\u00e8re de transport, nous sommes un partenaire \u00e0 part \u00e9gale des [&hellip;]","og_url":"https:\/\/csdcab.ca\/en\/parents\/transport-scolaire\/","og_site_name":"CSDC des Aurores bor\u00e9ales","article_publisher":"https:\/\/www.facebook.com\/csdcab","article_modified_time":"2025-08-22T19:06:30+00:00","twitter_card":"summary_large_image","twitter_site":"@csdcab","twitter_misc":{"Est. reading time":"2 minutes"},"schema":{"@context":"https:\/\/schema.org","@graph":[{"@type":"WebPage","@id":"https:\/\/csdcab.ca\/parents\/transport-scolaire\/","url":"https:\/\/csdcab.ca\/parents\/transport-scolaire\/","name":"School transportation - Aurores bor\u00e9ales CSDC","isPartOf":{"@id":"https:\/\/csdcab.ca\/en\/#website"},"datePublished":"2021-09-07T19:27:28+00:00","dateModified":"2025-08-22T19:06:30+00:00","breadcrumb":{"@id":"https:\/\/csdcab.ca\/parents\/transport-scolaire\/#breadcrumb"},"inLanguage":"en-CA","potentialAction":[{"@type":"ReadAction","target":["https:\/\/csdcab.ca\/parents\/transport-scolaire\/"]}]},{"@type":"BreadcrumbList","@id":"https:\/\/csdcab.ca\/parents\/transport-scolaire\/#breadcrumb","itemListElement":[{"@type":"ListItem","position":1,"name":"Accueil","item":"https:\/\/csdcab.ca\/"},{"@type":"ListItem","position":2,"name":"Parents","item":"https:\/\/csdcab.ca\/parents\/"},{"@type":"ListItem","position":3,"name":"Transport scolaire"}]},{"@type":"WebSite","@id":"https:\/\/csdcab.ca\/en\/#website","url":"https:\/\/csdcab.ca\/en\/","name":"Northern Lights CSDC","description":"Northern Lights CSDC","publisher":{"@id":"https:\/\/csdcab.ca\/en\/#organization"},"potentialAction":[{"@type":"SearchAction","target":{"@type":"EntryPoint","urlTemplate":"https:\/\/csdcab.ca\/en\/?s={search_term_string}"},"query-input":{"@type":"PropertyValueSpecification","valueRequired":true,"valueName":"search_term_string"}}],"inLanguage":"en-CA"},{"@type":"Organization","@id":"https:\/\/csdcab.ca\/en\/#organization","name":"Northern Lights CSDC","url":"https:\/\/csdcab.ca\/en\/","logo":{"@type":"ImageObject","inLanguage":"en-CA","@id":"https:\/\/csdcab.ca\/en\/#\/schema\/logo\/image\/","url":"https:\/\/csdcab.ca\/wp-content\/uploads\/2021\/07\/logo_conseil.svg","contentUrl":"https:\/\/csdcab.ca\/wp-content\/uploads\/2021\/07\/logo_conseil.svg","width":396.39,"height":107.15,"caption":"CSDC des Aurores bor\u00e9ales"},"image":{"@id":"https:\/\/csdcab.ca\/en\/#\/schema\/logo\/image\/"},"sameAs":["https:\/\/www.facebook.com\/csdcab","https:\/\/x.com\/csdcab","https:\/\/www.youtube.com\/channel\/UCTWQOPC_Kh8GvED-3AuBqZQ"]}]}},"publishpress_future_workflow_manual_trigger":{"enabledWorkflows":[]},"_links":{"self":[{"href":"https:\/\/csdcab.ca\/en\/wp-json\/wp\/v2\/pages\/4980","targetHints":{"allow":["GET"]}}],"collection":[{"href":"https:\/\/csdcab.ca\/en\/wp-json\/wp\/v2\/pages"}],"about":[{"href":"https:\/\/csdcab.ca\/en\/wp-json\/wp\/v2\/types\/page"}],"author":[{"embeddable":true,"href":"https:\/\/csdcab.ca\/en\/wp-json\/wp\/v2\/users\/1"}],"replies":[{"embeddable":true,"href":"https:\/\/csdcab.ca\/en\/wp-json\/wp\/v2\/comments?post=4980"}],"version-history":[{"count":12,"href":"https:\/\/csdcab.ca\/en\/wp-json\/wp\/v2\/pages\/4980\/revisions"}],"predecessor-version":[{"id":26430,"href":"https:\/\/csdcab.ca\/en\/wp-json\/wp\/v2\/pages\/4980\/revisions\/26430"}],"up":[{"embeddable":true,"href":"https:\/\/csdcab.ca\/en\/wp-json\/wp\/v2\/pages\/764"}],"wp:attachment":[{"href":"https:\/\/csdcab.ca\/en\/wp-json\/wp\/v2\/media?parent=4980"}],"curies":[{"name":"wp","href":"https:\/\/api.w.org\/{rel}","templated":true}]}}