{"id":1955,"date":"2021-08-04T13:55:50","date_gmt":"2021-08-04T13:55:50","guid":{"rendered":"https:\/\/csdcab.tondesign.ca\/?page_id=1955"},"modified":"2022-02-17T09:50:03","modified_gmt":"2022-02-17T13:50:03","slug":"politique-dutilisation","status":"publish","type":"page","link":"https:\/\/csdcab.ca\/en\/politique-dutilisation\/","title":{"rendered":"Usage policy"},"content":{"rendered":"\t\t<div data-elementor-type=\"wp-page\" data-elementor-id=\"1955\" class=\"elementor elementor-1955\" data-elementor-post-type=\"page\">\n\t\t\t\t\t\t<section class=\"elementor-section elementor-top-section elementor-element elementor-element-7dde655 elementor-section-boxed elementor-section-height-default elementor-section-height-default\" data-id=\"7dde655\" data-element_type=\"section\" data-e-type=\"section\" data-settings=\"{&quot;jet_parallax_layout_list&quot;:[{&quot;jet_parallax_layout_image&quot;:{&quot;url&quot;:&quot;&quot;,&quot;id&quot;:&quot;&quot;,&quot;size&quot;:&quot;&quot;},&quot;_id&quot;:&quot;4f88a20&quot;,&quot;jet_parallax_layout_image_tablet&quot;:{&quot;url&quot;:&quot;&quot;,&quot;id&quot;:&quot;&quot;,&quot;size&quot;:&quot;&quot;},&quot;jet_parallax_layout_image_mobile&quot;:{&quot;url&quot;:&quot;&quot;,&quot;id&quot;:&quot;&quot;,&quot;size&quot;:&quot;&quot;},&quot;jet_parallax_layout_speed&quot;:{&quot;unit&quot;:&quot;%&quot;,&quot;size&quot;:50,&quot;sizes&quot;:[]},&quot;jet_parallax_layout_type&quot;:&quot;scroll&quot;,&quot;jet_parallax_layout_direction&quot;:&quot;1&quot;,&quot;jet_parallax_layout_fx_direction&quot;:null,&quot;jet_parallax_layout_z_index&quot;:&quot;&quot;,&quot;jet_parallax_layout_bg_x&quot;:50,&quot;jet_parallax_layout_bg_x_tablet&quot;:&quot;&quot;,&quot;jet_parallax_layout_bg_x_mobile&quot;:&quot;&quot;,&quot;jet_parallax_layout_bg_y&quot;:50,&quot;jet_parallax_layout_bg_y_tablet&quot;:&quot;&quot;,&quot;jet_parallax_layout_bg_y_mobile&quot;:&quot;&quot;,&quot;jet_parallax_layout_bg_size&quot;:&quot;auto&quot;,&quot;jet_parallax_layout_bg_size_tablet&quot;:&quot;&quot;,&quot;jet_parallax_layout_bg_size_mobile&quot;:&quot;&quot;,&quot;jet_parallax_layout_animation_prop&quot;:&quot;transform&quot;,&quot;jet_parallax_layout_on&quot;:[&quot;desktop&quot;,&quot;tablet&quot;]}]}\">\n\t\t\t\t\t\t<div class=\"elementor-container elementor-column-gap-default\">\n\t\t\t\t\t<div class=\"elementor-column elementor-col-100 elementor-top-column elementor-element elementor-element-d75443c\" data-id=\"d75443c\" data-element_type=\"column\" data-e-type=\"column\">\n\t\t\t<div class=\"elementor-widget-wrap elementor-element-populated\">\n\t\t\t\t\t\t<div class=\"elementor-element elementor-element-f9db26c elementor-widget elementor-widget-heading\" data-id=\"f9db26c\" data-element_type=\"widget\" data-e-type=\"widget\" data-widget_type=\"heading.default\">\n\t\t\t\t<div class=\"elementor-widget-container\">\n\t\t\t\t\t<h2 class=\"elementor-heading-title elementor-size-default\">Consentement<\/h2>\t\t\t\t<\/div>\n\t\t\t\t<\/div>\n\t\t\t\t<div class=\"elementor-element elementor-element-39dedc2 elementor-widget elementor-widget-text-editor\" data-id=\"39dedc2\" data-element_type=\"widget\" data-e-type=\"widget\" data-widget_type=\"text-editor.default\">\n\t\t\t\t<div class=\"elementor-widget-container\">\n\t\t\t\t\t\t\t\t\t<p>En utilisant notre site Web, vous acceptez notre clause de non-responsabilit\u00e9 et ses conditions.<\/p>\t\t\t\t\t\t\t\t<\/div>\n\t\t\t\t<\/div>\n\t\t\t\t<div class=\"elementor-element elementor-element-9dd0165 elementor-widget elementor-widget-heading\" data-id=\"9dd0165\" data-element_type=\"widget\" data-e-type=\"widget\" data-widget_type=\"heading.default\">\n\t\t\t\t<div class=\"elementor-widget-container\">\n\t\t\t\t\t<h2 class=\"elementor-heading-title elementor-size-default\">Mise \u00e0 jour<\/h2>\t\t\t\t<\/div>\n\t\t\t\t<\/div>\n\t\t\t\t<div class=\"elementor-element elementor-element-53d9768 elementor-widget elementor-widget-text-editor\" data-id=\"53d9768\" data-element_type=\"widget\" data-e-type=\"widget\" data-widget_type=\"text-editor.default\">\n\t\t\t\t<div class=\"elementor-widget-container\">\n\t\t\t\t\t\t\t\t\t<p>Toute mise \u00e0 jour ou modification de notre politique d\u2019utilisation sera affich\u00e9e sur notre page \u00ab Politique d\u2019utilisation \u00bb (la page Web o\u00f9 vous vous trouvez actuellement). Le Conseil scolaire de district catholique des Aurores bor\u00e9ales se r\u00e9serve le droit de r\u00e9viser les d\u00e9tails de sa politique d\u2019utilisation, sans pr\u00e9avis. Ces r\u00e9visions seront en vigueur d\u00e8s le moment de leur mise en ligne, \u00e0 moins d\u2019un avis contraire de notre part. Il est de votre responsabilit\u00e9 de vous tenir au courant de toute r\u00e9vision apport\u00e9e aux conditions d\u2019utilisation en v\u00e9rifiant la pr\u00e9sente page Web.<\/p>\t\t\t\t\t\t\t\t<\/div>\n\t\t\t\t<\/div>\n\t\t\t\t<div class=\"elementor-element elementor-element-c7459cc elementor-widget elementor-widget-heading\" data-id=\"c7459cc\" data-element_type=\"widget\" data-e-type=\"widget\" data-widget_type=\"heading.default\">\n\t\t\t\t<div class=\"elementor-widget-container\">\n\t\t\t\t\t<h2 class=\"elementor-heading-title elementor-size-default\">Erreurs et omissions<\/h2>\t\t\t\t<\/div>\n\t\t\t\t<\/div>\n\t\t\t\t<div class=\"elementor-element elementor-element-31dc32f elementor-widget elementor-widget-text-editor\" data-id=\"31dc32f\" data-element_type=\"widget\" data-e-type=\"widget\" data-widget_type=\"text-editor.default\">\n\t\t\t\t<div class=\"elementor-widget-container\">\n\t\t\t\t\t\t\t\t\t<p>Toutes les informations figurant sur notre site Web sont publi\u00e9es de bonne foi et \u00e0 titre d\u2019information g\u00e9n\u00e9rale uniquement. Les informations fournies sur le site Web du Conseil scolaire de district catholique des Aurores bor\u00e9ales sont strictement des indications g\u00e9n\u00e9rales sur des questions d\u2019int\u00e9r\u00eat. M\u00eame si nous prenons toutes les pr\u00e9cautions n\u00e9cessaires pour nous assurer que le contenu est \u00e0 la fois actuel et exact, des erreurs peuvent se produire. De plus, \u00e9tant donn\u00e9 la nature changeante des lois, des r\u00e8gles et des r\u00e8glements, il peut y avoir des retards, des omissions ou des inexactitudes dans les informations contenues. Le Conseil scolaire de district catholique des Aurores bor\u00e9ales n\u2019est pas responsable des erreurs ou omissions, ni des r\u00e9sultats obtenus par l\u2019utilisation de ces informations.<\/p>\t\t\t\t\t\t\t\t<\/div>\n\t\t\t\t<\/div>\n\t\t\t\t<div class=\"elementor-element elementor-element-45aa542 elementor-widget elementor-widget-heading\" data-id=\"45aa542\" data-element_type=\"widget\" data-e-type=\"widget\" data-widget_type=\"heading.default\">\n\t\t\t\t<div class=\"elementor-widget-container\">\n\t\t\t\t\t<h2 class=\"elementor-heading-title elementor-size-default\">Liens vers d'autres sites Web et des m\u00e9dias sociaux<\/h2>\t\t\t\t<\/div>\n\t\t\t\t<\/div>\n\t\t\t\t<div class=\"elementor-element elementor-element-5319d77 elementor-widget elementor-widget-text-editor\" data-id=\"5319d77\" data-element_type=\"widget\" data-e-type=\"widget\" data-widget_type=\"text-editor.default\">\n\t\t\t\t<div class=\"elementor-widget-container\">\n\t\t\t\t\t\t\t\t\t<p>Bien que nous nous efforcions de fournir des liens de qualit\u00e9 vers des sites Web utiles et \u00e9thiques, nous ne pouvons garantir l\u2019exactitude, la pertinence, l\u2019actualit\u00e9 ou l\u2019exhaustivit\u00e9 des informations figurant sur ceux-ci. Les propri\u00e9taires et le contenu des sites peuvent changer sans pr\u00e9avis. En outre, puisque ces autres sites Web et ces m\u00e9dias sociaux sont contr\u00f4l\u00e9s et administr\u00e9s par d\u2019autres personnes, nous ne pouvons pas garantir qu\u2019un lien fonctionnera, ni qu\u2019un service ou un contenu sera utile, appropri\u00e9, exempt de virus ou fiable.<\/p><p>\u00a0<\/p><p>Sachez \u00e9galement que, lorsque vous quittez notre site Web, d\u2019autres sites peuvent avoir des politiques de confidentialit\u00e9 et des conditions d\u2019utilisation diff\u00e9rentes, qui \u00e9chappent \u00e0 notre contr\u00f4le. Nous vous invitons donc \u00e0 prendre connaissance des politiques de ces sites.<\/p><p>\u00a0<\/p><p>Finalement, le Conseil scolaire de district catholique des Aurores bor\u00e9ales ne peut pas \u00eatre tenue responsable du niveau d\u2019accessibilit\u00e9 de ces sites Web.<\/p>\t\t\t\t\t\t\t\t<\/div>\n\t\t\t\t<\/div>\n\t\t\t\t<div class=\"elementor-element elementor-element-1fa2554 elementor-widget elementor-widget-heading\" data-id=\"1fa2554\" data-element_type=\"widget\" data-e-type=\"widget\" data-widget_type=\"heading.default\">\n\t\t\t\t<div class=\"elementor-widget-container\">\n\t\t\t\t\t<h2 class=\"elementor-heading-title elementor-size-default\">Confidentialit\u00e9<\/h2>\t\t\t\t<\/div>\n\t\t\t\t<\/div>\n\t\t\t\t<div class=\"elementor-element elementor-element-814abbd elementor-widget elementor-widget-text-editor\" data-id=\"814abbd\" data-element_type=\"widget\" data-e-type=\"widget\" data-widget_type=\"text-editor.default\">\n\t\t\t\t<div class=\"elementor-widget-container\">\n\t\t\t\t\t\t\t\t\t<p>Le respect de votre vie priv\u00e9e nous tient \u00e0 c\u0153ur. Si vous nous fournissez des renseignements personnels par l\u2019interm\u00e9diaire de ce site Web, nous les g\u00e8rerons conform\u00e9ment \u00e0 ce que nous annon\u00e7ons dans notre\u00a0<a href=\"\/confidentialite\/\">d\u00e9claration concernant la protection de la vie priv\u00e9e<\/a>.<\/p>\t\t\t\t\t\t\t\t<\/div>\n\t\t\t\t<\/div>\n\t\t\t\t<div class=\"elementor-element elementor-element-125262b elementor-widget elementor-widget-heading\" data-id=\"125262b\" data-element_type=\"widget\" data-e-type=\"widget\" data-widget_type=\"heading.default\">\n\t\t\t\t<div class=\"elementor-widget-container\">\n\t\t\t\t\t<h2 class=\"elementor-heading-title elementor-size-default\">Contactez-nous<\/h2>\t\t\t\t<\/div>\n\t\t\t\t<\/div>\n\t\t\t\t<div class=\"elementor-element elementor-element-2c23f8e elementor-widget elementor-widget-text-editor\" data-id=\"2c23f8e\" data-element_type=\"widget\" data-e-type=\"widget\" data-widget_type=\"text-editor.default\">\n\t\t\t\t<div class=\"elementor-widget-container\">\n\t\t\t\t\t\t\t\t\t<p>Si vous souhaitez obtenir de plus amples informations ou si vous avez des questions concernant la clause de non-responsabilit\u00e9 de notre site, veuillez communiquer avec nous par courrier \u00e9lectronique : <a title=\"info@csdcab.on.ca\" href=\"mailto:%69n%66%6f@csdc%61%62.on.ca\" rel=\"nofollow\" data-uw-styling-context=\"true\">info@csdcab.on.ca<\/a><\/p>\t\t\t\t\t\t\t\t<\/div>\n\t\t\t\t<\/div>\n\t\t\t\t\t<\/div>\n\t\t<\/div>\n\t\t\t\t\t<\/div>\n\t\t<\/section>\n\t\t\t\t<\/div>\n\t\t","protected":false},"excerpt":{"rendered":"<p>Consentement En utilisant notre site Web, vous acceptez notre clause de non-responsabilit\u00e9 et ses conditions. Mise \u00e0 jour Toute mise \u00e0 jour ou modification de notre politique d\u2019utilisation sera affich\u00e9e sur notre page \u00ab Politique d\u2019utilisation \u00bb (la page Web o\u00f9 vous vous trouvez actuellement). Le Conseil scolaire de district catholique des Aurores bor\u00e9ales se [&hellip;]<\/p>\n","protected":false},"author":1,"featured_media":0,"parent":0,"menu_order":0,"comment_status":"closed","ping_status":"closed","template":"elementor_header_footer","meta":{"_mc_calendar":[],"footnotes":""},"class_list":["post-1955","page","type-page","status-publish","hentry"],"yoast_head":"<!-- This site is optimized with the Yoast SEO plugin v27.4 - https:\/\/yoast.com\/product\/yoast-seo-wordpress\/ -->\n<title>Politique d&#039;utilisation - CSDC des Aurores bor\u00e9ales<\/title>\n<meta name=\"robots\" content=\"index, follow, max-snippet:-1, max-image-preview:large, max-video-preview:-1\" \/>\n<link rel=\"canonical\" href=\"https:\/\/csdcab.ca\/en\/politique-dutilisation\/\" \/>\n<meta property=\"og:locale\" content=\"en_US\" \/>\n<meta property=\"og:type\" content=\"article\" \/>\n<meta property=\"og:title\" content=\"Politique d&#039;utilisation - CSDC des Aurores bor\u00e9ales\" \/>\n<meta property=\"og:description\" content=\"Consentement En utilisant notre site Web, vous acceptez notre clause de non-responsabilit\u00e9 et ses conditions. Mise \u00e0 jour Toute mise \u00e0 jour ou modification de notre politique d\u2019utilisation sera affich\u00e9e sur notre page \u00ab Politique d\u2019utilisation \u00bb (la page Web o\u00f9 vous vous trouvez actuellement). Le Conseil scolaire de district catholique des Aurores bor\u00e9ales se [&hellip;]\" \/>\n<meta property=\"og:url\" content=\"https:\/\/csdcab.ca\/en\/politique-dutilisation\/\" \/>\n<meta property=\"og:site_name\" content=\"CSDC des Aurores bor\u00e9ales\" \/>\n<meta property=\"article:publisher\" content=\"https:\/\/www.facebook.com\/csdcab\" \/>\n<meta property=\"article:modified_time\" content=\"2022-02-17T13:50:03+00:00\" \/>\n<meta name=\"twitter:card\" content=\"summary_large_image\" \/>\n<meta name=\"twitter:site\" content=\"@csdcab\" \/>\n<meta name=\"twitter:label1\" content=\"Est. reading time\" \/>\n\t<meta name=\"twitter:data1\" content=\"3 minutes\" \/>\n<script type=\"application\/ld+json\" class=\"yoast-schema-graph\">{\"@context\":\"https:\\\/\\\/schema.org\",\"@graph\":[{\"@type\":\"WebPage\",\"@id\":\"https:\\\/\\\/csdcab.ca\\\/politique-dutilisation\\\/\",\"url\":\"https:\\\/\\\/csdcab.ca\\\/politique-dutilisation\\\/\",\"name\":\"Politique d'utilisation - CSDC des Aurores bor\u00e9ales\",\"isPartOf\":{\"@id\":\"https:\\\/\\\/csdcab.ca\\\/en\\\/#website\"},\"datePublished\":\"2021-08-04T13:55:50+00:00\",\"dateModified\":\"2022-02-17T13:50:03+00:00\",\"breadcrumb\":{\"@id\":\"https:\\\/\\\/csdcab.ca\\\/politique-dutilisation\\\/#breadcrumb\"},\"inLanguage\":\"en-CA\",\"potentialAction\":[{\"@type\":\"ReadAction\",\"target\":[\"https:\\\/\\\/csdcab.ca\\\/politique-dutilisation\\\/\"]}]},{\"@type\":\"BreadcrumbList\",\"@id\":\"https:\\\/\\\/csdcab.ca\\\/politique-dutilisation\\\/#breadcrumb\",\"itemListElement\":[{\"@type\":\"ListItem\",\"position\":1,\"name\":\"Accueil\",\"item\":\"https:\\\/\\\/csdcab.ca\\\/\"},{\"@type\":\"ListItem\",\"position\":2,\"name\":\"Politique d&rsquo;utilisation\"}]},{\"@type\":\"WebSite\",\"@id\":\"https:\\\/\\\/csdcab.ca\\\/en\\\/#website\",\"url\":\"https:\\\/\\\/csdcab.ca\\\/en\\\/\",\"name\":\"CSDC des Aurores bor\u00e9ales\",\"description\":\"CSDC des Aurores bor\u00e9ales\",\"publisher\":{\"@id\":\"https:\\\/\\\/csdcab.ca\\\/en\\\/#organization\"},\"potentialAction\":[{\"@type\":\"SearchAction\",\"target\":{\"@type\":\"EntryPoint\",\"urlTemplate\":\"https:\\\/\\\/csdcab.ca\\\/en\\\/?s={search_term_string}\"},\"query-input\":{\"@type\":\"PropertyValueSpecification\",\"valueRequired\":true,\"valueName\":\"search_term_string\"}}],\"inLanguage\":\"en-CA\"},{\"@type\":\"Organization\",\"@id\":\"https:\\\/\\\/csdcab.ca\\\/en\\\/#organization\",\"name\":\"CSDC des Aurores bor\u00e9ales\",\"url\":\"https:\\\/\\\/csdcab.ca\\\/en\\\/\",\"logo\":{\"@type\":\"ImageObject\",\"inLanguage\":\"en-CA\",\"@id\":\"https:\\\/\\\/csdcab.ca\\\/en\\\/#\\\/schema\\\/logo\\\/image\\\/\",\"url\":\"https:\\\/\\\/csdcab.ca\\\/wp-content\\\/uploads\\\/2021\\\/07\\\/logo_conseil.svg\",\"contentUrl\":\"https:\\\/\\\/csdcab.ca\\\/wp-content\\\/uploads\\\/2021\\\/07\\\/logo_conseil.svg\",\"width\":396.39,\"height\":107.15,\"caption\":\"CSDC des Aurores bor\u00e9ales\"},\"image\":{\"@id\":\"https:\\\/\\\/csdcab.ca\\\/en\\\/#\\\/schema\\\/logo\\\/image\\\/\"},\"sameAs\":[\"https:\\\/\\\/www.facebook.com\\\/csdcab\",\"https:\\\/\\\/x.com\\\/csdcab\",\"https:\\\/\\\/www.youtube.com\\\/channel\\\/UCTWQOPC_Kh8GvED-3AuBqZQ\"]}]}<\/script>\n<!-- \/ Yoast SEO plugin. -->","yoast_head_json":{"title":"Usage policy - Aurores bor\u00e9ales CSDC","robots":{"index":"index","follow":"follow","max-snippet":"max-snippet:-1","max-image-preview":"max-image-preview:large","max-video-preview":"max-video-preview:-1"},"canonical":"https:\/\/csdcab.ca\/en\/politique-dutilisation\/","og_locale":"en_US","og_type":"article","og_title":"Politique d'utilisation - CSDC des Aurores bor\u00e9ales","og_description":"Consentement En utilisant notre site Web, vous acceptez notre clause de non-responsabilit\u00e9 et ses conditions. Mise \u00e0 jour Toute mise \u00e0 jour ou modification de notre politique d\u2019utilisation sera affich\u00e9e sur notre page \u00ab Politique d\u2019utilisation \u00bb (la page Web o\u00f9 vous vous trouvez actuellement). Le Conseil scolaire de district catholique des Aurores bor\u00e9ales se [&hellip;]","og_url":"https:\/\/csdcab.ca\/en\/politique-dutilisation\/","og_site_name":"CSDC des Aurores bor\u00e9ales","article_publisher":"https:\/\/www.facebook.com\/csdcab","article_modified_time":"2022-02-17T13:50:03+00:00","twitter_card":"summary_large_image","twitter_site":"@csdcab","twitter_misc":{"Est. reading time":"3 minutes"},"schema":{"@context":"https:\/\/schema.org","@graph":[{"@type":"WebPage","@id":"https:\/\/csdcab.ca\/politique-dutilisation\/","url":"https:\/\/csdcab.ca\/politique-dutilisation\/","name":"Usage policy - Aurores bor\u00e9ales CSDC","isPartOf":{"@id":"https:\/\/csdcab.ca\/en\/#website"},"datePublished":"2021-08-04T13:55:50+00:00","dateModified":"2022-02-17T13:50:03+00:00","breadcrumb":{"@id":"https:\/\/csdcab.ca\/politique-dutilisation\/#breadcrumb"},"inLanguage":"en-CA","potentialAction":[{"@type":"ReadAction","target":["https:\/\/csdcab.ca\/politique-dutilisation\/"]}]},{"@type":"BreadcrumbList","@id":"https:\/\/csdcab.ca\/politique-dutilisation\/#breadcrumb","itemListElement":[{"@type":"ListItem","position":1,"name":"Accueil","item":"https:\/\/csdcab.ca\/"},{"@type":"ListItem","position":2,"name":"Politique d&rsquo;utilisation"}]},{"@type":"WebSite","@id":"https:\/\/csdcab.ca\/en\/#website","url":"https:\/\/csdcab.ca\/en\/","name":"Northern Lights CSDC","description":"Northern Lights CSDC","publisher":{"@id":"https:\/\/csdcab.ca\/en\/#organization"},"potentialAction":[{"@type":"SearchAction","target":{"@type":"EntryPoint","urlTemplate":"https:\/\/csdcab.ca\/en\/?s={search_term_string}"},"query-input":{"@type":"PropertyValueSpecification","valueRequired":true,"valueName":"search_term_string"}}],"inLanguage":"en-CA"},{"@type":"Organization","@id":"https:\/\/csdcab.ca\/en\/#organization","name":"Northern Lights CSDC","url":"https:\/\/csdcab.ca\/en\/","logo":{"@type":"ImageObject","inLanguage":"en-CA","@id":"https:\/\/csdcab.ca\/en\/#\/schema\/logo\/image\/","url":"https:\/\/csdcab.ca\/wp-content\/uploads\/2021\/07\/logo_conseil.svg","contentUrl":"https:\/\/csdcab.ca\/wp-content\/uploads\/2021\/07\/logo_conseil.svg","width":396.39,"height":107.15,"caption":"CSDC des Aurores bor\u00e9ales"},"image":{"@id":"https:\/\/csdcab.ca\/en\/#\/schema\/logo\/image\/"},"sameAs":["https:\/\/www.facebook.com\/csdcab","https:\/\/x.com\/csdcab","https:\/\/www.youtube.com\/channel\/UCTWQOPC_Kh8GvED-3AuBqZQ"]}]}},"publishpress_future_workflow_manual_trigger":{"enabledWorkflows":[]},"_links":{"self":[{"href":"https:\/\/csdcab.ca\/en\/wp-json\/wp\/v2\/pages\/1955","targetHints":{"allow":["GET"]}}],"collection":[{"href":"https:\/\/csdcab.ca\/en\/wp-json\/wp\/v2\/pages"}],"about":[{"href":"https:\/\/csdcab.ca\/en\/wp-json\/wp\/v2\/types\/page"}],"author":[{"embeddable":true,"href":"https:\/\/csdcab.ca\/en\/wp-json\/wp\/v2\/users\/1"}],"replies":[{"embeddable":true,"href":"https:\/\/csdcab.ca\/en\/wp-json\/wp\/v2\/comments?post=1955"}],"version-history":[{"count":12,"href":"https:\/\/csdcab.ca\/en\/wp-json\/wp\/v2\/pages\/1955\/revisions"}],"predecessor-version":[{"id":7594,"href":"https:\/\/csdcab.ca\/en\/wp-json\/wp\/v2\/pages\/1955\/revisions\/7594"}],"wp:attachment":[{"href":"https:\/\/csdcab.ca\/en\/wp-json\/wp\/v2\/media?parent=1955"}],"curies":[{"name":"wp","href":"https:\/\/api.w.org\/{rel}","templated":true}]}}