{"id":1946,"date":"2021-08-04T13:54:26","date_gmt":"2021-08-04T13:54:26","guid":{"rendered":"https:\/\/csdcab.tondesign.ca\/?page_id=1946"},"modified":"2022-02-17T09:49:15","modified_gmt":"2022-02-17T13:49:15","slug":"confidentialite","status":"publish","type":"page","link":"https:\/\/csdcab.ca\/en\/confidentialite\/","title":{"rendered":"Privacy"},"content":{"rendered":"\t\t<div data-elementor-type=\"wp-page\" data-elementor-id=\"1946\" class=\"elementor elementor-1946\" data-elementor-post-type=\"page\">\n\t\t\t\t\t\t<section class=\"elementor-section elementor-top-section elementor-element elementor-element-4027cd8 elementor-section-boxed elementor-section-height-default elementor-section-height-default\" data-id=\"4027cd8\" data-element_type=\"section\" data-e-type=\"section\" data-settings=\"{&quot;jet_parallax_layout_list&quot;:[{&quot;jet_parallax_layout_image&quot;:{&quot;url&quot;:&quot;&quot;,&quot;id&quot;:&quot;&quot;,&quot;size&quot;:&quot;&quot;},&quot;_id&quot;:&quot;8b458ba&quot;,&quot;jet_parallax_layout_image_tablet&quot;:{&quot;url&quot;:&quot;&quot;,&quot;id&quot;:&quot;&quot;,&quot;size&quot;:&quot;&quot;},&quot;jet_parallax_layout_image_mobile&quot;:{&quot;url&quot;:&quot;&quot;,&quot;id&quot;:&quot;&quot;,&quot;size&quot;:&quot;&quot;},&quot;jet_parallax_layout_speed&quot;:{&quot;unit&quot;:&quot;%&quot;,&quot;size&quot;:50,&quot;sizes&quot;:[]},&quot;jet_parallax_layout_type&quot;:&quot;scroll&quot;,&quot;jet_parallax_layout_direction&quot;:&quot;1&quot;,&quot;jet_parallax_layout_fx_direction&quot;:null,&quot;jet_parallax_layout_z_index&quot;:&quot;&quot;,&quot;jet_parallax_layout_bg_x&quot;:50,&quot;jet_parallax_layout_bg_x_tablet&quot;:&quot;&quot;,&quot;jet_parallax_layout_bg_x_mobile&quot;:&quot;&quot;,&quot;jet_parallax_layout_bg_y&quot;:50,&quot;jet_parallax_layout_bg_y_tablet&quot;:&quot;&quot;,&quot;jet_parallax_layout_bg_y_mobile&quot;:&quot;&quot;,&quot;jet_parallax_layout_bg_size&quot;:&quot;auto&quot;,&quot;jet_parallax_layout_bg_size_tablet&quot;:&quot;&quot;,&quot;jet_parallax_layout_bg_size_mobile&quot;:&quot;&quot;,&quot;jet_parallax_layout_animation_prop&quot;:&quot;transform&quot;,&quot;jet_parallax_layout_on&quot;:[&quot;desktop&quot;,&quot;tablet&quot;]}]}\">\n\t\t\t\t\t\t<div class=\"elementor-container elementor-column-gap-default\">\n\t\t\t\t\t<div class=\"elementor-column elementor-col-100 elementor-top-column elementor-element elementor-element-b5de02f\" data-id=\"b5de02f\" data-element_type=\"column\" data-e-type=\"column\">\n\t\t\t<div class=\"elementor-widget-wrap elementor-element-populated\">\n\t\t\t\t\t\t<div class=\"elementor-element elementor-element-64d2e6b elementor-widget elementor-widget-heading\" data-id=\"64d2e6b\" data-element_type=\"widget\" data-e-type=\"widget\" data-widget_type=\"heading.default\">\n\t\t\t\t<div class=\"elementor-widget-container\">\n\t\t\t\t\t<h2 class=\"elementor-heading-title elementor-size-default\">D\u00e9claration concernant la protection de la vie priv\u00e9<\/h2>\t\t\t\t<\/div>\n\t\t\t\t<\/div>\n\t\t\t\t<div class=\"elementor-element elementor-element-e672346 elementor-widget elementor-widget-text-editor\" data-id=\"e672346\" data-element_type=\"widget\" data-e-type=\"widget\" data-widget_type=\"text-editor.default\">\n\t\t\t\t<div class=\"elementor-widget-container\">\n\t\t\t\t\t\t\t\t\t<p>La pr\u00e9sente d\u00e9claration concernant la protection de la vie priv\u00e9e explique les pratiques actuelles de gestion de l\u2019information sur notre site Web.<\/p>\t\t\t\t\t\t\t\t<\/div>\n\t\t\t\t<\/div>\n\t\t\t\t<div class=\"elementor-element elementor-element-070f6a2 elementor-widget elementor-widget-heading\" data-id=\"070f6a2\" data-element_type=\"widget\" data-e-type=\"widget\" data-widget_type=\"heading.default\">\n\t\t\t\t<div class=\"elementor-widget-container\">\n\t\t\t\t\t<h2 class=\"elementor-heading-title elementor-size-default\">Notre engagement<\/h2>\t\t\t\t<\/div>\n\t\t\t\t<\/div>\n\t\t\t\t<div class=\"elementor-element elementor-element-c0e9bf3 elementor-widget elementor-widget-text-editor\" data-id=\"c0e9bf3\" data-element_type=\"widget\" data-e-type=\"widget\" data-widget_type=\"text-editor.default\">\n\t\t\t\t<div class=\"elementor-widget-container\">\n\t\t\t\t\t\t\t\t\t<p>Le Conseil scolaire de district catholique des Aurores bor\u00e9ales est engag\u00e9e \u00e0 prot\u00e9ger votre vie priv\u00e9e pendant que vous parcourez notre site Web. Aucun renseignement personnel n\u2019est demand\u00e9 sur notre site Web, \u00e0 moins que vous ne d\u00e9cidiez d\u2019entrer en contact avec nous, ce qui peut alors exiger la collecte de renseignements personnels.<\/p>\t\t\t\t\t\t\t\t<\/div>\n\t\t\t\t<\/div>\n\t\t\t\t<div class=\"elementor-element elementor-element-9122590 elementor-widget elementor-widget-heading\" data-id=\"9122590\" data-element_type=\"widget\" data-e-type=\"widget\" data-widget_type=\"heading.default\">\n\t\t\t\t<div class=\"elementor-widget-container\">\n\t\t\t\t\t<h2 class=\"elementor-heading-title elementor-size-default\">Collecte<\/h2>\t\t\t\t<\/div>\n\t\t\t\t<\/div>\n\t\t\t\t<div class=\"elementor-element elementor-element-1cb20ef elementor-widget elementor-widget-text-editor\" data-id=\"1cb20ef\" data-element_type=\"widget\" data-e-type=\"widget\" data-widget_type=\"text-editor.default\">\n\t\t\t\t<div class=\"elementor-widget-container\">\n\t\t\t\t\t\t\t\t\t<p>Nous pouvons uniquement recueillir les renseignements personnels dont la collecte est autoris\u00e9e par la loi ou n\u00e9cessaire \u00e0 l\u2019offre d\u2019un service. Nous recueillons les renseignements personnels directement aupr\u00e8s de vous, \u00e0 moins qu\u2019une autre m\u00e9thode de collecte soit autoris\u00e9e par la loi.<\/p>\t\t\t\t\t\t\t\t<\/div>\n\t\t\t\t<\/div>\n\t\t\t\t<div class=\"elementor-element elementor-element-fa9fa2d elementor-widget elementor-widget-heading\" data-id=\"fa9fa2d\" data-element_type=\"widget\" data-e-type=\"widget\" data-widget_type=\"heading.default\">\n\t\t\t\t<div class=\"elementor-widget-container\">\n\t\t\t\t\t<h2 class=\"elementor-heading-title elementor-size-default\">Utilisation<\/h2>\t\t\t\t<\/div>\n\t\t\t\t<\/div>\n\t\t\t\t<div class=\"elementor-element elementor-element-df1803c elementor-widget elementor-widget-text-editor\" data-id=\"df1803c\" data-element_type=\"widget\" data-e-type=\"widget\" data-widget_type=\"text-editor.default\">\n\t\t\t\t<div class=\"elementor-widget-container\">\n\t\t\t\t\t\t\t\t\t<p>Nous pouvons utiliser vos renseignements personnels uniquement dans le but pour lequel ils ont initialement \u00e9t\u00e9 recueillis, ou pour un usage coh\u00e9rent, \u00e0 moins que tout autre usage soit pr\u00e9cis\u00e9ment autoris\u00e9 par la loi.<\/p>\t\t\t\t\t\t\t\t<\/div>\n\t\t\t\t<\/div>\n\t\t\t\t<div class=\"elementor-element elementor-element-b76f5df elementor-widget elementor-widget-heading\" data-id=\"b76f5df\" data-element_type=\"widget\" data-e-type=\"widget\" data-widget_type=\"heading.default\">\n\t\t\t\t<div class=\"elementor-widget-container\">\n\t\t\t\t\t<h2 class=\"elementor-heading-title elementor-size-default\">Divulgation<\/h2>\t\t\t\t<\/div>\n\t\t\t\t<\/div>\n\t\t\t\t<div class=\"elementor-element elementor-element-73aeeaa elementor-widget elementor-widget-text-editor\" data-id=\"73aeeaa\" data-element_type=\"widget\" data-e-type=\"widget\" data-widget_type=\"text-editor.default\">\n\t\t\t\t<div class=\"elementor-widget-container\">\n\t\t\t\t\t\t\t\t\t<p>Nous pouvons uniquement divulguer les renseignements personnels si nous avons l\u2019autorit\u00e9 l\u00e9gale de le faire, ou s\u2019il s\u2019agit de la raison pour laquelle les renseignements ont \u00e9t\u00e9 recueillis en premier lieu.<\/p>\t\t\t\t\t\t\t\t<\/div>\n\t\t\t\t<\/div>\n\t\t\t\t<div class=\"elementor-element elementor-element-d418ad7 elementor-widget elementor-widget-heading\" data-id=\"d418ad7\" data-element_type=\"widget\" data-e-type=\"widget\" data-widget_type=\"heading.default\">\n\t\t\t\t<div class=\"elementor-widget-container\">\n\t\t\t\t\t<h2 class=\"elementor-heading-title elementor-size-default\">Cookies et analytique<\/h2>\t\t\t\t<\/div>\n\t\t\t\t<\/div>\n\t\t\t\t<div class=\"elementor-element elementor-element-0362f48 elementor-widget elementor-widget-text-editor\" data-id=\"0362f48\" data-element_type=\"widget\" data-e-type=\"widget\" data-widget_type=\"text-editor.default\">\n\t\t\t\t<div class=\"elementor-widget-container\">\n\t\t\t\t\t\t\t\t\t<p>Notre site Web utilise des t\u00e9moins de connexion\u00a0<em>(cookies)\u00a0<\/em>afin de vous offrir une exp\u00e9rience optimale. Les t\u00e9moins utilis\u00e9s par notre site Web ne nous donnent pas acc\u00e8s \u00e0 votre disque dur. Ils ne nous permettent pas non plus de modifier votre ordinateur. Ils sont encod\u00e9s pour des raisons de s\u00e9curit\u00e9, de sorte que tout renseignement m\u00e9moris\u00e9 sur le t\u00e9moin ne puisse \u00eatre lu que par nous. Nous utilisons deux sortes de t\u00e9moins : les t\u00e9moins de session (temporaires) et les t\u00e9moins persistants (utilisation \u00e0 long terme).\u00a0<strong>Si vous refusez les t\u00e9moins, il se peut que vous ne puissiez pas acc\u00e9der \u00e0 certaines caract\u00e9ristiques interactives de notre site Web.<\/strong><\/p>\t\t\t\t\t\t\t\t<\/div>\n\t\t\t\t<\/div>\n\t\t\t\t<div class=\"elementor-element elementor-element-a71bd1d elementor-widget elementor-widget-text-editor\" data-id=\"a71bd1d\" data-element_type=\"widget\" data-e-type=\"widget\" data-widget_type=\"text-editor.default\">\n\t\t\t\t<div class=\"elementor-widget-container\">\n\t\t\t\t\t\t\t\t\t<p><em>Un t\u00e9moin est un petit fichier-texte envoy\u00e9 d\u2019un serveur Internet et plac\u00e9 sur le disque dur de votre ordinateur. Les t\u00e9moins sont g\u00e9n\u00e9ralement utilis\u00e9s pour faciliter et acc\u00e9l\u00e9rer la navigation. Vous pouvez outiller votre navigateur d\u2019une fonction de d\u00e9tection et de rejet des t\u00e9moins, d\u2019acceptation des t\u00e9moins de tous les sites, ou d\u2019avertissement chaque fois qu\u2019un site veut vous envoyer un t\u00e9moin. Recourez aux fichiers \u00ab Aide \u00bb de votre navigateur pour apprendre comment proc\u00e9der \u00e0 ces choix. Google propose actuellement un module gratuit qui permet de d\u00e9sactiver les cookies de Google Analytics sur Internet Explorer (versions 7 et 8), Google Chrome (version 4.x et ult\u00e9rieure) et Mozilla Firefox (version 3.5 et ult\u00e9rieure).<\/em><\/p>\t\t\t\t\t\t\t\t<\/div>\n\t\t\t\t<\/div>\n\t\t\t\t<div class=\"elementor-element elementor-element-66cad1d elementor-widget elementor-widget-text-editor\" data-id=\"66cad1d\" data-element_type=\"widget\" data-e-type=\"widget\" data-widget_type=\"text-editor.default\">\n\t\t\t\t<div class=\"elementor-widget-container\">\n\t\t\t\t\t\t\t\t\t<p>Lorsque vous utilisez notre site Web, nos serveurs et\u00a0<em>Google Analytics<\/em>\u00a0recueillent automatiquement divers renseignements de base \u00e0 des fins de contr\u00f4le de la navigation et d\u2019\u00e9tablissement de statistiques. Les donn\u00e9es sont analys\u00e9es afin de d\u00e9terminer les tendances, la performance et les pistes d\u2019am\u00e9lioration de notre site Web. Il nous est impossible de vous identifier \u00e0 partir de ces renseignements. Nous recueillons les renseignements suivants :<\/p><p>\u00a0<\/p><ul><li>Les adresses IP des ordinateurs utilis\u00e9s pour acc\u00e9der \u00e0 notre site \u00e0 des fins de g\u00e9olocalisation;<\/li><li>Les syst\u00e8mes d\u2019exploitation et les types\/versions des navigateurs utilis\u00e9s pour acc\u00e9der \u00e0 notre site;<\/li><li>La langue du navigateur;<\/li><li>Les fournisseurs de service Internet et le type d\u2019appareil utilis\u00e9s par les visiteurs de notre site;<\/li><li>Les dates et les heures des acc\u00e8s \u00e0 notre site;<\/li><li>Les pages visit\u00e9es;<\/li><li>Les mots cl\u00e9s entr\u00e9s dans notre engin de recherche;<\/li><li>Les noms et tailles des fichiers t\u00e9l\u00e9charg\u00e9s.<\/li><\/ul><p>En r\u00e8gle g\u00e9n\u00e9rale, nous ne cherchons pas \u00e0 retrouver l\u2019identit\u00e9 des personnes visitant nos sites. Toutefois, si nous d\u00e9tectons une tentative d\u2019endommager notre site Web, nous prendrons les mesures appropri\u00e9es.<\/p>\t\t\t\t\t\t\t\t<\/div>\n\t\t\t\t<\/div>\n\t\t\t\t<div class=\"elementor-element elementor-element-9c34ab3 elementor-widget elementor-widget-heading\" data-id=\"9c34ab3\" data-element_type=\"widget\" data-e-type=\"widget\" data-widget_type=\"heading.default\">\n\t\t\t\t<div class=\"elementor-widget-container\">\n\t\t\t\t\t<h2 class=\"elementor-heading-title elementor-size-default\">Que se passe-t-il lorsque vous nous envoyez des renseignements personnels en ligne?<\/h2>\t\t\t\t<\/div>\n\t\t\t\t<\/div>\n\t\t\t\t<div class=\"elementor-element elementor-element-77d6676 elementor-widget elementor-widget-text-editor\" data-id=\"77d6676\" data-element_type=\"widget\" data-e-type=\"widget\" data-widget_type=\"text-editor.default\">\n\t\t\t\t<div class=\"elementor-widget-container\">\n\t\t\t\t\t\t\t\t\t<p>Vous pouvez d\u00e9cider de nous communiquer des renseignements personnels, comme votre nom, votre adresse, votre num\u00e9ro de t\u00e9l\u00e9phone, votre adresse \u00e9lectronique, si vous souhaitez, entre autres, envoyer un commentaire, une question, ou une demande par message \u00e9lectronique. Ces renseignements sont utilis\u00e9s pour r\u00e9pondre \u00e0 votre message ou traiter votre demande.<\/p>\t\t\t\t\t\t\t\t<\/div>\n\t\t\t\t<\/div>\n\t\t\t\t<div class=\"elementor-element elementor-element-ea3410d elementor-widget elementor-widget-heading\" data-id=\"ea3410d\" data-element_type=\"widget\" data-e-type=\"widget\" data-widget_type=\"heading.default\">\n\t\t\t\t<div class=\"elementor-widget-container\">\n\t\t\t\t\t<h2 class=\"elementor-heading-title elementor-size-default\">Questions<\/h2>\t\t\t\t<\/div>\n\t\t\t\t<\/div>\n\t\t\t\t<div class=\"elementor-element elementor-element-e27516a elementor-widget elementor-widget-text-editor\" data-id=\"e27516a\" data-element_type=\"widget\" data-e-type=\"widget\" data-widget_type=\"text-editor.default\">\n\t\t\t\t<div class=\"elementor-widget-container\">\n\t\t\t\t\t\t\t\t\t<p>Si vous souhaitez en savoir plus sur la fa\u00e7on de prot\u00e9ger votre vie priv\u00e9e, veuillez consulter le site Web du\u00a0<a href=\"https:\/\/www.ipc.on.ca\/?redirect=https:\/\/www.ipc.on.ca\/&amp;lang=fr\" target=\"_blank\" rel=\"noopener\">Bureau du commissaire \u00e0 l\u2019information et \u00e0 la protection de la vie priv\u00e9e de l\u2019Ontario<\/a>\u00a0ou son \u00e9quivalent dans votre lieu de r\u00e9sidence.<\/p>\t\t\t\t\t\t\t\t<\/div>\n\t\t\t\t<\/div>\n\t\t\t\t\t<\/div>\n\t\t<\/div>\n\t\t\t\t\t<\/div>\n\t\t<\/section>\n\t\t\t\t<\/div>\n\t\t","protected":false},"excerpt":{"rendered":"<p>D\u00e9claration concernant la protection de la vie priv\u00e9 La pr\u00e9sente d\u00e9claration concernant la protection de la vie priv\u00e9e explique les pratiques actuelles de gestion de l\u2019information sur notre site Web. Notre engagement Le Conseil scolaire de district catholique des Aurores bor\u00e9ales est engag\u00e9e \u00e0 prot\u00e9ger votre vie priv\u00e9e pendant que vous parcourez notre site Web. [&hellip;]<\/p>\n","protected":false},"author":1,"featured_media":0,"parent":0,"menu_order":0,"comment_status":"closed","ping_status":"closed","template":"elementor_header_footer","meta":{"_mc_calendar":[],"footnotes":""},"class_list":["post-1946","page","type-page","status-publish","hentry"],"yoast_head":"<!-- This site is optimized with the Yoast SEO plugin v27.2 - https:\/\/yoast.com\/product\/yoast-seo-wordpress\/ -->\n<title>Confidentialit\u00e9 - CSDC des Aurores bor\u00e9ales<\/title>\n<meta name=\"robots\" content=\"index, follow, max-snippet:-1, max-image-preview:large, max-video-preview:-1\" \/>\n<link rel=\"canonical\" href=\"https:\/\/csdcab.ca\/en\/confidentialite\/\" \/>\n<meta property=\"og:locale\" content=\"en_US\" \/>\n<meta property=\"og:type\" content=\"article\" \/>\n<meta property=\"og:title\" content=\"Confidentialit\u00e9 - CSDC des Aurores bor\u00e9ales\" \/>\n<meta property=\"og:description\" content=\"D\u00e9claration concernant la protection de la vie priv\u00e9 La pr\u00e9sente d\u00e9claration concernant la protection de la vie priv\u00e9e explique les pratiques actuelles de gestion de l\u2019information sur notre site Web. Notre engagement Le Conseil scolaire de district catholique des Aurores bor\u00e9ales est engag\u00e9e \u00e0 prot\u00e9ger votre vie priv\u00e9e pendant que vous parcourez notre site Web. [&hellip;]\" \/>\n<meta property=\"og:url\" content=\"https:\/\/csdcab.ca\/en\/confidentialite\/\" \/>\n<meta property=\"og:site_name\" content=\"CSDC des Aurores bor\u00e9ales\" \/>\n<meta property=\"article:publisher\" content=\"https:\/\/www.facebook.com\/csdcab\" \/>\n<meta property=\"article:modified_time\" content=\"2022-02-17T13:49:15+00:00\" \/>\n<meta name=\"twitter:card\" content=\"summary_large_image\" \/>\n<meta name=\"twitter:site\" content=\"@csdcab\" \/>\n<meta name=\"twitter:label1\" content=\"Est. reading time\" \/>\n\t<meta name=\"twitter:data1\" content=\"4 minutes\" \/>\n<script type=\"application\/ld+json\" class=\"yoast-schema-graph\">{\"@context\":\"https:\/\/schema.org\",\"@graph\":[{\"@type\":\"WebPage\",\"@id\":\"https:\/\/csdcab.ca\/confidentialite\/\",\"url\":\"https:\/\/csdcab.ca\/confidentialite\/\",\"name\":\"Confidentialit\u00e9 - CSDC des Aurores bor\u00e9ales\",\"isPartOf\":{\"@id\":\"https:\/\/csdcab.ca\/en\/#website\"},\"datePublished\":\"2021-08-04T13:54:26+00:00\",\"dateModified\":\"2022-02-17T13:49:15+00:00\",\"breadcrumb\":{\"@id\":\"https:\/\/csdcab.ca\/confidentialite\/#breadcrumb\"},\"inLanguage\":\"en-CA\",\"potentialAction\":[{\"@type\":\"ReadAction\",\"target\":[\"https:\/\/csdcab.ca\/confidentialite\/\"]}]},{\"@type\":\"BreadcrumbList\",\"@id\":\"https:\/\/csdcab.ca\/confidentialite\/#breadcrumb\",\"itemListElement\":[{\"@type\":\"ListItem\",\"position\":1,\"name\":\"Accueil\",\"item\":\"https:\/\/csdcab.ca\/\"},{\"@type\":\"ListItem\",\"position\":2,\"name\":\"Confidentialit\u00e9\"}]},{\"@type\":\"WebSite\",\"@id\":\"https:\/\/csdcab.ca\/en\/#website\",\"url\":\"https:\/\/csdcab.ca\/en\/\",\"name\":\"CSDC des Aurores bor\u00e9ales\",\"description\":\"CSDC des Aurores bor\u00e9ales\",\"publisher\":{\"@id\":\"https:\/\/csdcab.ca\/en\/#organization\"},\"potentialAction\":[{\"@type\":\"SearchAction\",\"target\":{\"@type\":\"EntryPoint\",\"urlTemplate\":\"https:\/\/csdcab.ca\/en\/?s={search_term_string}\"},\"query-input\":{\"@type\":\"PropertyValueSpecification\",\"valueRequired\":true,\"valueName\":\"search_term_string\"}}],\"inLanguage\":\"en-CA\"},{\"@type\":\"Organization\",\"@id\":\"https:\/\/csdcab.ca\/en\/#organization\",\"name\":\"CSDC des Aurores bor\u00e9ales\",\"url\":\"https:\/\/csdcab.ca\/en\/\",\"logo\":{\"@type\":\"ImageObject\",\"inLanguage\":\"en-CA\",\"@id\":\"https:\/\/csdcab.ca\/en\/#\/schema\/logo\/image\/\",\"url\":\"https:\/\/csdcab.ca\/wp-content\/uploads\/2021\/07\/logo_conseil.svg\",\"contentUrl\":\"https:\/\/csdcab.ca\/wp-content\/uploads\/2021\/07\/logo_conseil.svg\",\"width\":396.39,\"height\":107.15,\"caption\":\"CSDC des Aurores bor\u00e9ales\"},\"image\":{\"@id\":\"https:\/\/csdcab.ca\/en\/#\/schema\/logo\/image\/\"},\"sameAs\":[\"https:\/\/www.facebook.com\/csdcab\",\"https:\/\/x.com\/csdcab\",\"https:\/\/www.youtube.com\/channel\/UCTWQOPC_Kh8GvED-3AuBqZQ\"]}]}<\/script>\n<!-- \/ Yoast SEO plugin. -->","yoast_head_json":{"title":"Confidentiality - Aurores bor\u00e9ales CSDC","robots":{"index":"index","follow":"follow","max-snippet":"max-snippet:-1","max-image-preview":"max-image-preview:large","max-video-preview":"max-video-preview:-1"},"canonical":"https:\/\/csdcab.ca\/en\/confidentialite\/","og_locale":"en_US","og_type":"article","og_title":"Confidentialit\u00e9 - CSDC des Aurores bor\u00e9ales","og_description":"D\u00e9claration concernant la protection de la vie priv\u00e9 La pr\u00e9sente d\u00e9claration concernant la protection de la vie priv\u00e9e explique les pratiques actuelles de gestion de l\u2019information sur notre site Web. Notre engagement Le Conseil scolaire de district catholique des Aurores bor\u00e9ales est engag\u00e9e \u00e0 prot\u00e9ger votre vie priv\u00e9e pendant que vous parcourez notre site Web. [&hellip;]","og_url":"https:\/\/csdcab.ca\/en\/confidentialite\/","og_site_name":"CSDC des Aurores bor\u00e9ales","article_publisher":"https:\/\/www.facebook.com\/csdcab","article_modified_time":"2022-02-17T13:49:15+00:00","twitter_card":"summary_large_image","twitter_site":"@csdcab","twitter_misc":{"Est. reading time":"4 minutes"},"schema":{"@context":"https:\/\/schema.org","@graph":[{"@type":"WebPage","@id":"https:\/\/csdcab.ca\/confidentialite\/","url":"https:\/\/csdcab.ca\/confidentialite\/","name":"Confidentiality - Aurores bor\u00e9ales CSDC","isPartOf":{"@id":"https:\/\/csdcab.ca\/en\/#website"},"datePublished":"2021-08-04T13:54:26+00:00","dateModified":"2022-02-17T13:49:15+00:00","breadcrumb":{"@id":"https:\/\/csdcab.ca\/confidentialite\/#breadcrumb"},"inLanguage":"en-CA","potentialAction":[{"@type":"ReadAction","target":["https:\/\/csdcab.ca\/confidentialite\/"]}]},{"@type":"BreadcrumbList","@id":"https:\/\/csdcab.ca\/confidentialite\/#breadcrumb","itemListElement":[{"@type":"ListItem","position":1,"name":"Accueil","item":"https:\/\/csdcab.ca\/"},{"@type":"ListItem","position":2,"name":"Confidentialit\u00e9"}]},{"@type":"WebSite","@id":"https:\/\/csdcab.ca\/en\/#website","url":"https:\/\/csdcab.ca\/en\/","name":"Northern Lights CSDC","description":"Northern Lights CSDC","publisher":{"@id":"https:\/\/csdcab.ca\/en\/#organization"},"potentialAction":[{"@type":"SearchAction","target":{"@type":"EntryPoint","urlTemplate":"https:\/\/csdcab.ca\/en\/?s={search_term_string}"},"query-input":{"@type":"PropertyValueSpecification","valueRequired":true,"valueName":"search_term_string"}}],"inLanguage":"en-CA"},{"@type":"Organization","@id":"https:\/\/csdcab.ca\/en\/#organization","name":"Northern Lights CSDC","url":"https:\/\/csdcab.ca\/en\/","logo":{"@type":"ImageObject","inLanguage":"en-CA","@id":"https:\/\/csdcab.ca\/en\/#\/schema\/logo\/image\/","url":"https:\/\/csdcab.ca\/wp-content\/uploads\/2021\/07\/logo_conseil.svg","contentUrl":"https:\/\/csdcab.ca\/wp-content\/uploads\/2021\/07\/logo_conseil.svg","width":396.39,"height":107.15,"caption":"CSDC des Aurores bor\u00e9ales"},"image":{"@id":"https:\/\/csdcab.ca\/en\/#\/schema\/logo\/image\/"},"sameAs":["https:\/\/www.facebook.com\/csdcab","https:\/\/x.com\/csdcab","https:\/\/www.youtube.com\/channel\/UCTWQOPC_Kh8GvED-3AuBqZQ"]}]}},"publishpress_future_workflow_manual_trigger":{"enabledWorkflows":[]},"_links":{"self":[{"href":"https:\/\/csdcab.ca\/en\/wp-json\/wp\/v2\/pages\/1946","targetHints":{"allow":["GET"]}}],"collection":[{"href":"https:\/\/csdcab.ca\/en\/wp-json\/wp\/v2\/pages"}],"about":[{"href":"https:\/\/csdcab.ca\/en\/wp-json\/wp\/v2\/types\/page"}],"author":[{"embeddable":true,"href":"https:\/\/csdcab.ca\/en\/wp-json\/wp\/v2\/users\/1"}],"replies":[{"embeddable":true,"href":"https:\/\/csdcab.ca\/en\/wp-json\/wp\/v2\/comments?post=1946"}],"version-history":[{"count":9,"href":"https:\/\/csdcab.ca\/en\/wp-json\/wp\/v2\/pages\/1946\/revisions"}],"predecessor-version":[{"id":7585,"href":"https:\/\/csdcab.ca\/en\/wp-json\/wp\/v2\/pages\/1946\/revisions\/7585"}],"wp:attachment":[{"href":"https:\/\/csdcab.ca\/en\/wp-json\/wp\/v2\/media?parent=1946"}],"curies":[{"name":"wp","href":"https:\/\/api.w.org\/{rel}","templated":true}]}}