{"id":1643,"date":"2021-08-03T19:19:08","date_gmt":"2021-08-03T19:19:08","guid":{"rendered":"https:\/\/csdcab.tondesign.ca\/?page_id=1643"},"modified":"2022-11-07T12:17:06","modified_gmt":"2022-11-07T16:17:06","slug":"depistage-et-sympto%cc%82mes","status":"publish","type":"page","link":"https:\/\/csdcab.ca\/en\/mises-a-jour-covid-19\/depistage-et-sympto%cc%82mes\/","title":{"rendered":"Screening and symptoms"},"content":{"rendered":"\t\t<div data-elementor-type=\"wp-page\" data-elementor-id=\"1643\" class=\"elementor elementor-1643\" data-elementor-post-type=\"page\">\n\t\t\t\t\t\t<section class=\"elementor-section elementor-top-section elementor-element elementor-element-6226053 elementor-section-boxed elementor-section-height-default elementor-section-height-default\" data-id=\"6226053\" data-element_type=\"section\" data-e-type=\"section\" data-settings=\"{&quot;jet_parallax_layout_list&quot;:[{&quot;jet_parallax_layout_image&quot;:{&quot;url&quot;:&quot;&quot;,&quot;id&quot;:&quot;&quot;,&quot;size&quot;:&quot;&quot;},&quot;_id&quot;:&quot;7bf7aad&quot;,&quot;jet_parallax_layout_image_tablet&quot;:{&quot;url&quot;:&quot;&quot;,&quot;id&quot;:&quot;&quot;,&quot;size&quot;:&quot;&quot;},&quot;jet_parallax_layout_image_mobile&quot;:{&quot;url&quot;:&quot;&quot;,&quot;id&quot;:&quot;&quot;,&quot;size&quot;:&quot;&quot;},&quot;jet_parallax_layout_speed&quot;:{&quot;unit&quot;:&quot;%&quot;,&quot;size&quot;:50,&quot;sizes&quot;:[]},&quot;jet_parallax_layout_type&quot;:&quot;scroll&quot;,&quot;jet_parallax_layout_direction&quot;:&quot;1&quot;,&quot;jet_parallax_layout_fx_direction&quot;:null,&quot;jet_parallax_layout_z_index&quot;:&quot;&quot;,&quot;jet_parallax_layout_bg_x&quot;:50,&quot;jet_parallax_layout_bg_x_tablet&quot;:&quot;&quot;,&quot;jet_parallax_layout_bg_x_mobile&quot;:&quot;&quot;,&quot;jet_parallax_layout_bg_y&quot;:50,&quot;jet_parallax_layout_bg_y_tablet&quot;:&quot;&quot;,&quot;jet_parallax_layout_bg_y_mobile&quot;:&quot;&quot;,&quot;jet_parallax_layout_bg_size&quot;:&quot;auto&quot;,&quot;jet_parallax_layout_bg_size_tablet&quot;:&quot;&quot;,&quot;jet_parallax_layout_bg_size_mobile&quot;:&quot;&quot;,&quot;jet_parallax_layout_animation_prop&quot;:&quot;transform&quot;,&quot;jet_parallax_layout_on&quot;:[&quot;desktop&quot;,&quot;tablet&quot;]}]}\">\n\t\t\t\t\t\t<div class=\"elementor-container elementor-column-gap-default\">\n\t\t\t\t\t<div class=\"elementor-column elementor-col-100 elementor-top-column elementor-element elementor-element-638b76f\" data-id=\"638b76f\" data-element_type=\"column\" data-e-type=\"column\">\n\t\t\t<div class=\"elementor-widget-wrap elementor-element-populated\">\n\t\t\t\t\t\t<div class=\"elementor-element elementor-element-bf5f594 elementor-widget elementor-widget-heading\" data-id=\"bf5f594\" data-element_type=\"widget\" data-e-type=\"widget\" data-widget_type=\"heading.default\">\n\t\t\t\t<div class=\"elementor-widget-container\">\n\t\t\t\t\t<h2 class=\"elementor-heading-title elementor-size-default\">D\u00e9pistage<\/h2>\t\t\t\t<\/div>\n\t\t\t\t<\/div>\n\t\t\t\t<div class=\"elementor-element elementor-element-36816d7 elementor-widget elementor-widget-text-editor\" data-id=\"36816d7\" data-element_type=\"widget\" data-e-type=\"widget\" data-widget_type=\"text-editor.default\">\n\t\t\t\t<div class=\"elementor-widget-container\">\n\t\t\t\t\t\t\t\t\t<p style=\"font-weight: 400;\">Les \u00e9l\u00e8ves et les membres du personnel scolaire sont encourag\u00e9s de faire une auto-\u00e9valuation des sympt\u00f4mes de la COVID-19 avant de quitter la maison chaque jour.&nbsp;<\/p>\n<ul style=\"font-weight: 400;\">\n<li>Outil de d\u00e9pistage pour les \u00e9coles du gouvernement de l&rsquo;Ontario :&nbsp;<a href=\"https:\/\/covid-19.ontario.ca\/depistage-pour-les-ecoles\/\" target=\"_blank\" rel=\"noopener\">https:\/\/covid-19.ontario.ca\/depistage-pour-les-ecoles\/ Lien externe<\/a><\/li>\n<\/ul>\t\t\t\t\t\t\t\t<\/div>\n\t\t\t\t<\/div>\n\t\t\t\t<div class=\"elementor-element elementor-element-4c4b4a8 elementor-widget elementor-widget-heading\" data-id=\"4c4b4a8\" data-element_type=\"widget\" data-e-type=\"widget\" data-widget_type=\"heading.default\">\n\t\t\t\t<div class=\"elementor-widget-container\">\n\t\t\t\t\t<h3 class=\"elementor-heading-title elementor-size-default\">Centres de d\u00e9pistage :<\/h3>\t\t\t\t<\/div>\n\t\t\t\t<\/div>\n\t\t\t\t<div class=\"elementor-element elementor-element-7dc1982 elementor-widget elementor-widget-text-editor\" data-id=\"7dc1982\" data-element_type=\"widget\" data-e-type=\"widget\" data-widget_type=\"text-editor.default\">\n\t\t\t\t<div class=\"elementor-widget-container\">\n\t\t\t\t\t\t\t\t\t<ul><li><a href=\"https:\/\/www.tbdhu.com\/testinginfo\" target=\"_blank\" rel=\"noopener\">Thunder Bay et district <span class=\"sr-only\">Lien externe<\/span><i class=\"fas fa-external-link-alt\"><\/i><\/a><\/li><li><a href=\"https:\/\/www2.nwhu.on.ca\/covid-19\/\">Northwestern Health Unit <span class=\"sr-only\">Lien externe<\/span><i class=\"fas fa-external-link-alt\"><\/i><\/a>\u00a0(Ouest de Thunder Bay)<\/li><\/ul>\t\t\t\t\t\t\t\t<\/div>\n\t\t\t\t<\/div>\n\t\t\t\t<div class=\"elementor-element elementor-element-d93fd53 elementor-widget elementor-widget-heading\" data-id=\"d93fd53\" data-element_type=\"widget\" data-e-type=\"widget\" data-widget_type=\"heading.default\">\n\t\t\t\t<div class=\"elementor-widget-container\">\n\t\t\t\t\t<h2 class=\"elementor-heading-title elementor-size-default\">Retour \u00e0 l'\u00e9cole<\/h2>\t\t\t\t<\/div>\n\t\t\t\t<\/div>\n\t\t\t\t<div class=\"elementor-element elementor-element-3bc913b elementor-widget elementor-widget-text-editor\" data-id=\"3bc913b\" data-element_type=\"widget\" data-e-type=\"widget\" data-widget_type=\"text-editor.default\">\n\t\t\t\t<div class=\"elementor-widget-container\">\n\t\t\t\t\t\t\t\t\t<p><span class=\"TextRun SCXW90720332 BCX0\" lang=\"FR-CA\" xml:lang=\"FR-CA\" data-contrast=\"auto\"><span class=\"NormalTextRun SCXW90720332 BCX0\">Nous vous recommandons de suivre<\/span><span class=\"NormalTextRun SCXW90720332 BCX0\"> les consignes et prochaines \u00e9tapes qui vous ont \u00e9t\u00e9 donn\u00e9es par le r\u00e9sultat d\u2019outil de d\u00e9pistage ou la page\u00a0<\/span><\/span><a class=\"Hyperlink SCXW90720332 BCX0\" href=\"https:\/\/covid-19.ontario.ca\/fr\/expose\" target=\"_blank\" rel=\"noreferrer noopener\"><span class=\"TextRun Underlined SCXW90720332 BCX0\" lang=\"FR-CA\" xml:lang=\"FR-CA\" data-contrast=\"none\"><span class=\"NormalTextRun SCXW90720332 BCX0\" data-ccp-charstyle=\"Hyperlink\">Que faire si vous avez \u00e9t\u00e9 expos\u00e9 \u00e0 la COVID-19<\/span><\/span><\/a><span class=\"TextRun SCXW90720332 BCX0\" lang=\"FR-CA\" xml:lang=\"FR-CA\" data-contrast=\"auto\"><span class=\"NormalTextRun SCXW90720332 BCX0\">\u00a0<\/span><span class=\"NormalTextRun ContextualSpellingAndGrammarErrorV2 SCXW90720332 BCX0\">du<\/span><span class=\"NormalTextRun SCXW90720332 BCX0\">\u00a0gouvernement de l\u2019Ontario.<\/span><\/span><span class=\"TextRun SCXW90720332 BCX0\" lang=\"FR-CA\" xml:lang=\"FR-CA\" data-contrast=\"auto\"><span class=\"NormalTextRun SCXW90720332 BCX0\">\u00a0<\/span><\/span><span class=\"EOP SCXW90720332 BCX0\" data-ccp-props=\"{&quot;134233279&quot;:true,&quot;201341983&quot;:0,&quot;335559739&quot;:200,&quot;335559740&quot;:240}\">\u00a0<\/span><\/p>\t\t\t\t\t\t\t\t<\/div>\n\t\t\t\t<\/div>\n\t\t\t\t<div class=\"elementor-element elementor-element-43a83ce elementor-widget elementor-widget-heading\" data-id=\"43a83ce\" data-element_type=\"widget\" data-e-type=\"widget\" data-widget_type=\"heading.default\">\n\t\t\t\t<div class=\"elementor-widget-container\">\n\t\t\t\t\t<h2 class=\"elementor-heading-title elementor-size-default\">Proc\u00e9dures au cas o\u00f9 un \u00e9l\u00e8ve devient symptomatique \u00e0 l'\u00e9cole <\/h2>\t\t\t\t<\/div>\n\t\t\t\t<\/div>\n\t\t\t\t<div class=\"elementor-element elementor-element-b74f964 elementor-widget elementor-widget-text-editor\" data-id=\"b74f964\" data-element_type=\"widget\" data-e-type=\"widget\" data-widget_type=\"text-editor.default\">\n\t\t\t\t<div class=\"elementor-widget-container\">\n\t\t\t\t\t\t\t\t\t<ul>\n<li>D\u00e8s qu&rsquo;un \u00e9l\u00e8ve pr\u00e9sente des sympt\u00f4mes de la COVID-19 durant la journ\u00e9e scolaire, un membre du personnel avise le secr\u00e9tariat et remet un masque m\u00e9dical \u00e0 l&rsquo;\u00e9l\u00e8ve.<\/li>\n<li>Un membre du personnel se rend \u00e0 la salle de classe muni de sa visi\u00e8re et de son masque m\u00e9dical ou N95 et accompagne l\u2019\u00e9l\u00e8ve au local cibl\u00e9 pour fins d\u2019isolement.<\/li>\n<li>Le secr\u00e9tariat communique imm\u00e9diatement avec le parent et lui demande de se pr\u00e9senter \u00e0 l\u2019\u00e9cole afin de venir chercher rapidement son enfant.<\/li>\n<li>L\u2019enseignant titulaire reconduit les autres \u00e9l\u00e8ves de la classe \u00e0 l\u2019ext\u00e9rieur afin que le concierge puisse nettoyer et d\u00e9sinfecter la salle de classe et les autres locaux o\u00f9 s\u2019est rendu l\u2019\u00e9l\u00e8ve durant la journ\u00e9e.<\/li>\n<li>Lors de l\u2019arriv\u00e9e du parent, il sonne \u00e0 l\u2019interphone et la secr\u00e9taire avise le membre du personnel d\u00e9sign\u00e9 de l\u2019arriv\u00e9e du parent.<\/li>\n<li>Le membre du personnel d\u00e9sign\u00e9 accompagne l\u2019\u00e9l\u00e8ve \u00e0 la porte afin qu\u2019il puisse rejoindre son parent. (Au besoin, des tests antig\u00e9niques rapides seront \u00e9galement remis au parent.)<\/li>\n<li>Les locaux o\u00f9 se trouvait l&rsquo;\u00e9l\u00e8ve seront nettoy\u00e9s et d\u00e9sinfect\u00e9s et les activit\u00e9s scolaires habituelles peuvent \u00eatre maintenues sauf sous avis contraire du bureau de sant\u00e9 publique local.<\/li>\n<li>Tout \u00e9l\u00e8ve qui a \u00e9t\u00e9 proche de la personne qui pr\u00e9sente des sympt\u00f4mes pendant la journ\u00e9e scolaire peut continuer \u00e0 fr\u00e9quenter l&rsquo;\u00e9cole.<\/li>\n<\/ul>\t\t\t\t\t\t\t\t<\/div>\n\t\t\t\t<\/div>\n\t\t\t\t\t<\/div>\n\t\t<\/div>\n\t\t\t\t\t<\/div>\n\t\t<\/section>\n\t\t\t\t<\/div>\n\t\t","protected":false},"excerpt":{"rendered":"<p>D\u00e9pistage Les \u00e9l\u00e8ves et les membres du personnel scolaire sont encourag\u00e9s de faire une auto-\u00e9valuation des sympt\u00f4mes de la COVID-19 avant de quitter la maison chaque jour.&nbsp; Outil de d\u00e9pistage pour les \u00e9coles du gouvernement de l&rsquo;Ontario :&nbsp;https:\/\/covid-19.ontario.ca\/depistage-pour-les-ecoles\/ Lien externe Centres de d\u00e9pistage : Thunder Bay et district Lien externe Northwestern Health Unit Lien externe\u00a0(Ouest [&hellip;]<\/p>\n","protected":false},"author":1,"featured_media":0,"parent":1635,"menu_order":2,"comment_status":"closed","ping_status":"closed","template":"elementor_header_footer","meta":{"_mc_calendar":[],"footnotes":""},"class_list":["post-1643","page","type-page","status-publish","hentry"],"yoast_head":"<!-- This site is optimized with the Yoast SEO plugin v27.4 - https:\/\/yoast.com\/product\/yoast-seo-wordpress\/ -->\n<title>De\u0301pistage et sympto\u0302mes - CSDC des Aurores bor\u00e9ales<\/title>\n<meta name=\"robots\" content=\"index, follow, max-snippet:-1, max-image-preview:large, max-video-preview:-1\" \/>\n<link rel=\"canonical\" href=\"https:\/\/csdcab.ca\/en\/mises-a-jour-covid-19\/depistage-et-sympto\u0302mes\/\" \/>\n<meta property=\"og:locale\" content=\"en_US\" \/>\n<meta property=\"og:type\" content=\"article\" \/>\n<meta property=\"og:title\" content=\"De\u0301pistage et sympto\u0302mes - CSDC des Aurores bor\u00e9ales\" \/>\n<meta property=\"og:description\" content=\"D\u00e9pistage Les \u00e9l\u00e8ves et les membres du personnel scolaire sont encourag\u00e9s de faire une auto-\u00e9valuation des sympt\u00f4mes de la COVID-19 avant de quitter la maison chaque jour.&nbsp; Outil de d\u00e9pistage pour les \u00e9coles du gouvernement de l&rsquo;Ontario :&nbsp;https:\/\/covid-19.ontario.ca\/depistage-pour-les-ecoles\/ Lien externe Centres de d\u00e9pistage : Thunder Bay et district Lien externe Northwestern Health Unit Lien externe\u00a0(Ouest [&hellip;]\" \/>\n<meta property=\"og:url\" content=\"https:\/\/csdcab.ca\/en\/mises-a-jour-covid-19\/depistage-et-sympto\u0302mes\/\" \/>\n<meta property=\"og:site_name\" content=\"CSDC des Aurores bor\u00e9ales\" \/>\n<meta property=\"article:publisher\" content=\"https:\/\/www.facebook.com\/csdcab\" \/>\n<meta property=\"article:modified_time\" content=\"2022-11-07T16:17:06+00:00\" \/>\n<meta name=\"twitter:card\" content=\"summary_large_image\" \/>\n<meta name=\"twitter:site\" content=\"@csdcab\" \/>\n<meta name=\"twitter:label1\" content=\"Est. reading time\" \/>\n\t<meta name=\"twitter:data1\" content=\"2 minutes\" \/>\n<script type=\"application\/ld+json\" class=\"yoast-schema-graph\">{\"@context\":\"https:\\\/\\\/schema.org\",\"@graph\":[{\"@type\":\"WebPage\",\"@id\":\"https:\\\/\\\/csdcab.ca\\\/mises-a-jour-covid-19\\\/depistage-et-sympto%cc%82mes\\\/\",\"url\":\"https:\\\/\\\/csdcab.ca\\\/mises-a-jour-covid-19\\\/depistage-et-sympto%cc%82mes\\\/\",\"name\":\"De\u0301pistage et sympto\u0302mes - CSDC des Aurores bor\u00e9ales\",\"isPartOf\":{\"@id\":\"https:\\\/\\\/csdcab.ca\\\/en\\\/#website\"},\"datePublished\":\"2021-08-03T19:19:08+00:00\",\"dateModified\":\"2022-11-07T16:17:06+00:00\",\"breadcrumb\":{\"@id\":\"https:\\\/\\\/csdcab.ca\\\/mises-a-jour-covid-19\\\/depistage-et-sympto%cc%82mes\\\/#breadcrumb\"},\"inLanguage\":\"en-CA\",\"potentialAction\":[{\"@type\":\"ReadAction\",\"target\":[\"https:\\\/\\\/csdcab.ca\\\/mises-a-jour-covid-19\\\/depistage-et-sympto%cc%82mes\\\/\"]}]},{\"@type\":\"BreadcrumbList\",\"@id\":\"https:\\\/\\\/csdcab.ca\\\/mises-a-jour-covid-19\\\/depistage-et-sympto%cc%82mes\\\/#breadcrumb\",\"itemListElement\":[{\"@type\":\"ListItem\",\"position\":1,\"name\":\"Accueil\",\"item\":\"https:\\\/\\\/csdcab.ca\\\/\"},{\"@type\":\"ListItem\",\"position\":2,\"name\":\"Mises \u00e0 jour COVID-19\",\"item\":\"https:\\\/\\\/csdcab.ca\\\/?page_id=1635\"},{\"@type\":\"ListItem\",\"position\":3,\"name\":\"De\u0301pistage et sympto\u0302mes\"}]},{\"@type\":\"WebSite\",\"@id\":\"https:\\\/\\\/csdcab.ca\\\/en\\\/#website\",\"url\":\"https:\\\/\\\/csdcab.ca\\\/en\\\/\",\"name\":\"CSDC des Aurores bor\u00e9ales\",\"description\":\"CSDC des Aurores bor\u00e9ales\",\"publisher\":{\"@id\":\"https:\\\/\\\/csdcab.ca\\\/en\\\/#organization\"},\"potentialAction\":[{\"@type\":\"SearchAction\",\"target\":{\"@type\":\"EntryPoint\",\"urlTemplate\":\"https:\\\/\\\/csdcab.ca\\\/en\\\/?s={search_term_string}\"},\"query-input\":{\"@type\":\"PropertyValueSpecification\",\"valueRequired\":true,\"valueName\":\"search_term_string\"}}],\"inLanguage\":\"en-CA\"},{\"@type\":\"Organization\",\"@id\":\"https:\\\/\\\/csdcab.ca\\\/en\\\/#organization\",\"name\":\"CSDC des Aurores bor\u00e9ales\",\"url\":\"https:\\\/\\\/csdcab.ca\\\/en\\\/\",\"logo\":{\"@type\":\"ImageObject\",\"inLanguage\":\"en-CA\",\"@id\":\"https:\\\/\\\/csdcab.ca\\\/en\\\/#\\\/schema\\\/logo\\\/image\\\/\",\"url\":\"https:\\\/\\\/csdcab.ca\\\/wp-content\\\/uploads\\\/2021\\\/07\\\/logo_conseil.svg\",\"contentUrl\":\"https:\\\/\\\/csdcab.ca\\\/wp-content\\\/uploads\\\/2021\\\/07\\\/logo_conseil.svg\",\"width\":396.39,\"height\":107.15,\"caption\":\"CSDC des Aurores bor\u00e9ales\"},\"image\":{\"@id\":\"https:\\\/\\\/csdcab.ca\\\/en\\\/#\\\/schema\\\/logo\\\/image\\\/\"},\"sameAs\":[\"https:\\\/\\\/www.facebook.com\\\/csdcab\",\"https:\\\/\\\/x.com\\\/csdcab\",\"https:\\\/\\\/www.youtube.com\\\/channel\\\/UCTWQOPC_Kh8GvED-3AuBqZQ\"]}]}<\/script>\n<!-- \/ Yoast SEO plugin. -->","yoast_head_json":{"title":"Screening and symptoms - Aurores bor\u00e9ales CSDC","robots":{"index":"index","follow":"follow","max-snippet":"max-snippet:-1","max-image-preview":"max-image-preview:large","max-video-preview":"max-video-preview:-1"},"canonical":"https:\/\/csdcab.ca\/en\/mises-a-jour-covid-19\/depistage-et-sympto\u0302mes\/","og_locale":"en_US","og_type":"article","og_title":"De\u0301pistage et sympto\u0302mes - CSDC des Aurores bor\u00e9ales","og_description":"D\u00e9pistage Les \u00e9l\u00e8ves et les membres du personnel scolaire sont encourag\u00e9s de faire une auto-\u00e9valuation des sympt\u00f4mes de la COVID-19 avant de quitter la maison chaque jour.&nbsp; Outil de d\u00e9pistage pour les \u00e9coles du gouvernement de l&rsquo;Ontario :&nbsp;https:\/\/covid-19.ontario.ca\/depistage-pour-les-ecoles\/ Lien externe Centres de d\u00e9pistage : Thunder Bay et district Lien externe Northwestern Health Unit Lien externe\u00a0(Ouest [&hellip;]","og_url":"https:\/\/csdcab.ca\/en\/mises-a-jour-covid-19\/depistage-et-sympto\u0302mes\/","og_site_name":"CSDC des Aurores bor\u00e9ales","article_publisher":"https:\/\/www.facebook.com\/csdcab","article_modified_time":"2022-11-07T16:17:06+00:00","twitter_card":"summary_large_image","twitter_site":"@csdcab","twitter_misc":{"Est. reading time":"2 minutes"},"schema":{"@context":"https:\/\/schema.org","@graph":[{"@type":"WebPage","@id":"https:\/\/csdcab.ca\/mises-a-jour-covid-19\/depistage-et-sympto%cc%82mes\/","url":"https:\/\/csdcab.ca\/mises-a-jour-covid-19\/depistage-et-sympto%cc%82mes\/","name":"Screening and symptoms - Aurores bor\u00e9ales CSDC","isPartOf":{"@id":"https:\/\/csdcab.ca\/en\/#website"},"datePublished":"2021-08-03T19:19:08+00:00","dateModified":"2022-11-07T16:17:06+00:00","breadcrumb":{"@id":"https:\/\/csdcab.ca\/mises-a-jour-covid-19\/depistage-et-sympto%cc%82mes\/#breadcrumb"},"inLanguage":"en-CA","potentialAction":[{"@type":"ReadAction","target":["https:\/\/csdcab.ca\/mises-a-jour-covid-19\/depistage-et-sympto%cc%82mes\/"]}]},{"@type":"BreadcrumbList","@id":"https:\/\/csdcab.ca\/mises-a-jour-covid-19\/depistage-et-sympto%cc%82mes\/#breadcrumb","itemListElement":[{"@type":"ListItem","position":1,"name":"Accueil","item":"https:\/\/csdcab.ca\/"},{"@type":"ListItem","position":2,"name":"Mises \u00e0 jour COVID-19","item":"https:\/\/csdcab.ca\/?page_id=1635"},{"@type":"ListItem","position":3,"name":"De\u0301pistage et sympto\u0302mes"}]},{"@type":"WebSite","@id":"https:\/\/csdcab.ca\/en\/#website","url":"https:\/\/csdcab.ca\/en\/","name":"Northern Lights CSDC","description":"Northern Lights CSDC","publisher":{"@id":"https:\/\/csdcab.ca\/en\/#organization"},"potentialAction":[{"@type":"SearchAction","target":{"@type":"EntryPoint","urlTemplate":"https:\/\/csdcab.ca\/en\/?s={search_term_string}"},"query-input":{"@type":"PropertyValueSpecification","valueRequired":true,"valueName":"search_term_string"}}],"inLanguage":"en-CA"},{"@type":"Organization","@id":"https:\/\/csdcab.ca\/en\/#organization","name":"Northern Lights CSDC","url":"https:\/\/csdcab.ca\/en\/","logo":{"@type":"ImageObject","inLanguage":"en-CA","@id":"https:\/\/csdcab.ca\/en\/#\/schema\/logo\/image\/","url":"https:\/\/csdcab.ca\/wp-content\/uploads\/2021\/07\/logo_conseil.svg","contentUrl":"https:\/\/csdcab.ca\/wp-content\/uploads\/2021\/07\/logo_conseil.svg","width":396.39,"height":107.15,"caption":"CSDC des Aurores bor\u00e9ales"},"image":{"@id":"https:\/\/csdcab.ca\/en\/#\/schema\/logo\/image\/"},"sameAs":["https:\/\/www.facebook.com\/csdcab","https:\/\/x.com\/csdcab","https:\/\/www.youtube.com\/channel\/UCTWQOPC_Kh8GvED-3AuBqZQ"]}]}},"publishpress_future_workflow_manual_trigger":{"enabledWorkflows":[]},"_links":{"self":[{"href":"https:\/\/csdcab.ca\/en\/wp-json\/wp\/v2\/pages\/1643","targetHints":{"allow":["GET"]}}],"collection":[{"href":"https:\/\/csdcab.ca\/en\/wp-json\/wp\/v2\/pages"}],"about":[{"href":"https:\/\/csdcab.ca\/en\/wp-json\/wp\/v2\/types\/page"}],"author":[{"embeddable":true,"href":"https:\/\/csdcab.ca\/en\/wp-json\/wp\/v2\/users\/1"}],"replies":[{"embeddable":true,"href":"https:\/\/csdcab.ca\/en\/wp-json\/wp\/v2\/comments?post=1643"}],"version-history":[{"count":60,"href":"https:\/\/csdcab.ca\/en\/wp-json\/wp\/v2\/pages\/1643\/revisions"}],"predecessor-version":[{"id":10703,"href":"https:\/\/csdcab.ca\/en\/wp-json\/wp\/v2\/pages\/1643\/revisions\/10703"}],"up":[{"embeddable":true,"href":"https:\/\/csdcab.ca\/en\/wp-json\/wp\/v2\/pages\/1635"}],"wp:attachment":[{"href":"https:\/\/csdcab.ca\/en\/wp-json\/wp\/v2\/media?parent=1643"}],"curies":[{"name":"wp","href":"https:\/\/api.w.org\/{rel}","templated":true}]}}