{"id":1220,"date":"2021-07-30T19:41:51","date_gmt":"2021-07-30T19:41:51","guid":{"rendered":"https:\/\/csdcab.tondesign.ca\/?page_id=1220"},"modified":"2026-03-02T16:24:58","modified_gmt":"2026-03-02T21:24:58","slug":"admissibilite","status":"publish","type":"page","link":"https:\/\/csdcab.ca\/en\/inscription\/admissibilite\/","title":{"rendered":"Eligibility"},"content":{"rendered":"\t\t<div data-elementor-type=\"wp-page\" data-elementor-id=\"1220\" class=\"elementor elementor-1220\" data-elementor-post-type=\"page\">\n\t\t\t\t\t\t<section class=\"elementor-section elementor-top-section elementor-element elementor-element-64534b04 elementor-section-boxed elementor-section-height-default elementor-section-height-default\" data-id=\"64534b04\" data-element_type=\"section\" data-e-type=\"section\" data-settings=\"{&quot;jet_parallax_layout_list&quot;:[{&quot;jet_parallax_layout_image&quot;:{&quot;url&quot;:&quot;&quot;,&quot;id&quot;:&quot;&quot;,&quot;size&quot;:&quot;&quot;},&quot;_id&quot;:&quot;0f122b3&quot;,&quot;jet_parallax_layout_image_tablet&quot;:{&quot;url&quot;:&quot;&quot;,&quot;id&quot;:&quot;&quot;,&quot;size&quot;:&quot;&quot;},&quot;jet_parallax_layout_image_mobile&quot;:{&quot;url&quot;:&quot;&quot;,&quot;id&quot;:&quot;&quot;,&quot;size&quot;:&quot;&quot;},&quot;jet_parallax_layout_speed&quot;:{&quot;unit&quot;:&quot;%&quot;,&quot;size&quot;:50,&quot;sizes&quot;:[]},&quot;jet_parallax_layout_type&quot;:&quot;scroll&quot;,&quot;jet_parallax_layout_direction&quot;:&quot;1&quot;,&quot;jet_parallax_layout_fx_direction&quot;:null,&quot;jet_parallax_layout_z_index&quot;:&quot;&quot;,&quot;jet_parallax_layout_bg_x&quot;:50,&quot;jet_parallax_layout_bg_x_tablet&quot;:&quot;&quot;,&quot;jet_parallax_layout_bg_x_mobile&quot;:&quot;&quot;,&quot;jet_parallax_layout_bg_y&quot;:50,&quot;jet_parallax_layout_bg_y_tablet&quot;:&quot;&quot;,&quot;jet_parallax_layout_bg_y_mobile&quot;:&quot;&quot;,&quot;jet_parallax_layout_bg_size&quot;:&quot;auto&quot;,&quot;jet_parallax_layout_bg_size_tablet&quot;:&quot;&quot;,&quot;jet_parallax_layout_bg_size_mobile&quot;:&quot;&quot;,&quot;jet_parallax_layout_animation_prop&quot;:&quot;transform&quot;,&quot;jet_parallax_layout_on&quot;:[&quot;desktop&quot;,&quot;tablet&quot;]}]}\">\n\t\t\t\t\t\t<div class=\"elementor-container elementor-column-gap-no\">\n\t\t\t\t\t<div class=\"elementor-column elementor-col-50 elementor-top-column elementor-element elementor-element-4181422e\" data-id=\"4181422e\" data-element_type=\"column\" data-e-type=\"column\">\n\t\t\t<div class=\"elementor-widget-wrap elementor-element-populated\">\n\t\t\t\t\t\t<div class=\"elementor-element elementor-element-20d3a9b9 elementor-widget elementor-widget-text-editor\" data-id=\"20d3a9b9\" data-element_type=\"widget\" data-e-type=\"widget\" data-widget_type=\"text-editor.default\">\n\t\t\t\t<div class=\"elementor-widget-container\">\n\t\t\t\t\t\t\t\t\t<p>Nous accueillons dans nos \u00e9coles les \u00e9l\u00e8ves qui sont admissibles \u00e0 recevoir leur \u00e9ducation en fran\u00e7ais en vertu de la Charte canadienne des droits et libert\u00e9s et de la Loi sur l&rsquo;\u00e9ducation de l&rsquo;Ontario. Pour \u00eatre admissible, l&rsquo;\u00e9l\u00e8ve doit r\u00e9pondre aux crit\u00e8res suivants :<\/p><p>Selon l&rsquo;article 23 de la Charte canadienne des droits et libert\u00e9s, un \u00e9l\u00e8ve a le droit de fr\u00e9quenter une \u00e9cole de langue fran\u00e7aise si l&rsquo;un de ses parents est citoyen canadien :<\/p><ul><li>dont la premi\u00e8re langue apprise et encore comprise est le fran\u00e7ais; ou<\/li><li>qui a re\u00e7u son instruction au niveau primaire en fran\u00e7ais au Canada; ou<\/li><li>dont un enfant a re\u00e7u ou re\u00e7oit son instruction au niveau primaire ou secondaire en fran\u00e7ais au Canada.<\/li><\/ul><p>Selon la directive administrative\u00a0<a title=\"admissions.pdf\" href=\"https:\/\/csdcab.ca\/wp-content\/uploads\/2022\/09\/b018-d1_admission_accueil_et_accompagnement_des_eleves_dans_une_ecole_de_langue_francaise_220625-1.pdf\" target=\"_blank\" rel=\"noopener\">B-018-D-1 Admission, accueil et accompagnement dans une \u00e9cole de langue de fran\u00e7aise <span class=\"sr-only\">Lien externe<\/span><i class=\"fas fa-external-link-alt\"><\/i><\/a>, si un des grands parents de l&rsquo;\u00e9l\u00e8ve est un ayant droit ou si les parents sont issus de l&rsquo;immigration francophone ou allophone, un processus d&rsquo;admission acc\u00e9l\u00e9r\u00e9 est mis en place.<\/p>\t\t\t\t\t\t\t\t<\/div>\n\t\t\t\t<\/div>\n\t\t\t\t<div class=\"elementor-element elementor-element-7132a543 elementor-widget elementor-widget-heading\" data-id=\"7132a543\" data-element_type=\"widget\" data-e-type=\"widget\" data-widget_type=\"heading.default\">\n\t\t\t\t<div class=\"elementor-widget-container\">\n\t\t\t\t\t<h2 class=\"elementor-heading-title elementor-size-default\">Comit\u00e9 d'admission<\/h2>\t\t\t\t<\/div>\n\t\t\t\t<\/div>\n\t\t\t\t<div class=\"elementor-element elementor-element-3447a69 elementor-widget elementor-widget-text-editor\" data-id=\"3447a69\" data-element_type=\"widget\" data-e-type=\"widget\" data-widget_type=\"text-editor.default\">\n\t\t\t\t<div class=\"elementor-widget-container\">\n\t\t\t\t\t\t\t\t\t<p>Si ni l\u2019un ni l\u2019autre des parents ne rencontre un des crit\u00e8res \u00e9num\u00e9r\u00e9s ci-dessus, ils peuvent tout de m\u00eame soumettre une demande d\u2019admission. La premi\u00e8re \u00e9tape est de communiquer avec la direction de l\u2019\u00e9cole o\u00f9 vous aimeriez faire une demande d\u2019admission. La demande sera alors \u00e9tudi\u00e9e par le Conseil par l\u2019entremise d\u2019un comit\u00e9 d\u2019admission.<\/p>\t\t\t\t\t\t\t\t<\/div>\n\t\t\t\t<\/div>\n\t\t\t\t<div class=\"elementor-element elementor-element-3a4bf89 elementor-align-center elementor-widget elementor-widget-button\" data-id=\"3a4bf89\" data-element_type=\"widget\" data-e-type=\"widget\" data-widget_type=\"button.default\">\n\t\t\t\t<div class=\"elementor-widget-container\">\n\t\t\t\t\t\t\t\t\t<div class=\"elementor-button-wrapper\">\n\t\t\t\t\t<a class=\"elementor-button elementor-button-link elementor-size-md\" href=\"https:\/\/csdcab.ca\/wp-content\/uploads\/2025\/06\/Conditions-dadmissibilite_FR-EN.pdf\" target=\"_blank\">\n\t\t\t\t\t\t<span class=\"elementor-button-content-wrapper\">\n\t\t\t\t\t\t\t\t\t<span class=\"elementor-button-text\">Conditions d'admissibilit\u00e9s<\/span>\n\t\t\t\t\t<\/span>\n\t\t\t\t\t<\/a>\n\t\t\t\t<\/div>\n\t\t\t\t\t\t\t\t<\/div>\n\t\t\t\t<\/div>\n\t\t\t\t\t<\/div>\n\t\t<\/div>\n\t\t\t\t<div class=\"elementor-column elementor-col-50 elementor-top-column elementor-element elementor-element-471352dd\" data-id=\"471352dd\" data-element_type=\"column\" data-e-type=\"column\" data-settings=\"{&quot;background_background&quot;:&quot;classic&quot;}\">\n\t\t\t<div class=\"elementor-widget-wrap elementor-element-populated\">\n\t\t\t\t\t\t<div class=\"elementor-element elementor-element-ebb337c elementor-widget elementor-widget-spacer\" data-id=\"ebb337c\" data-element_type=\"widget\" data-e-type=\"widget\" data-widget_type=\"spacer.default\">\n\t\t\t\t<div class=\"elementor-widget-container\">\n\t\t\t\t\t\t\t<div class=\"elementor-spacer\">\n\t\t\t<div class=\"elementor-spacer-inner\"><\/div>\n\t\t<\/div>\n\t\t\t\t\t\t<\/div>\n\t\t\t\t<\/div>\n\t\t\t\t\t<\/div>\n\t\t<\/div>\n\t\t\t\t\t<\/div>\n\t\t<\/section>\n\t\t\t\t<section class=\"elementor-section elementor-top-section elementor-element elementor-element-359e5596 elementor-section-boxed elementor-section-height-default elementor-section-height-default\" data-id=\"359e5596\" data-element_type=\"section\" data-e-type=\"section\" data-settings=\"{&quot;jet_parallax_layout_list&quot;:[{&quot;jet_parallax_layout_image&quot;:{&quot;url&quot;:&quot;&quot;,&quot;id&quot;:&quot;&quot;,&quot;size&quot;:&quot;&quot;},&quot;_id&quot;:&quot;03f150d&quot;,&quot;jet_parallax_layout_image_tablet&quot;:{&quot;url&quot;:&quot;&quot;,&quot;id&quot;:&quot;&quot;,&quot;size&quot;:&quot;&quot;},&quot;jet_parallax_layout_image_mobile&quot;:{&quot;url&quot;:&quot;&quot;,&quot;id&quot;:&quot;&quot;,&quot;size&quot;:&quot;&quot;},&quot;jet_parallax_layout_speed&quot;:{&quot;unit&quot;:&quot;%&quot;,&quot;size&quot;:50,&quot;sizes&quot;:[]},&quot;jet_parallax_layout_type&quot;:&quot;scroll&quot;,&quot;jet_parallax_layout_direction&quot;:&quot;1&quot;,&quot;jet_parallax_layout_fx_direction&quot;:null,&quot;jet_parallax_layout_z_index&quot;:&quot;&quot;,&quot;jet_parallax_layout_bg_x&quot;:50,&quot;jet_parallax_layout_bg_x_tablet&quot;:&quot;&quot;,&quot;jet_parallax_layout_bg_x_mobile&quot;:&quot;&quot;,&quot;jet_parallax_layout_bg_y&quot;:50,&quot;jet_parallax_layout_bg_y_tablet&quot;:&quot;&quot;,&quot;jet_parallax_layout_bg_y_mobile&quot;:&quot;&quot;,&quot;jet_parallax_layout_bg_size&quot;:&quot;auto&quot;,&quot;jet_parallax_layout_bg_size_tablet&quot;:&quot;&quot;,&quot;jet_parallax_layout_bg_size_mobile&quot;:&quot;&quot;,&quot;jet_parallax_layout_animation_prop&quot;:&quot;transform&quot;,&quot;jet_parallax_layout_on&quot;:[&quot;desktop&quot;,&quot;tablet&quot;]}],&quot;background_background&quot;:&quot;classic&quot;}\">\n\t\t\t\t\t\t<div class=\"elementor-container elementor-column-gap-no\">\n\t\t\t\t\t<div class=\"elementor-column elementor-col-100 elementor-top-column elementor-element elementor-element-1d50357\" data-id=\"1d50357\" data-element_type=\"column\" data-e-type=\"column\">\n\t\t\t<div class=\"elementor-widget-wrap elementor-element-populated\">\n\t\t\t\t\t\t<div class=\"elementor-element elementor-element-1ca1c5e5 elementor-widget elementor-widget-heading\" data-id=\"1ca1c5e5\" data-element_type=\"widget\" data-e-type=\"widget\" data-widget_type=\"heading.default\">\n\t\t\t\t<div class=\"elementor-widget-container\">\n\t\t\t\t\t<h2 class=\"elementor-heading-title elementor-size-default\">\u00c2ge<\/h2>\t\t\t\t<\/div>\n\t\t\t\t<\/div>\n\t\t\t\t<div class=\"elementor-element elementor-element-1cafd25 elementor-widget elementor-widget-text-editor\" data-id=\"1cafd25\" data-element_type=\"widget\" data-e-type=\"widget\" data-widget_type=\"text-editor.default\">\n\t\t\t\t<div class=\"elementor-widget-container\">\n\t\t\t\t\t\t\t\t\t<p>Pour \u00eatre admis \u00e0 l&rsquo;\u00e9cole \u00e9l\u00e9mentaire l&rsquo;\u00e9l\u00e8ve doit :<\/p><ul><li>avoir atteint l&rsquo;\u00e2ge de 4 ans avant le 31 d\u00e9cembre de l&rsquo;ann\u00e9e scolaire en cours pour \u00eatre inscrit \u00e0 la maternelle;<\/li><li>avoir atteint l&rsquo;\u00e2ge de 5 ans avant le 31 d\u00e9cembre de l&rsquo;ann\u00e9e scolaire en cours pour \u00eatre inscrit au jardin;<\/li><li>avoir atteint l&rsquo;\u00e2ge de 6 ans avant le 31 d\u00e9cembre de l&rsquo;ann\u00e9e scolaire en cours pour \u00eatre inscrit \u00e0 la 1e ann\u00e9e.<\/li><\/ul>\t\t\t\t\t\t\t\t<\/div>\n\t\t\t\t<\/div>\n\t\t\t\t\t<\/div>\n\t\t<\/div>\n\t\t\t\t\t<\/div>\n\t\t<\/section>\n\t\t\t\t<\/div>\n\t\t","protected":false},"excerpt":{"rendered":"<p>Nous accueillons dans nos \u00e9coles les \u00e9l\u00e8ves qui sont admissibles \u00e0 recevoir leur \u00e9ducation en fran\u00e7ais en vertu de la Charte canadienne des droits et libert\u00e9s et de la Loi sur l&rsquo;\u00e9ducation de l&rsquo;Ontario. Pour \u00eatre admissible, l&rsquo;\u00e9l\u00e8ve doit r\u00e9pondre aux crit\u00e8res suivants : Selon l&rsquo;article 23 de la Charte canadienne des droits et libert\u00e9s, [&hellip;]<\/p>\n","protected":false},"author":1,"featured_media":0,"parent":1210,"menu_order":1,"comment_status":"closed","ping_status":"closed","template":"elementor_header_footer","meta":{"_mc_calendar":[],"footnotes":""},"class_list":["post-1220","page","type-page","status-publish","hentry"],"yoast_head":"<!-- This site is optimized with the Yoast SEO plugin v27.4 - https:\/\/yoast.com\/product\/yoast-seo-wordpress\/ -->\n<title>Admissibilite\u0301 - CSDC des Aurores bor\u00e9ales<\/title>\n<meta name=\"robots\" content=\"index, follow, max-snippet:-1, max-image-preview:large, max-video-preview:-1\" \/>\n<link rel=\"canonical\" href=\"https:\/\/csdcab.ca\/en\/inscription\/admissibilite\/\" \/>\n<meta property=\"og:locale\" content=\"en_US\" \/>\n<meta property=\"og:type\" content=\"article\" \/>\n<meta property=\"og:title\" content=\"Admissibilite\u0301 - CSDC des Aurores bor\u00e9ales\" \/>\n<meta property=\"og:description\" content=\"Nous accueillons dans nos \u00e9coles les \u00e9l\u00e8ves qui sont admissibles \u00e0 recevoir leur \u00e9ducation en fran\u00e7ais en vertu de la Charte canadienne des droits et libert\u00e9s et de la Loi sur l&rsquo;\u00e9ducation de l&rsquo;Ontario. Pour \u00eatre admissible, l&rsquo;\u00e9l\u00e8ve doit r\u00e9pondre aux crit\u00e8res suivants : Selon l&rsquo;article 23 de la Charte canadienne des droits et libert\u00e9s, [&hellip;]\" \/>\n<meta property=\"og:url\" content=\"https:\/\/csdcab.ca\/en\/inscription\/admissibilite\/\" \/>\n<meta property=\"og:site_name\" content=\"CSDC des Aurores bor\u00e9ales\" \/>\n<meta property=\"article:publisher\" content=\"https:\/\/www.facebook.com\/csdcab\" \/>\n<meta property=\"article:modified_time\" content=\"2026-03-02T21:24:58+00:00\" \/>\n<meta name=\"twitter:card\" content=\"summary_large_image\" \/>\n<meta name=\"twitter:site\" content=\"@csdcab\" \/>\n<meta name=\"twitter:label1\" content=\"Est. reading time\" \/>\n\t<meta name=\"twitter:data1\" content=\"2 minutes\" \/>\n<script type=\"application\/ld+json\" class=\"yoast-schema-graph\">{\"@context\":\"https:\\\/\\\/schema.org\",\"@graph\":[{\"@type\":\"WebPage\",\"@id\":\"https:\\\/\\\/csdcab.ca\\\/inscription\\\/admissibilite\\\/\",\"url\":\"https:\\\/\\\/csdcab.ca\\\/inscription\\\/admissibilite\\\/\",\"name\":\"Admissibilite\u0301 - CSDC des Aurores bor\u00e9ales\",\"isPartOf\":{\"@id\":\"https:\\\/\\\/csdcab.ca\\\/en\\\/#website\"},\"datePublished\":\"2021-07-30T19:41:51+00:00\",\"dateModified\":\"2026-03-02T21:24:58+00:00\",\"breadcrumb\":{\"@id\":\"https:\\\/\\\/csdcab.ca\\\/inscription\\\/admissibilite\\\/#breadcrumb\"},\"inLanguage\":\"en-CA\",\"potentialAction\":[{\"@type\":\"ReadAction\",\"target\":[\"https:\\\/\\\/csdcab.ca\\\/inscription\\\/admissibilite\\\/\"]}]},{\"@type\":\"BreadcrumbList\",\"@id\":\"https:\\\/\\\/csdcab.ca\\\/inscription\\\/admissibilite\\\/#breadcrumb\",\"itemListElement\":[{\"@type\":\"ListItem\",\"position\":1,\"name\":\"Accueil\",\"item\":\"https:\\\/\\\/csdcab.ca\\\/\"},{\"@type\":\"ListItem\",\"position\":2,\"name\":\"Inscription\",\"item\":\"https:\\\/\\\/csdcab.ca\\\/inscription\\\/\"},{\"@type\":\"ListItem\",\"position\":3,\"name\":\"Admissibilite\u0301\"}]},{\"@type\":\"WebSite\",\"@id\":\"https:\\\/\\\/csdcab.ca\\\/en\\\/#website\",\"url\":\"https:\\\/\\\/csdcab.ca\\\/en\\\/\",\"name\":\"CSDC des Aurores bor\u00e9ales\",\"description\":\"CSDC des Aurores bor\u00e9ales\",\"publisher\":{\"@id\":\"https:\\\/\\\/csdcab.ca\\\/en\\\/#organization\"},\"potentialAction\":[{\"@type\":\"SearchAction\",\"target\":{\"@type\":\"EntryPoint\",\"urlTemplate\":\"https:\\\/\\\/csdcab.ca\\\/en\\\/?s={search_term_string}\"},\"query-input\":{\"@type\":\"PropertyValueSpecification\",\"valueRequired\":true,\"valueName\":\"search_term_string\"}}],\"inLanguage\":\"en-CA\"},{\"@type\":\"Organization\",\"@id\":\"https:\\\/\\\/csdcab.ca\\\/en\\\/#organization\",\"name\":\"CSDC des Aurores bor\u00e9ales\",\"url\":\"https:\\\/\\\/csdcab.ca\\\/en\\\/\",\"logo\":{\"@type\":\"ImageObject\",\"inLanguage\":\"en-CA\",\"@id\":\"https:\\\/\\\/csdcab.ca\\\/en\\\/#\\\/schema\\\/logo\\\/image\\\/\",\"url\":\"https:\\\/\\\/csdcab.ca\\\/wp-content\\\/uploads\\\/2021\\\/07\\\/logo_conseil.svg\",\"contentUrl\":\"https:\\\/\\\/csdcab.ca\\\/wp-content\\\/uploads\\\/2021\\\/07\\\/logo_conseil.svg\",\"width\":396.39,\"height\":107.15,\"caption\":\"CSDC des Aurores bor\u00e9ales\"},\"image\":{\"@id\":\"https:\\\/\\\/csdcab.ca\\\/en\\\/#\\\/schema\\\/logo\\\/image\\\/\"},\"sameAs\":[\"https:\\\/\\\/www.facebook.com\\\/csdcab\",\"https:\\\/\\\/x.com\\\/csdcab\",\"https:\\\/\\\/www.youtube.com\\\/channel\\\/UCTWQOPC_Kh8GvED-3AuBqZQ\"]}]}<\/script>\n<!-- \/ Yoast SEO plugin. -->","yoast_head_json":{"title":"Eligibility - Aurores bor\u00e9ales CSDC","robots":{"index":"index","follow":"follow","max-snippet":"max-snippet:-1","max-image-preview":"max-image-preview:large","max-video-preview":"max-video-preview:-1"},"canonical":"https:\/\/csdcab.ca\/en\/inscription\/admissibilite\/","og_locale":"en_US","og_type":"article","og_title":"Admissibilite\u0301 - CSDC des Aurores bor\u00e9ales","og_description":"Nous accueillons dans nos \u00e9coles les \u00e9l\u00e8ves qui sont admissibles \u00e0 recevoir leur \u00e9ducation en fran\u00e7ais en vertu de la Charte canadienne des droits et libert\u00e9s et de la Loi sur l&rsquo;\u00e9ducation de l&rsquo;Ontario. Pour \u00eatre admissible, l&rsquo;\u00e9l\u00e8ve doit r\u00e9pondre aux crit\u00e8res suivants : Selon l&rsquo;article 23 de la Charte canadienne des droits et libert\u00e9s, [&hellip;]","og_url":"https:\/\/csdcab.ca\/en\/inscription\/admissibilite\/","og_site_name":"CSDC des Aurores bor\u00e9ales","article_publisher":"https:\/\/www.facebook.com\/csdcab","article_modified_time":"2026-03-02T21:24:58+00:00","twitter_card":"summary_large_image","twitter_site":"@csdcab","twitter_misc":{"Est. reading time":"2 minutes"},"schema":{"@context":"https:\/\/schema.org","@graph":[{"@type":"WebPage","@id":"https:\/\/csdcab.ca\/inscription\/admissibilite\/","url":"https:\/\/csdcab.ca\/inscription\/admissibilite\/","name":"Eligibility - Aurores bor\u00e9ales CSDC","isPartOf":{"@id":"https:\/\/csdcab.ca\/en\/#website"},"datePublished":"2021-07-30T19:41:51+00:00","dateModified":"2026-03-02T21:24:58+00:00","breadcrumb":{"@id":"https:\/\/csdcab.ca\/inscription\/admissibilite\/#breadcrumb"},"inLanguage":"en-CA","potentialAction":[{"@type":"ReadAction","target":["https:\/\/csdcab.ca\/inscription\/admissibilite\/"]}]},{"@type":"BreadcrumbList","@id":"https:\/\/csdcab.ca\/inscription\/admissibilite\/#breadcrumb","itemListElement":[{"@type":"ListItem","position":1,"name":"Accueil","item":"https:\/\/csdcab.ca\/"},{"@type":"ListItem","position":2,"name":"Inscription","item":"https:\/\/csdcab.ca\/inscription\/"},{"@type":"ListItem","position":3,"name":"Admissibilite\u0301"}]},{"@type":"WebSite","@id":"https:\/\/csdcab.ca\/en\/#website","url":"https:\/\/csdcab.ca\/en\/","name":"Northern Lights CSDC","description":"Northern Lights CSDC","publisher":{"@id":"https:\/\/csdcab.ca\/en\/#organization"},"potentialAction":[{"@type":"SearchAction","target":{"@type":"EntryPoint","urlTemplate":"https:\/\/csdcab.ca\/en\/?s={search_term_string}"},"query-input":{"@type":"PropertyValueSpecification","valueRequired":true,"valueName":"search_term_string"}}],"inLanguage":"en-CA"},{"@type":"Organization","@id":"https:\/\/csdcab.ca\/en\/#organization","name":"Northern Lights CSDC","url":"https:\/\/csdcab.ca\/en\/","logo":{"@type":"ImageObject","inLanguage":"en-CA","@id":"https:\/\/csdcab.ca\/en\/#\/schema\/logo\/image\/","url":"https:\/\/csdcab.ca\/wp-content\/uploads\/2021\/07\/logo_conseil.svg","contentUrl":"https:\/\/csdcab.ca\/wp-content\/uploads\/2021\/07\/logo_conseil.svg","width":396.39,"height":107.15,"caption":"CSDC des Aurores bor\u00e9ales"},"image":{"@id":"https:\/\/csdcab.ca\/en\/#\/schema\/logo\/image\/"},"sameAs":["https:\/\/www.facebook.com\/csdcab","https:\/\/x.com\/csdcab","https:\/\/www.youtube.com\/channel\/UCTWQOPC_Kh8GvED-3AuBqZQ"]}]}},"publishpress_future_workflow_manual_trigger":{"enabledWorkflows":[]},"_links":{"self":[{"href":"https:\/\/csdcab.ca\/en\/wp-json\/wp\/v2\/pages\/1220","targetHints":{"allow":["GET"]}}],"collection":[{"href":"https:\/\/csdcab.ca\/en\/wp-json\/wp\/v2\/pages"}],"about":[{"href":"https:\/\/csdcab.ca\/en\/wp-json\/wp\/v2\/types\/page"}],"author":[{"embeddable":true,"href":"https:\/\/csdcab.ca\/en\/wp-json\/wp\/v2\/users\/1"}],"replies":[{"embeddable":true,"href":"https:\/\/csdcab.ca\/en\/wp-json\/wp\/v2\/comments?post=1220"}],"version-history":[{"count":12,"href":"https:\/\/csdcab.ca\/en\/wp-json\/wp\/v2\/pages\/1220\/revisions"}],"predecessor-version":[{"id":28667,"href":"https:\/\/csdcab.ca\/en\/wp-json\/wp\/v2\/pages\/1220\/revisions\/28667"}],"up":[{"embeddable":true,"href":"https:\/\/csdcab.ca\/en\/wp-json\/wp\/v2\/pages\/1210"}],"wp:attachment":[{"href":"https:\/\/csdcab.ca\/en\/wp-json\/wp\/v2\/media?parent=1220"}],"curies":[{"name":"wp","href":"https:\/\/api.w.org\/{rel}","templated":true}]}}